{"id":84,"date":"2017-11-29T17:55:13","date_gmt":"2017-11-29T17:55:13","guid":{"rendered":"http:\/\/jakunaho.fi\/home\/?page_id=84"},"modified":"2020-03-18T17:40:18","modified_gmt":"2020-03-18T17:40:18","slug":"minun-elamassani-on","status":"publish","type":"page","link":"https:\/\/jakunaho.sekuvain.fi\/?page_id=84","title":{"rendered":"El\u00e4m\u00e4ss\u00e4ni on"},"content":{"rendered":"<p><span style=\"color: #000000;\">mies, kaksi kanaa, kukko, kaksi kissaa ja kaksi lammasta. Veli, \u00e4iti, is\u00e4. Pienen matkan p\u00e4\u00e4ss\u00e4 sitten yst\u00e4v\u00e4t, toverit. Ty\u00f6t.<\/span><\/p>\n","protected":false},"excerpt":{"rendered":"<p>mies, kaksi kanaa, kukko, kaksi kissaa ja kaksi lammasta. Veli, \u00e4iti, is\u00e4. Pienen matkan p\u00e4\u00e4ss\u00e4 sitten yst\u00e4v\u00e4t, toverit. Ty\u00f6t.<\/p>\n","protected":false},"author":1,"featured_media":0,"parent":91,"menu_order":0,"comment_status":"closed","ping_status":"closed","template":"","meta":[],"_links":{"self":[{"href":"https:\/\/jakunaho.sekuvain.fi\/index.php?rest_route=\/wp\/v2\/pages\/84"}],"collection":[{"href":"https:\/\/jakunaho.sekuvain.fi\/index.php?rest_route=\/wp\/v2\/pages"}],"about":[{"href":"https:\/\/jakunaho.sekuvain.fi\/index.php?rest_route=\/wp\/v2\/types\/page"}],"author":[{"embeddable":true,"href":"https:\/\/jakunaho.sekuvain.fi\/index.php?rest_route=\/wp\/v2\/users\/1"}],"replies":[{"embeddable":true,"href":"https:\/\/jakunaho.sekuvain.fi\/index.php?rest_route=%2Fwp%2Fv2%2Fcomments&post=84"}],"version-history":[{"count":6,"href":"https:\/\/jakunaho.sekuvain.fi\/index.php?rest_route=\/wp\/v2\/pages\/84\/revisions"}],"predecessor-version":[{"id":494,"href":"https:\/\/jakunaho.sekuvain.fi\/index.php?rest_route=\/wp\/v2\/pages\/84\/revisions\/494"}],"up":[{"embeddable":true,"href":"https:\/\/jakunaho.sekuvain.fi\/index.php?rest_route=\/wp\/v2\/pages\/91"}],"wp:attachment":[{"href":"https:\/\/jakunaho.sekuvain.fi\/index.php?rest_route=%2Fwp%2Fv2%2Fmedia&parent=84"}],"curies":[{"name":"wp","href":"https:\/\/api.w.org\/{rel}","templated":true}]}}