{"id":73,"date":"2017-11-29T16:48:08","date_gmt":"2017-11-29T16:48:08","guid":{"rendered":"http:\/\/jakunaho.fi\/home\/?page_id=73"},"modified":"2017-12-10T10:29:08","modified_gmt":"2017-12-10T10:29:08","slug":"mina-olen","status":"publish","type":"page","link":"https:\/\/jakunaho.sekuvain.fi\/?page_id=73","title":{"rendered":"Olen"},"content":{"rendered":"<p><a href=\"https:\/\/i2.wp.com\/jakunaho.fi\/home\/wp-content\/uploads\/2017\/11\/fullsizeoutput_57.jpeg\"><img data-attachment-id=\"28\" data-permalink=\"https:\/\/jakunaho.sekuvain.fi\/?attachment_id=28\" data-orig-file=\"https:\/\/i2.wp.com\/jakunaho.sekuvain.fi\/wp-content\/uploads\/2017\/11\/fullsizeoutput_57.jpeg?fit=1280%2C960&amp;ssl=1\" data-orig-size=\"1280,960\" data-comments-opened=\"1\" data-image-meta=\"{&quot;aperture&quot;:&quot;2.4&quot;,&quot;credit&quot;:&quot;&quot;,&quot;camera&quot;:&quot;iPhone SE&quot;,&quot;caption&quot;:&quot;&quot;,&quot;created_timestamp&quot;:&quot;1499720836&quot;,&quot;copyright&quot;:&quot;&quot;,&quot;focal_length&quot;:&quot;2.15&quot;,&quot;iso&quot;:&quot;320&quot;,&quot;shutter_speed&quot;:&quot;0.03030303030303&quot;,&quot;title&quot;:&quot;&quot;,&quot;orientation&quot;:&quot;0&quot;}\" data-image-title=\"fullsizeoutput_57\" data-image-description=\"\" data-medium-file=\"https:\/\/i2.wp.com\/jakunaho.sekuvain.fi\/wp-content\/uploads\/2017\/11\/fullsizeoutput_57.jpeg?fit=300%2C225&amp;ssl=1\" data-large-file=\"https:\/\/i2.wp.com\/jakunaho.sekuvain.fi\/wp-content\/uploads\/2017\/11\/fullsizeoutput_57.jpeg?fit=756%2C567&amp;ssl=1\" decoding=\"async\" loading=\"lazy\" class=\"alignnone size-medium wp-image-28\" src=\"https:\/\/i0.wp.com\/jakunaho.fi\/home\/wp-content\/uploads\/2017\/11\/fullsizeoutput_57-300x225.jpeg?resize=300%2C225\" alt=\"\" width=\"300\" height=\"225\" srcset=\"https:\/\/i2.wp.com\/jakunaho.sekuvain.fi\/wp-content\/uploads\/2017\/11\/fullsizeoutput_57.jpeg?resize=300%2C225&amp;ssl=1 300w, https:\/\/i2.wp.com\/jakunaho.sekuvain.fi\/wp-content\/uploads\/2017\/11\/fullsizeoutput_57.jpeg?resize=768%2C576&amp;ssl=1 768w, https:\/\/i2.wp.com\/jakunaho.sekuvain.fi\/wp-content\/uploads\/2017\/11\/fullsizeoutput_57.jpeg?resize=1024%2C768&amp;ssl=1 1024w, https:\/\/i2.wp.com\/jakunaho.sekuvain.fi\/wp-content\/uploads\/2017\/11\/fullsizeoutput_57.jpeg?w=1280&amp;ssl=1 1280w\" sizes=\"(max-width: 300px) 100vw, 300px\" data-recalc-dims=\"1\" \/><\/a><\/p>\n<p><span style=\"color: #000000;\">usein jonkun muun varjossa.\u00a0Mutta matkalla eturiviin.<\/span><\/p>\n<p><span style=\"color: #000000;\">Teen. Paljon. Kaikkea. Jatkuvasti. Harvoin tulee valmista. On liikaa ideoita.<\/span><\/p>\n<p><span style=\"color: #000000;\">On liikaa kaikkea.<\/span><\/p>\n<p><span style=\"color: #000000;\">Opettelen keskittym\u00e4\u00e4n. Keskitt\u00e4m\u00e4\u00e4n. Laittamaan omalle paikalleen.<\/span><\/p>\n<p><span style=\"color: #000000;\">Hyv\u00e4 t\u00e4st\u00e4 tulee.<\/span><\/p>\n","protected":false},"excerpt":{"rendered":"<p>usein jonkun muun varjossa.\u00a0Mutta matkalla eturiviin. Teen. Paljon. Kaikkea. Jatkuvasti. Harvoin tulee valmista. On liikaa ideoita. On liikaa kaikkea. Opettelen keskittym\u00e4\u00e4n. Keskitt\u00e4m\u00e4\u00e4n. Laittamaan omalle paikalleen. Hyv\u00e4 t\u00e4st\u00e4 tulee.<\/p>\n","protected":false},"author":1,"featured_media":0,"parent":91,"menu_order":0,"comment_status":"closed","ping_status":"closed","template":"","meta":[],"_links":{"self":[{"href":"https:\/\/jakunaho.sekuvain.fi\/index.php?rest_route=\/wp\/v2\/pages\/73"}],"collection":[{"href":"https:\/\/jakunaho.sekuvain.fi\/index.php?rest_route=\/wp\/v2\/pages"}],"about":[{"href":"https:\/\/jakunaho.sekuvain.fi\/index.php?rest_route=\/wp\/v2\/types\/page"}],"author":[{"embeddable":true,"href":"https:\/\/jakunaho.sekuvain.fi\/index.php?rest_route=\/wp\/v2\/users\/1"}],"replies":[{"embeddable":true,"href":"https:\/\/jakunaho.sekuvain.fi\/index.php?rest_route=%2Fwp%2Fv2%2Fcomments&post=73"}],"version-history":[{"count":5,"href":"https:\/\/jakunaho.sekuvain.fi\/index.php?rest_route=\/wp\/v2\/pages\/73\/revisions"}],"predecessor-version":[{"id":208,"href":"https:\/\/jakunaho.sekuvain.fi\/index.php?rest_route=\/wp\/v2\/pages\/73\/revisions\/208"}],"up":[{"embeddable":true,"href":"https:\/\/jakunaho.sekuvain.fi\/index.php?rest_route=\/wp\/v2\/pages\/91"}],"wp:attachment":[{"href":"https:\/\/jakunaho.sekuvain.fi\/index.php?rest_route=%2Fwp%2Fv2%2Fmedia&parent=73"}],"curies":[{"name":"wp","href":"https:\/\/api.w.org\/{rel}","templated":true}]}}