{"id":563,"date":"2022-01-25T15:18:55","date_gmt":"2022-01-25T15:18:55","guid":{"rendered":"http:\/\/jakunaho.fi\/?page_id=563"},"modified":"2022-01-25T15:23:47","modified_gmt":"2022-01-25T15:23:47","slug":"sammal-on-kaunista-liike-tarkeaa","status":"publish","type":"page","link":"https:\/\/jakunaho.sekuvain.fi\/?page_id=563","title":{"rendered":"SAMMAL\u00a0ON\u00a0KAUNISTA &#8211; LIIKE\u00a0T\u00c4RKE\u00c4\u00c4"},"content":{"rendered":"<p>Ei sammaloidu, sanovat, kun liikkuu. Minulla ei ole mit\u00e4\u00e4n sammalta vastaan, mutta itse ehtii sammaloitua sitten maan povessa. On siis liikahdettava. Suloinen talo on laitettu myyntiin ja uusi kohde etsinn\u00e4n alla. Talo on her\u00e4tt\u00e4nyt kiitett\u00e4v\u00e4sti kiinnostusta ja kaiken sen ansaitsee. Ottaisin torpan mukaani, jos t\u00e4llaisen kompotin liikuttelu mahdollista olisi. Sen verran olen syd\u00e4nt\u00e4ni sisuksiinsa laittanut. Mutta t\u00e4ytyy osata my\u00f6s luopua ja luovuttaa aivoistaan tilaa uudelle. Koti on siell\u00e4 mihin se luodaan. Toivotaan ett\u00e4 nykyinen saa ansaitsemansa asukkaan, ja jos arvostaa jo suorittamiani toimenpiteit\u00e4, niin olen otettu.<\/p>\n<p>Minun helmasynneist\u00e4 painavin on viimeistely; listat. Sometinkin taajaan kuistin lattia- ja kattolistoista. Olin niist\u00e4 niin ylpe\u00e4; vein remontin maaliin&#8230; tai no l\u00e4hes. Ulko-ovi j\u00e4i maalaamatta, mutta sen j\u00e4t\u00e4n uudelle omistajalle. P\u00e4\u00e4sis\u00e4\u00e4nk\u00e4ynti on t\u00e4rke\u00e4, se pit\u00e4\u00e4 saada omistajan p\u00e4\u00e4tt\u00e4\u00e4! Aviomies naputteli viime viikolla paikoilleen loputkin ovilistat ja min\u00e4 kuljin pitk\u00e4\u00e4n ymp\u00e4ri asuntoa ja ihailin, miten valmista. Nyt on valmis, t\u00e4ytyy l\u00f6yt\u00e4\u00e4 uusi projekti. No ei ole, ei koskaan tietenk\u00e4\u00e4n, aina on jotain mit\u00e4 voi laittaa, onneksi. Toivottavasti uusi asukas l\u00f6yt\u00e4\u00e4 kohdat ja ilahtuu yht\u00e4lailla tajutessaan, ett\u00e4 tuon voi fiksata. Niin pienest\u00e4kin oivalluksesta ja fiksauksesta tulee remontinrakastajalle euforinen olo.<\/p>\n<p>Olen kuulema saanut my\u00f6s uusia lukijoita n\u00e4iden talokauppa-aikeiden my\u00f6t\u00e4. Se on ihanaa ja kannustavaa. Lupaan huolellisesti kirjailla tulevasta projektistani. Lupaan ja vannon (ei tule s\u00e4\u00e4nn\u00f6llisesti tapahtumaan, mutta lupaan ja vannon t\u00e4\u00e4ll\u00e4 ihan pokkana silti vaan). Uusille lukijoille mainittakoon (v\u00e4h\u00e4n tapojeni vastaisesti nyt selittelen), ett\u00e4 kirjoitustyylini on hetkitt\u00e4in vaeltelevaa ja jutut kohotettuna korkeimpaan mahdolliseen potenssiin, ilman ett\u00e4 menee valehtelun puolelle, haen t\u00e4ll\u00e4 keinolla tehoja muuten aika arkip\u00e4iv\u00e4isen tylsiin tapahtumiin ja sit\u00e4 my\u00f6ten t\u00e4nne kirjailemiini juttuihin. Vessan vett\u00e4 tihkunnut putki ei suinkaan tuhonnut koko taloa, vaikka tarinan dramaattisen nostatuksen johdosta joku voi n\u00e4in p\u00e4\u00e4tell\u00e4, vaan kasteli lattian n. 20 cm alalta. Lattia avattiin, kuivattiin ja uudiseristettiin sek\u00e4 -laudoitettiin. Piskuinen vessa sai samalla uuden ilmeen.<\/p>\n<p><img data-attachment-id=\"572\" data-permalink=\"https:\/\/jakunaho.sekuvain.fi\/?attachment_id=572\" data-orig-file=\"https:\/\/i0.wp.com\/jakunaho.sekuvain.fi\/wp-content\/uploads\/2022\/01\/PxdG3GURteoaJQfCMJK0w-e1643123551140.jpg?fit=3024%2C4032&amp;ssl=1\" data-orig-size=\"3024,4032\" data-comments-opened=\"1\" data-image-meta=\"{&quot;aperture&quot;:&quot;1.8&quot;,&quot;credit&quot;:&quot;&quot;,&quot;camera&quot;:&quot;iPhone 11 Pro&quot;,&quot;caption&quot;:&quot;&quot;,&quot;created_timestamp&quot;:&quot;1639994261&quot;,&quot;copyright&quot;:&quot;&quot;,&quot;focal_length&quot;:&quot;4.25&quot;,&quot;iso&quot;:&quot;640&quot;,&quot;shutter_speed&quot;:&quot;0.04&quot;,&quot;title&quot;:&quot;&quot;,&quot;orientation&quot;:&quot;6&quot;}\" data-image-title=\"Px%dG3GURteoaJQfCMJK0w\" data-image-description=\"\" data-medium-file=\"https:\/\/i0.wp.com\/jakunaho.sekuvain.fi\/wp-content\/uploads\/2022\/01\/PxdG3GURteoaJQfCMJK0w-e1643123551140.jpg?fit=225%2C300&amp;ssl=1\" data-large-file=\"https:\/\/i0.wp.com\/jakunaho.sekuvain.fi\/wp-content\/uploads\/2022\/01\/PxdG3GURteoaJQfCMJK0w-e1643123551140.jpg?fit=756%2C1008&amp;ssl=1\" decoding=\"async\" loading=\"lazy\" class=\"alignnone wp-image-572 size-large\" src=\"https:\/\/i0.wp.com\/jakunaho.fi\/wp-content\/uploads\/2022\/01\/PxdG3GURteoaJQfCMJK0w-e1643123551140-768x1024.jpg?resize=756%2C1008\" alt=\"\" width=\"756\" height=\"1008\" srcset=\"https:\/\/i0.wp.com\/jakunaho.sekuvain.fi\/wp-content\/uploads\/2022\/01\/PxdG3GURteoaJQfCMJK0w-e1643123551140.jpg?resize=768%2C1024&amp;ssl=1 768w, https:\/\/i0.wp.com\/jakunaho.sekuvain.fi\/wp-content\/uploads\/2022\/01\/PxdG3GURteoaJQfCMJK0w-e1643123551140.jpg?resize=225%2C300&amp;ssl=1 225w, https:\/\/i0.wp.com\/jakunaho.sekuvain.fi\/wp-content\/uploads\/2022\/01\/PxdG3GURteoaJQfCMJK0w-e1643123551140.jpg?w=1512 1512w, https:\/\/i0.wp.com\/jakunaho.sekuvain.fi\/wp-content\/uploads\/2022\/01\/PxdG3GURteoaJQfCMJK0w-e1643123551140.jpg?w=2268 2268w\" sizes=\"(max-width: 756px) 100vw, 756px\" data-recalc-dims=\"1\" \/><\/p>\n<p>Nyyhkytellen laitan t\u00e4h\u00e4n kuvakavalkadia siit\u00e4, mit\u00e4 kaikkea olen p\u00e4\u00e4ssytk\u00e4\u00e4n t\u00e4\u00e4ll\u00e4 alasrepim\u00e4\u00e4n ja mieleisekseni muuttamaan. T\u00e4ss\u00e4 tietenkin vain murto-osa talossa tohkatusta.<\/p>\n<p>Otsikkokuvan linssilude on muuten osallistunut ihan jokaiseen ty\u00f6vaiheeseen jo vuodesta 2014 ja tuskin malttaa odottaa ett\u00e4 p\u00e4\u00e4se uuden \u00e4\u00e4relle (&#8230;not, kissat tykk\u00e4isiv\u00e4t ett\u00e4 mik\u00e4\u00e4n ei koskaan muuttuisi.)<\/p>\n<figure id=\"attachment_566\" aria-describedby=\"caption-attachment-566\" style=\"width: 683px\" class=\"wp-caption alignleft\"><img data-attachment-id=\"566\" data-permalink=\"https:\/\/jakunaho.sekuvain.fi\/?attachment_id=566\" data-orig-file=\"https:\/\/i2.wp.com\/jakunaho.sekuvain.fi\/wp-content\/uploads\/2022\/01\/IMG_4319-e1643122612973.jpg?fit=3168%2C4752&amp;ssl=1\" data-orig-size=\"3168,4752\" data-comments-opened=\"1\" data-image-meta=\"{&quot;aperture&quot;:&quot;4&quot;,&quot;credit&quot;:&quot;&quot;,&quot;camera&quot;:&quot;Canon EOS 500D&quot;,&quot;caption&quot;:&quot;&quot;,&quot;created_timestamp&quot;:&quot;1387207407&quot;,&quot;copyright&quot;:&quot;&quot;,&quot;focal_length&quot;:&quot;18&quot;,&quot;iso&quot;:&quot;400&quot;,&quot;shutter_speed&quot;:&quot;0.016666666666667&quot;,&quot;title&quot;:&quot;&quot;,&quot;orientation&quot;:&quot;8&quot;}\" data-image-title=\"IMG_4319\" data-image-description=\"\" data-medium-file=\"https:\/\/i2.wp.com\/jakunaho.sekuvain.fi\/wp-content\/uploads\/2022\/01\/IMG_4319-e1643122612973.jpg?fit=200%2C300&amp;ssl=1\" data-large-file=\"https:\/\/i2.wp.com\/jakunaho.sekuvain.fi\/wp-content\/uploads\/2022\/01\/IMG_4319-e1643122612973.jpg?fit=683%2C1024&amp;ssl=1\" decoding=\"async\" loading=\"lazy\" class=\"wp-image-566 size-large\" src=\"https:\/\/i2.wp.com\/jakunaho.fi\/wp-content\/uploads\/2022\/01\/IMG_4319-e1643122612973-683x1024.jpg?resize=683%2C1024\" alt=\"\" width=\"683\" height=\"1024\" srcset=\"https:\/\/i2.wp.com\/jakunaho.sekuvain.fi\/wp-content\/uploads\/2022\/01\/IMG_4319-e1643122612973.jpg?resize=683%2C1024&amp;ssl=1 683w, https:\/\/i2.wp.com\/jakunaho.sekuvain.fi\/wp-content\/uploads\/2022\/01\/IMG_4319-e1643122612973.jpg?resize=200%2C300&amp;ssl=1 200w, https:\/\/i2.wp.com\/jakunaho.sekuvain.fi\/wp-content\/uploads\/2022\/01\/IMG_4319-e1643122612973.jpg?resize=768%2C1152&amp;ssl=1 768w, https:\/\/i2.wp.com\/jakunaho.sekuvain.fi\/wp-content\/uploads\/2022\/01\/IMG_4319-e1643122612973.jpg?w=1512 1512w, https:\/\/i2.wp.com\/jakunaho.sekuvain.fi\/wp-content\/uploads\/2022\/01\/IMG_4319-e1643122612973.jpg?w=2268 2268w\" sizes=\"(max-width: 683px) 100vw, 683px\" data-recalc-dims=\"1\" \/><figcaption id=\"caption-attachment-566\" class=\"wp-caption-text\">Tiskiallas blokkasi leivinuunia ja hella oli kulkuv\u00e4yl\u00e4ll\u00e4 matkalla olohuoneen nurkasta erotettuun SUIHKUTILAAN. Kyll\u00e4! Tiskaus ja kokkaus tapahtuu nyt siell\u00e4.<\/figcaption><\/figure>\n<p>&nbsp;<\/p>\n<p>&nbsp;<\/p>\n<p>&nbsp;<\/p>\n<p>&nbsp;<\/p>\n<p>&nbsp;<\/p>\n<p>&nbsp;<\/p>\n<p>&nbsp;<\/p>\n<p>&nbsp;<\/p>\n<p>&nbsp;<\/p>\n<figure id=\"attachment_570\" aria-describedby=\"caption-attachment-570\" style=\"width: 756px\" class=\"wp-caption alignnone\"><img data-attachment-id=\"570\" data-permalink=\"https:\/\/jakunaho.sekuvain.fi\/?attachment_id=570\" data-orig-file=\"https:\/\/i1.wp.com\/jakunaho.sekuvain.fi\/wp-content\/uploads\/2022\/01\/5YTPlLS8RbK1nijlMfhWyg.jpg?fit=4032%2C3024&amp;ssl=1\" data-orig-size=\"4032,3024\" data-comments-opened=\"1\" data-image-meta=\"{&quot;aperture&quot;:&quot;2.4&quot;,&quot;credit&quot;:&quot;&quot;,&quot;camera&quot;:&quot;iPhone 11 Pro&quot;,&quot;caption&quot;:&quot;&quot;,&quot;created_timestamp&quot;:&quot;1639992886&quot;,&quot;copyright&quot;:&quot;&quot;,&quot;focal_length&quot;:&quot;1.54&quot;,&quot;iso&quot;:&quot;800&quot;,&quot;shutter_speed&quot;:&quot;0.03030303030303&quot;,&quot;title&quot;:&quot;&quot;,&quot;orientation&quot;:&quot;1&quot;}\" data-image-title=\"5YTPlLS8RbK1nijlMfhWyg\" data-image-description=\"\" data-medium-file=\"https:\/\/i1.wp.com\/jakunaho.sekuvain.fi\/wp-content\/uploads\/2022\/01\/5YTPlLS8RbK1nijlMfhWyg.jpg?fit=300%2C225&amp;ssl=1\" data-large-file=\"https:\/\/i1.wp.com\/jakunaho.sekuvain.fi\/wp-content\/uploads\/2022\/01\/5YTPlLS8RbK1nijlMfhWyg.jpg?fit=756%2C567&amp;ssl=1\" decoding=\"async\" loading=\"lazy\" class=\"wp-image-570 size-large\" src=\"https:\/\/i0.wp.com\/jakunaho.fi\/wp-content\/uploads\/2022\/01\/5YTPlLS8RbK1nijlMfhWyg-1024x768.jpg?resize=756%2C567\" alt=\"\" width=\"756\" height=\"567\" srcset=\"https:\/\/i1.wp.com\/jakunaho.sekuvain.fi\/wp-content\/uploads\/2022\/01\/5YTPlLS8RbK1nijlMfhWyg.jpg?resize=1024%2C768&amp;ssl=1 1024w, https:\/\/i1.wp.com\/jakunaho.sekuvain.fi\/wp-content\/uploads\/2022\/01\/5YTPlLS8RbK1nijlMfhWyg.jpg?resize=300%2C225&amp;ssl=1 300w, https:\/\/i1.wp.com\/jakunaho.sekuvain.fi\/wp-content\/uploads\/2022\/01\/5YTPlLS8RbK1nijlMfhWyg.jpg?resize=768%2C576&amp;ssl=1 768w, https:\/\/i1.wp.com\/jakunaho.sekuvain.fi\/wp-content\/uploads\/2022\/01\/5YTPlLS8RbK1nijlMfhWyg.jpg?w=1512 1512w, https:\/\/i1.wp.com\/jakunaho.sekuvain.fi\/wp-content\/uploads\/2022\/01\/5YTPlLS8RbK1nijlMfhWyg.jpg?w=2268 2268w\" sizes=\"(max-width: 756px) 100vw, 756px\" data-recalc-dims=\"1\" \/><figcaption id=\"caption-attachment-570\" class=\"wp-caption-text\">Vapautettu uuni!<\/figcaption><\/figure>\n<figure id=\"attachment_568\" aria-describedby=\"caption-attachment-568\" style=\"width: 683px\" class=\"wp-caption alignnone\"><img data-attachment-id=\"568\" data-permalink=\"https:\/\/jakunaho.sekuvain.fi\/?attachment_id=568\" data-orig-file=\"https:\/\/i1.wp.com\/jakunaho.sekuvain.fi\/wp-content\/uploads\/2022\/01\/IMG_4322-e1643122745571.jpg?fit=3168%2C4752&amp;ssl=1\" data-orig-size=\"3168,4752\" data-comments-opened=\"1\" data-image-meta=\"{&quot;aperture&quot;:&quot;4&quot;,&quot;credit&quot;:&quot;&quot;,&quot;camera&quot;:&quot;Canon EOS 500D&quot;,&quot;caption&quot;:&quot;&quot;,&quot;created_timestamp&quot;:&quot;1387207436&quot;,&quot;copyright&quot;:&quot;&quot;,&quot;focal_length&quot;:&quot;18&quot;,&quot;iso&quot;:&quot;400&quot;,&quot;shutter_speed&quot;:&quot;0.016666666666667&quot;,&quot;title&quot;:&quot;&quot;,&quot;orientation&quot;:&quot;8&quot;}\" data-image-title=\"IMG_4322\" data-image-description=\"\" data-medium-file=\"https:\/\/i1.wp.com\/jakunaho.sekuvain.fi\/wp-content\/uploads\/2022\/01\/IMG_4322-e1643122745571.jpg?fit=200%2C300&amp;ssl=1\" data-large-file=\"https:\/\/i1.wp.com\/jakunaho.sekuvain.fi\/wp-content\/uploads\/2022\/01\/IMG_4322-e1643122745571.jpg?fit=683%2C1024&amp;ssl=1\" decoding=\"async\" loading=\"lazy\" class=\"wp-image-568 size-large\" src=\"https:\/\/i2.wp.com\/jakunaho.fi\/wp-content\/uploads\/2022\/01\/IMG_4322-e1643122745571-683x1024.jpg?resize=683%2C1024\" alt=\"\" width=\"683\" height=\"1024\" srcset=\"https:\/\/i1.wp.com\/jakunaho.sekuvain.fi\/wp-content\/uploads\/2022\/01\/IMG_4322-e1643122745571.jpg?resize=683%2C1024&amp;ssl=1 683w, https:\/\/i1.wp.com\/jakunaho.sekuvain.fi\/wp-content\/uploads\/2022\/01\/IMG_4322-e1643122745571.jpg?resize=200%2C300&amp;ssl=1 200w, https:\/\/i1.wp.com\/jakunaho.sekuvain.fi\/wp-content\/uploads\/2022\/01\/IMG_4322-e1643122745571.jpg?resize=768%2C1152&amp;ssl=1 768w, https:\/\/i1.wp.com\/jakunaho.sekuvain.fi\/wp-content\/uploads\/2022\/01\/IMG_4322-e1643122745571.jpg?w=1512 1512w, https:\/\/i1.wp.com\/jakunaho.sekuvain.fi\/wp-content\/uploads\/2022\/01\/IMG_4322-e1643122745571.jpg?w=2268 2268w\" sizes=\"(max-width: 683px) 100vw, 683px\" data-recalc-dims=\"1\" \/><figcaption id=\"caption-attachment-568\" class=\"wp-caption-text\">Oishan se suihku olkkarissa ollu k\u00e4tev\u00e4, mutta&#8230;<\/figcaption><\/figure>\n<p><img data-attachment-id=\"567\" data-permalink=\"https:\/\/jakunaho.sekuvain.fi\/?attachment_id=567\" data-orig-file=\"https:\/\/i1.wp.com\/jakunaho.sekuvain.fi\/wp-content\/uploads\/2022\/01\/IMG_4321-e1643122722270.jpg?fit=3168%2C4752&amp;ssl=1\" data-orig-size=\"3168,4752\" data-comments-opened=\"1\" data-image-meta=\"{&quot;aperture&quot;:&quot;3.5&quot;,&quot;credit&quot;:&quot;&quot;,&quot;camera&quot;:&quot;Canon EOS 500D&quot;,&quot;caption&quot;:&quot;&quot;,&quot;created_timestamp&quot;:&quot;1387207432&quot;,&quot;copyright&quot;:&quot;&quot;,&quot;focal_length&quot;:&quot;21&quot;,&quot;iso&quot;:&quot;400&quot;,&quot;shutter_speed&quot;:&quot;0.016666666666667&quot;,&quot;title&quot;:&quot;&quot;,&quot;orientation&quot;:&quot;8&quot;}\" data-image-title=\"IMG_4321\" data-image-description=\"\" data-medium-file=\"https:\/\/i1.wp.com\/jakunaho.sekuvain.fi\/wp-content\/uploads\/2022\/01\/IMG_4321-e1643122722270.jpg?fit=200%2C300&amp;ssl=1\" data-large-file=\"https:\/\/i1.wp.com\/jakunaho.sekuvain.fi\/wp-content\/uploads\/2022\/01\/IMG_4321-e1643122722270.jpg?fit=683%2C1024&amp;ssl=1\" decoding=\"async\" loading=\"lazy\" class=\"alignnone wp-image-567 size-large\" src=\"https:\/\/i0.wp.com\/jakunaho.fi\/wp-content\/uploads\/2022\/01\/IMG_4321-e1643122722270-683x1024.jpg?resize=683%2C1024\" alt=\"\" width=\"683\" height=\"1024\" srcset=\"https:\/\/i1.wp.com\/jakunaho.sekuvain.fi\/wp-content\/uploads\/2022\/01\/IMG_4321-e1643122722270.jpg?resize=683%2C1024&amp;ssl=1 683w, https:\/\/i1.wp.com\/jakunaho.sekuvain.fi\/wp-content\/uploads\/2022\/01\/IMG_4321-e1643122722270.jpg?resize=200%2C300&amp;ssl=1 200w, https:\/\/i1.wp.com\/jakunaho.sekuvain.fi\/wp-content\/uploads\/2022\/01\/IMG_4321-e1643122722270.jpg?resize=768%2C1152&amp;ssl=1 768w, https:\/\/i1.wp.com\/jakunaho.sekuvain.fi\/wp-content\/uploads\/2022\/01\/IMG_4321-e1643122722270.jpg?w=1512 1512w, https:\/\/i1.wp.com\/jakunaho.sekuvain.fi\/wp-content\/uploads\/2022\/01\/IMG_4321-e1643122722270.jpg?w=2268 2268w\" sizes=\"(max-width: 683px) 100vw, 683px\" data-recalc-dims=\"1\" \/><\/p>\n<figure id=\"attachment_569\" aria-describedby=\"caption-attachment-569\" style=\"width: 756px\" class=\"wp-caption alignnone\"><img data-attachment-id=\"569\" data-permalink=\"https:\/\/jakunaho.sekuvain.fi\/?attachment_id=569\" data-orig-file=\"https:\/\/i1.wp.com\/jakunaho.sekuvain.fi\/wp-content\/uploads\/2022\/01\/keitti\u00f6koppiikkunasein\u00e4.jpg?fit=2048%2C2048&amp;ssl=1\" data-orig-size=\"2048,2048\" data-comments-opened=\"1\" data-image-meta=\"{&quot;aperture&quot;:&quot;0&quot;,&quot;credit&quot;:&quot;&quot;,&quot;camera&quot;:&quot;&quot;,&quot;caption&quot;:&quot;&quot;,&quot;created_timestamp&quot;:&quot;0&quot;,&quot;copyright&quot;:&quot;&quot;,&quot;focal_length&quot;:&quot;0&quot;,&quot;iso&quot;:&quot;0&quot;,&quot;shutter_speed&quot;:&quot;0&quot;,&quot;title&quot;:&quot;&quot;,&quot;orientation&quot;:&quot;1&quot;}\" data-image-title=\"keitti\u00f6koppiikkunasein\u00e4\" data-image-description=\"\" data-medium-file=\"https:\/\/i1.wp.com\/jakunaho.sekuvain.fi\/wp-content\/uploads\/2022\/01\/keitti\u00f6koppiikkunasein\u00e4.jpg?fit=300%2C300&amp;ssl=1\" data-large-file=\"https:\/\/i1.wp.com\/jakunaho.sekuvain.fi\/wp-content\/uploads\/2022\/01\/keitti\u00f6koppiikkunasein\u00e4.jpg?fit=756%2C756&amp;ssl=1\" decoding=\"async\" loading=\"lazy\" class=\"wp-image-569 size-large\" src=\"https:\/\/i0.wp.com\/jakunaho.fi\/wp-content\/uploads\/2022\/01\/keitti\u00f6koppiikkunasein\u00e4-1024x1024.jpg?resize=756%2C756\" alt=\"\" width=\"756\" height=\"756\" srcset=\"https:\/\/i1.wp.com\/jakunaho.sekuvain.fi\/wp-content\/uploads\/2022\/01\/keitti\u00f6koppiikkunasein\u00e4.jpg?resize=1024%2C1024&amp;ssl=1 1024w, https:\/\/i1.wp.com\/jakunaho.sekuvain.fi\/wp-content\/uploads\/2022\/01\/keitti\u00f6koppiikkunasein\u00e4.jpg?resize=150%2C150&amp;ssl=1 150w, https:\/\/i1.wp.com\/jakunaho.sekuvain.fi\/wp-content\/uploads\/2022\/01\/keitti\u00f6koppiikkunasein\u00e4.jpg?resize=300%2C300&amp;ssl=1 300w, https:\/\/i1.wp.com\/jakunaho.sekuvain.fi\/wp-content\/uploads\/2022\/01\/keitti\u00f6koppiikkunasein\u00e4.jpg?resize=768%2C768&amp;ssl=1 768w, https:\/\/i1.wp.com\/jakunaho.sekuvain.fi\/wp-content\/uploads\/2022\/01\/keitti\u00f6koppiikkunasein\u00e4.jpg?resize=533%2C533&amp;ssl=1 533w, https:\/\/i1.wp.com\/jakunaho.sekuvain.fi\/wp-content\/uploads\/2022\/01\/keitti\u00f6koppiikkunasein\u00e4.jpg?resize=640%2C640&amp;ssl=1 640w, https:\/\/i1.wp.com\/jakunaho.sekuvain.fi\/wp-content\/uploads\/2022\/01\/keitti\u00f6koppiikkunasein\u00e4.jpg?resize=864%2C864&amp;ssl=1 864w, https:\/\/i1.wp.com\/jakunaho.sekuvain.fi\/wp-content\/uploads\/2022\/01\/keitti\u00f6koppiikkunasein\u00e4.jpg?resize=50%2C50&amp;ssl=1 50w, https:\/\/i1.wp.com\/jakunaho.sekuvain.fi\/wp-content\/uploads\/2022\/01\/keitti\u00f6koppiikkunasein\u00e4.jpg?w=2048&amp;ssl=1 2048w, https:\/\/i1.wp.com\/jakunaho.sekuvain.fi\/wp-content\/uploads\/2022\/01\/keitti\u00f6koppiikkunasein\u00e4.jpg?w=1512 1512w\" sizes=\"(max-width: 756px) 100vw, 756px\" data-recalc-dims=\"1\" \/><figcaption id=\"caption-attachment-569\" class=\"wp-caption-text\">Ex-suihkutilassa sijaitsee nyky\u00e4\u00e4n tiskaus- ja keittelytoiminnot.<\/figcaption><\/figure>\n<figure id=\"attachment_565\" aria-describedby=\"caption-attachment-565\" style=\"width: 683px\" class=\"wp-caption alignnone\"><img data-attachment-id=\"565\" data-permalink=\"https:\/\/jakunaho.sekuvain.fi\/?attachment_id=565\" data-orig-file=\"https:\/\/i1.wp.com\/jakunaho.sekuvain.fi\/wp-content\/uploads\/2022\/01\/IMG_4314-e1643122868638.jpg?fit=3168%2C4752&amp;ssl=1\" data-orig-size=\"3168,4752\" data-comments-opened=\"1\" data-image-meta=\"{&quot;aperture&quot;:&quot;4&quot;,&quot;credit&quot;:&quot;&quot;,&quot;camera&quot;:&quot;Canon EOS 500D&quot;,&quot;caption&quot;:&quot;&quot;,&quot;created_timestamp&quot;:&quot;1387204228&quot;,&quot;copyright&quot;:&quot;&quot;,&quot;focal_length&quot;:&quot;18&quot;,&quot;iso&quot;:&quot;400&quot;,&quot;shutter_speed&quot;:&quot;0.016666666666667&quot;,&quot;title&quot;:&quot;&quot;,&quot;orientation&quot;:&quot;8&quot;}\" data-image-title=\"IMG_4314\" data-image-description=\"\" data-medium-file=\"https:\/\/i1.wp.com\/jakunaho.sekuvain.fi\/wp-content\/uploads\/2022\/01\/IMG_4314-e1643122868638.jpg?fit=200%2C300&amp;ssl=1\" data-large-file=\"https:\/\/i1.wp.com\/jakunaho.sekuvain.fi\/wp-content\/uploads\/2022\/01\/IMG_4314-e1643122868638.jpg?fit=683%2C1024&amp;ssl=1\" decoding=\"async\" loading=\"lazy\" class=\"wp-image-565 size-large\" src=\"https:\/\/i0.wp.com\/jakunaho.fi\/wp-content\/uploads\/2022\/01\/IMG_4314-e1643122868638-683x1024.jpg?resize=683%2C1024\" alt=\"\" width=\"683\" height=\"1024\" srcset=\"https:\/\/i1.wp.com\/jakunaho.sekuvain.fi\/wp-content\/uploads\/2022\/01\/IMG_4314-e1643122868638.jpg?resize=683%2C1024&amp;ssl=1 683w, https:\/\/i1.wp.com\/jakunaho.sekuvain.fi\/wp-content\/uploads\/2022\/01\/IMG_4314-e1643122868638.jpg?resize=200%2C300&amp;ssl=1 200w, https:\/\/i1.wp.com\/jakunaho.sekuvain.fi\/wp-content\/uploads\/2022\/01\/IMG_4314-e1643122868638.jpg?resize=768%2C1152&amp;ssl=1 768w, https:\/\/i1.wp.com\/jakunaho.sekuvain.fi\/wp-content\/uploads\/2022\/01\/IMG_4314-e1643122868638.jpg?w=1512 1512w, https:\/\/i1.wp.com\/jakunaho.sekuvain.fi\/wp-content\/uploads\/2022\/01\/IMG_4314-e1643122868638.jpg?w=2268 2268w\" sizes=\"(max-width: 683px) 100vw, 683px\" data-recalc-dims=\"1\" \/><figcaption id=\"caption-attachment-565\" class=\"wp-caption-text\">Keitti\u00f6n kaappisein\u00e4 on sittemmin kaadettu ja tilalla on avohyllyj\u00e4 ja tasoja. Mit\u00e4k\u00f6h\u00e4n tuollaisissa syviss\u00e4 ja kapeissa yl\u00e4kaapeissa onkaan s\u00e4ilytetty. Sinne on voinut kadottaa paljon tavaraa!<\/figcaption><\/figure>\n<figure id=\"attachment_571\" aria-describedby=\"caption-attachment-571\" style=\"width: 756px\" class=\"wp-caption alignnone\"><img data-attachment-id=\"571\" data-permalink=\"https:\/\/jakunaho.sekuvain.fi\/?attachment_id=571\" data-orig-file=\"https:\/\/i0.wp.com\/jakunaho.sekuvain.fi\/wp-content\/uploads\/2022\/01\/avrBOmTWQuiMB1h8lP8gYw.jpg?fit=4032%2C3024&amp;ssl=1\" data-orig-size=\"4032,3024\" data-comments-opened=\"1\" data-image-meta=\"{&quot;aperture&quot;:&quot;2.4&quot;,&quot;credit&quot;:&quot;&quot;,&quot;camera&quot;:&quot;iPhone 11 Pro&quot;,&quot;caption&quot;:&quot;&quot;,&quot;created_timestamp&quot;:&quot;1639992894&quot;,&quot;copyright&quot;:&quot;&quot;,&quot;focal_length&quot;:&quot;1.54&quot;,&quot;iso&quot;:&quot;1000&quot;,&quot;shutter_speed&quot;:&quot;0.03030303030303&quot;,&quot;title&quot;:&quot;&quot;,&quot;orientation&quot;:&quot;1&quot;}\" data-image-title=\"avrBOmTWQuiMB1h8lP8gYw\" data-image-description=\"\" data-medium-file=\"https:\/\/i0.wp.com\/jakunaho.sekuvain.fi\/wp-content\/uploads\/2022\/01\/avrBOmTWQuiMB1h8lP8gYw.jpg?fit=300%2C225&amp;ssl=1\" data-large-file=\"https:\/\/i0.wp.com\/jakunaho.sekuvain.fi\/wp-content\/uploads\/2022\/01\/avrBOmTWQuiMB1h8lP8gYw.jpg?fit=756%2C567&amp;ssl=1\" decoding=\"async\" loading=\"lazy\" class=\"wp-image-571 size-large\" src=\"https:\/\/i0.wp.com\/jakunaho.fi\/wp-content\/uploads\/2022\/01\/avrBOmTWQuiMB1h8lP8gYw-1024x768.jpg?resize=756%2C567\" alt=\"\" width=\"756\" height=\"567\" srcset=\"https:\/\/i0.wp.com\/jakunaho.sekuvain.fi\/wp-content\/uploads\/2022\/01\/avrBOmTWQuiMB1h8lP8gYw.jpg?resize=1024%2C768&amp;ssl=1 1024w, https:\/\/i0.wp.com\/jakunaho.sekuvain.fi\/wp-content\/uploads\/2022\/01\/avrBOmTWQuiMB1h8lP8gYw.jpg?resize=300%2C225&amp;ssl=1 300w, https:\/\/i0.wp.com\/jakunaho.sekuvain.fi\/wp-content\/uploads\/2022\/01\/avrBOmTWQuiMB1h8lP8gYw.jpg?resize=768%2C576&amp;ssl=1 768w, https:\/\/i0.wp.com\/jakunaho.sekuvain.fi\/wp-content\/uploads\/2022\/01\/avrBOmTWQuiMB1h8lP8gYw.jpg?w=1512 1512w, https:\/\/i0.wp.com\/jakunaho.sekuvain.fi\/wp-content\/uploads\/2022\/01\/avrBOmTWQuiMB1h8lP8gYw.jpg?w=2268 2268w\" sizes=\"(max-width: 756px) 100vw, 756px\" data-recalc-dims=\"1\" \/><figcaption id=\"caption-attachment-571\" class=\"wp-caption-text\">Entinen kaappiseinusta vasemmalla.<\/figcaption><\/figure>\n<p>&nbsp;<\/p>\n","protected":false},"excerpt":{"rendered":"<p>Ei sammaloidu, sanovat, kun liikkuu. Minulla ei ole mit\u00e4\u00e4n sammalta vastaan, mutta itse ehtii sammaloitua sitten maan povessa. On siis liikahdettava. Suloinen talo on laitettu myyntiin ja uusi kohde etsinn\u00e4n alla. Talo on her\u00e4tt\u00e4nyt kiitett\u00e4v\u00e4sti kiinnostusta ja kaiken sen ansaitsee. Ottaisin torpan mukaani, jos t\u00e4llaisen &hellip; <a href=\"https:\/\/jakunaho.sekuvain.fi\/?page_id=563\" class=\"more-link\"><span>Continue reading<span class=\"screen-reader-text\">SAMMAL\u00a0ON\u00a0KAUNISTA &#8211; LIIKE\u00a0T\u00c4RKE\u00c4\u00c4<\/span><\/span><\/a><\/p>\n","protected":false},"author":1,"featured_media":564,"parent":154,"menu_order":0,"comment_status":"closed","ping_status":"closed","template":"","meta":[],"_links":{"self":[{"href":"https:\/\/jakunaho.sekuvain.fi\/index.php?rest_route=\/wp\/v2\/pages\/563"}],"collection":[{"href":"https:\/\/jakunaho.sekuvain.fi\/index.php?rest_route=\/wp\/v2\/pages"}],"about":[{"href":"https:\/\/jakunaho.sekuvain.fi\/index.php?rest_route=\/wp\/v2\/types\/page"}],"author":[{"embeddable":true,"href":"https:\/\/jakunaho.sekuvain.fi\/index.php?rest_route=\/wp\/v2\/users\/1"}],"replies":[{"embeddable":true,"href":"https:\/\/jakunaho.sekuvain.fi\/index.php?rest_route=%2Fwp%2Fv2%2Fcomments&post=563"}],"version-history":[{"count":5,"href":"https:\/\/jakunaho.sekuvain.fi\/index.php?rest_route=\/wp\/v2\/pages\/563\/revisions"}],"predecessor-version":[{"id":577,"href":"https:\/\/jakunaho.sekuvain.fi\/index.php?rest_route=\/wp\/v2\/pages\/563\/revisions\/577"}],"up":[{"embeddable":true,"href":"https:\/\/jakunaho.sekuvain.fi\/index.php?rest_route=\/wp\/v2\/pages\/154"}],"wp:featuredmedia":[{"embeddable":true,"href":"https:\/\/jakunaho.sekuvain.fi\/index.php?rest_route=\/wp\/v2\/media\/564"}],"wp:attachment":[{"href":"https:\/\/jakunaho.sekuvain.fi\/index.php?rest_route=%2Fwp%2Fv2%2Fmedia&parent=563"}],"curies":[{"name":"wp","href":"https:\/\/api.w.org\/{rel}","templated":true}]}}