{"id":481,"date":"2020-03-18T17:36:30","date_gmt":"2020-03-18T17:36:30","guid":{"rendered":"http:\/\/jakunaho.fi\/?page_id=481"},"modified":"2020-03-18T17:37:01","modified_gmt":"2020-03-18T17:37:01","slug":"mystinen-paaasia-sisaltaa-rujoja-kuvia","status":"publish","type":"page","link":"https:\/\/jakunaho.sekuvain.fi\/?page_id=481","title":{"rendered":"MYSTINEN\u00a0P\u00c4\u00c4ASIA (sis\u00e4lt\u00e4\u00e4 rujoja kuvia)"},"content":{"rendered":"<p>Hildaparka. Sill\u00e4 on ollut p\u00e4\u00e4laki auki, enemm\u00e4n ja v\u00e4hemm\u00e4n, kohta kaksi vuotta. Alkuun sarvenpaikat hilseiliv\u00e4t ja pikkuhiljaa niilt\u00e4 kohti meni iho rikki. Ihovaurio laajeni siin\u00e4 m\u00e4\u00e4rin, ett\u00e4 oli kutsuttava el\u00e4inl\u00e4\u00e4k\u00e4ri h\u00e4tiin. Jo pian toinen &#8211; ja konsultoitava kolmatta puhelimitse. Kaikki yht\u00e4 ymm\u00e4ll\u00e4\u00e4n. El\u00e4in oli hyvinvoiva ja jatkoi normaalimenoaan, mutta p\u00e4\u00e4 auki.<\/p>\n<figure id=\"attachment_486\" aria-describedby=\"caption-attachment-486\" style=\"width: 225px\" class=\"wp-caption aligncenter\"><img data-attachment-id=\"486\" data-permalink=\"https:\/\/jakunaho.sekuvain.fi\/?attachment_id=486\" data-orig-file=\"https:\/\/i1.wp.com\/jakunaho.sekuvain.fi\/wp-content\/uploads\/2020\/03\/Hildan-p\u00e4\u00e4-alkutilanne.jpg?fit=720%2C960&amp;ssl=1\" data-orig-size=\"720,960\" data-comments-opened=\"1\" data-image-meta=\"{&quot;aperture&quot;:&quot;0&quot;,&quot;credit&quot;:&quot;&quot;,&quot;camera&quot;:&quot;&quot;,&quot;caption&quot;:&quot;&quot;,&quot;created_timestamp&quot;:&quot;0&quot;,&quot;copyright&quot;:&quot;&quot;,&quot;focal_length&quot;:&quot;0&quot;,&quot;iso&quot;:&quot;0&quot;,&quot;shutter_speed&quot;:&quot;0&quot;,&quot;title&quot;:&quot;&quot;,&quot;orientation&quot;:&quot;0&quot;}\" data-image-title=\"Hildan p\u00e4\u00e4, alkutilanne\" data-image-description=\"\" data-medium-file=\"https:\/\/i1.wp.com\/jakunaho.sekuvain.fi\/wp-content\/uploads\/2020\/03\/Hildan-p\u00e4\u00e4-alkutilanne.jpg?fit=225%2C300&amp;ssl=1\" data-large-file=\"https:\/\/i1.wp.com\/jakunaho.sekuvain.fi\/wp-content\/uploads\/2020\/03\/Hildan-p\u00e4\u00e4-alkutilanne.jpg?fit=720%2C960&amp;ssl=1\" decoding=\"async\" loading=\"lazy\" class=\"wp-image-486 size-medium\" src=\"https:\/\/i0.wp.com\/jakunaho.fi\/wp-content\/uploads\/2020\/03\/Hildan-p\u00e4\u00e4-alkutilanne-225x300.jpg?resize=225%2C300\" alt=\"\" width=\"225\" height=\"300\" srcset=\"https:\/\/i1.wp.com\/jakunaho.sekuvain.fi\/wp-content\/uploads\/2020\/03\/Hildan-p\u00e4\u00e4-alkutilanne.jpg?resize=225%2C300&amp;ssl=1 225w, https:\/\/i1.wp.com\/jakunaho.sekuvain.fi\/wp-content\/uploads\/2020\/03\/Hildan-p\u00e4\u00e4-alkutilanne.jpg?w=720&amp;ssl=1 720w\" sizes=\"(max-width: 225px) 100vw, 225px\" data-recalc-dims=\"1\" \/><figcaption id=\"caption-attachment-486\" class=\"wp-caption-text\">Alkutilanne.<\/figcaption><\/figure>\n<p>Er\u00e4\u00e4n lampurin vihjeest\u00e4 p\u00e4\u00e4dyttiin hoitamaan sieni-infektiota. Se tuntui kummalta, koska vaurio ei levinnyt, ei tarttunut. Kuitenkin se oli ainoa diagnoosi mit\u00e4 keksittiin. Antibioottia pistettiin, ett\u00e4 saatiin tulehdus alas &#8211; siihen iho reagoikin nopeasti. Tulehdus n\u00e4ytti poistuneen, mutta p\u00e4\u00e4 auki. Yksi el\u00e4inl\u00e4\u00e4k\u00e4reist\u00e4 m\u00e4\u00e4r\u00e4si sieneen pesuaineen. P\u00e4\u00e4t\u00e4 pestiin ja pidettiin muovit\u00f6tter\u00f6ss\u00e4 koko kes\u00e4. Vaurio l\u00e4htikin paranemaan. Syksyyn menness\u00e4 p\u00e4\u00e4laella n\u00e4kyi en\u00e4\u00e4 pieni tumma rupi. Karva kasvoi takaisin ja sampanjoita jo poksuteltiin.<\/p>\n<figure id=\"attachment_485\" aria-describedby=\"caption-attachment-485\" style=\"width: 225px\" class=\"wp-caption aligncenter\"><img data-attachment-id=\"485\" data-permalink=\"https:\/\/jakunaho.sekuvain.fi\/?attachment_id=485\" data-orig-file=\"https:\/\/i1.wp.com\/jakunaho.sekuvain.fi\/wp-content\/uploads\/2020\/03\/Hildan-hyv\u00e4-p\u00e4\u00e4.jpeg?fit=1200%2C1600&amp;ssl=1\" data-orig-size=\"1200,1600\" data-comments-opened=\"1\" data-image-meta=\"{&quot;aperture&quot;:&quot;0&quot;,&quot;credit&quot;:&quot;&quot;,&quot;camera&quot;:&quot;&quot;,&quot;caption&quot;:&quot;&quot;,&quot;created_timestamp&quot;:&quot;0&quot;,&quot;copyright&quot;:&quot;&quot;,&quot;focal_length&quot;:&quot;0&quot;,&quot;iso&quot;:&quot;0&quot;,&quot;shutter_speed&quot;:&quot;0&quot;,&quot;title&quot;:&quot;&quot;,&quot;orientation&quot;:&quot;0&quot;}\" data-image-title=\"Hildan hyv\u00e4 p\u00e4\u00e4\" data-image-description=\"\" data-medium-file=\"https:\/\/i1.wp.com\/jakunaho.sekuvain.fi\/wp-content\/uploads\/2020\/03\/Hildan-hyv\u00e4-p\u00e4\u00e4.jpeg?fit=225%2C300&amp;ssl=1\" data-large-file=\"https:\/\/i1.wp.com\/jakunaho.sekuvain.fi\/wp-content\/uploads\/2020\/03\/Hildan-hyv\u00e4-p\u00e4\u00e4.jpeg?fit=756%2C1008&amp;ssl=1\" decoding=\"async\" loading=\"lazy\" class=\"wp-image-485 size-medium\" src=\"https:\/\/i0.wp.com\/jakunaho.fi\/wp-content\/uploads\/2020\/03\/Hildan-hyv\u00e4-p\u00e4\u00e4-225x300.jpeg?resize=225%2C300\" alt=\"\" width=\"225\" height=\"300\" srcset=\"https:\/\/i1.wp.com\/jakunaho.sekuvain.fi\/wp-content\/uploads\/2020\/03\/Hildan-hyv\u00e4-p\u00e4\u00e4.jpeg?resize=225%2C300&amp;ssl=1 225w, https:\/\/i1.wp.com\/jakunaho.sekuvain.fi\/wp-content\/uploads\/2020\/03\/Hildan-hyv\u00e4-p\u00e4\u00e4.jpeg?resize=768%2C1024&amp;ssl=1 768w, https:\/\/i1.wp.com\/jakunaho.sekuvain.fi\/wp-content\/uploads\/2020\/03\/Hildan-hyv\u00e4-p\u00e4\u00e4.jpeg?w=1200&amp;ssl=1 1200w\" sizes=\"(max-width: 225px) 100vw, 225px\" data-recalc-dims=\"1\" \/><figcaption id=\"caption-attachment-485\" class=\"wp-caption-text\">Parantunut, uskottiin.<\/figcaption><\/figure>\n<p>Suotta. Muutaman kuukauden p\u00e4\u00e4st\u00e4 oltiin taas alkupisteess\u00e4. Se pienen pieni tumma rupi n\u00e4ytti olleen t\u00e4m\u00e4n nimett\u00f6m\u00e4n kiusaajan lepomaja, sill\u00e4 siit\u00e4 se taas l\u00e4hti. Vaurio levisi pikkuhiljaa entiseen malliin ja pian oli taas koko p\u00e4\u00e4laki auki. P\u00e4\u00e4t\u00e4 on rasitettu, niin em\u00e4nn\u00e4n kuin elukankin, monenlaisin konstein. Haavaan kokeiltiin kaikkea yrttihoidoista l\u00e4\u00e4keliuoksiin. On kokeiltu hautatervat ja kuusenkerkk\u00e4voiteet, pihkavoidetta unohtamatta. Kudoin jopa elukalle hilkan, omista villoistaan. Ajattelin, ett\u00e4 se lanoliini se varmaan auttaa, onhan lampaanvilla hyv\u00e4 apu moneen vaivaan. Vaan Hildapa alkoi raapia p\u00e4\u00e4t\u00e4\u00e4n kahta kauheammin. Onko tuo allerginen omille villoilleen, ajattelin. El\u00e4inl\u00e4\u00e4k\u00e4rille ehdotin, ett\u00e4 lammas on keliaakikko ja villa-allergikko. Siin\u00e4p\u00e4 lambilla kohtalo.<\/p>\n<figure id=\"attachment_483\" aria-describedby=\"caption-attachment-483\" style=\"width: 300px\" class=\"wp-caption aligncenter\"><img data-attachment-id=\"483\" data-permalink=\"https:\/\/jakunaho.sekuvain.fi\/?attachment_id=483\" data-orig-file=\"https:\/\/i0.wp.com\/jakunaho.sekuvain.fi\/wp-content\/uploads\/2020\/03\/hilda-22.8..jpeg?fit=1024%2C768&amp;ssl=1\" data-orig-size=\"1024,768\" data-comments-opened=\"1\" data-image-meta=\"{&quot;aperture&quot;:&quot;0&quot;,&quot;credit&quot;:&quot;&quot;,&quot;camera&quot;:&quot;&quot;,&quot;caption&quot;:&quot;&quot;,&quot;created_timestamp&quot;:&quot;0&quot;,&quot;copyright&quot;:&quot;&quot;,&quot;focal_length&quot;:&quot;0&quot;,&quot;iso&quot;:&quot;0&quot;,&quot;shutter_speed&quot;:&quot;0&quot;,&quot;title&quot;:&quot;&quot;,&quot;orientation&quot;:&quot;0&quot;}\" data-image-title=\"hilda 22.8.\" data-image-description=\"\" data-medium-file=\"https:\/\/i0.wp.com\/jakunaho.sekuvain.fi\/wp-content\/uploads\/2020\/03\/hilda-22.8..jpeg?fit=300%2C225&amp;ssl=1\" data-large-file=\"https:\/\/i0.wp.com\/jakunaho.sekuvain.fi\/wp-content\/uploads\/2020\/03\/hilda-22.8..jpeg?fit=756%2C567&amp;ssl=1\" decoding=\"async\" loading=\"lazy\" class=\"wp-image-483 size-medium\" src=\"https:\/\/i1.wp.com\/jakunaho.fi\/wp-content\/uploads\/2020\/03\/hilda-22.8.-300x225.jpeg?resize=300%2C225\" alt=\"\" width=\"300\" height=\"225\" srcset=\"https:\/\/i0.wp.com\/jakunaho.sekuvain.fi\/wp-content\/uploads\/2020\/03\/hilda-22.8..jpeg?resize=300%2C225&amp;ssl=1 300w, https:\/\/i0.wp.com\/jakunaho.sekuvain.fi\/wp-content\/uploads\/2020\/03\/hilda-22.8..jpeg?resize=768%2C576&amp;ssl=1 768w, https:\/\/i0.wp.com\/jakunaho.sekuvain.fi\/wp-content\/uploads\/2020\/03\/hilda-22.8..jpeg?w=1024&amp;ssl=1 1024w\" sizes=\"(max-width: 300px) 100vw, 300px\" data-recalc-dims=\"1\" \/><figcaption id=\"caption-attachment-483\" class=\"wp-caption-text\">Vaurio laajimmillaan.<\/figcaption><\/figure>\n<p>El\u00e4inl\u00e4\u00e4k\u00e4ri oli siis j\u00e4lleen kerran kutsuttu h\u00e4tiin. Tilasin testit; bakteerit ja sienet tsekkaukseen, maksoi mit\u00e4 maksoi. Vaikka el\u00e4in ei n\u00e4ytt\u00e4nyt k\u00e4rsiv\u00e4n, harmitti minua kajota p\u00e4\u00e4h\u00e4ns\u00e4 joka ikinen p\u00e4iv\u00e4, milloin mik\u00e4kin linimentti testiss\u00e4. N\u00e4ytteet rapsuteltiin ja vastauksia alkoi tippua muutaman viikon sis\u00e4ll\u00e4. Sill\u00e4 v\u00e4lin p\u00e4\u00e4timme kokeilla Canofitea. Tuote on varsinaisesti tarkoitettu koirille ja kissoille b<span style=\"font-size: 1.0625rem;\">akteerien, sienten, hiivojen ja korvapunkin aiheuttamaan ulkokorvantulehdukseen, sek\u00e4 bakteerien ja sienten aiheuttamiin ihotulehduksiin. Ainetta siveltiin p\u00e4\u00e4laelle aamuin illoin. Muutamassa viikossa vain pieni parannus havaittavissa.\u00a0<\/span><\/p>\n<p>Testitulokset kertoivat, ett\u00e4 sienitulehdusta ei ollut, mutta bakteerithan siell\u00e4 jyll\u00e4siv\u00e4t. Kyseess\u00e4 on Staphylococcus aureus, joka viel\u00e4p\u00e4 resistentti monelle l\u00e4\u00e4kkeelle. Kyseess\u00e4 on kinkkinen vieras, jonka nujertamista p\u00e4\u00e4tettiin jatkaa tuolla Canofitella. Ja yritys on palkittu! Nyt p\u00e4\u00e4laki on kauniin vaaleanpunainen (siis viel\u00e4 karvaton, mutta ehj\u00e4) &#8211; pienen pient\u00e4 rupea lukuunottamatta. J\u00e4nnityksell\u00e4 nyt seuraan, vet\u00e4ytyyk\u00f6 tuo mokoma taas vain hetkeksi lep\u00e4\u00e4m\u00e4\u00e4n. Seh\u00e4n t\u00e4st\u00e4 bakteerista varmasti tiedet\u00e4\u00e4n, ett\u00e4 se voi hyvinkin takaisin iske\u00e4.<\/p>\n<p>Taistelu on ollut melkoinen, mutta se on kannattanut. Vaikka el\u00e4in ei ole siit\u00e4 n\u00e4ytt\u00e4nyt kutinaa kummemmin k\u00e4rsiv\u00e4n, on sille tietysti ollut aina pieni stressin paikka, kun p\u00e4\u00e4t\u00e4 on liotettu, pesty, putsattu ja siihen l\u00e4\u00e4kett\u00e4 lapattu. Nyt kun p\u00e4\u00e4 alkaa olla kunnossa (molemmilla), niin Hilda tulee halaamaan, pyyt\u00e4\u00e4 ett\u00e4 rapsutetaan, nojaa silm\u00e4t sirrill\u00e4\u00e4n jalkaan. Kiitt\u00e4\u00e4, ett\u00e4 on hoidettu. N\u00e4in min\u00e4 sen tulkitsen.<\/p>\n<figure id=\"attachment_492\" aria-describedby=\"caption-attachment-492\" style=\"width: 756px\" class=\"wp-caption aligncenter\"><img data-attachment-id=\"492\" data-permalink=\"https:\/\/jakunaho.sekuvain.fi\/?attachment_id=492\" data-orig-file=\"https:\/\/i2.wp.com\/jakunaho.sekuvain.fi\/wp-content\/uploads\/2020\/03\/IMG_7873.jpg?fit=3024%2C3778&amp;ssl=1\" data-orig-size=\"3024,3778\" data-comments-opened=\"1\" data-image-meta=\"{&quot;aperture&quot;:&quot;2.2&quot;,&quot;credit&quot;:&quot;&quot;,&quot;camera&quot;:&quot;iPhone SE&quot;,&quot;caption&quot;:&quot;&quot;,&quot;created_timestamp&quot;:&quot;1512570276&quot;,&quot;copyright&quot;:&quot;&quot;,&quot;focal_length&quot;:&quot;4.15&quot;,&quot;iso&quot;:&quot;25&quot;,&quot;shutter_speed&quot;:&quot;0.02&quot;,&quot;title&quot;:&quot;&quot;,&quot;orientation&quot;:&quot;1&quot;}\" data-image-title=\"IMG_7873\" data-image-description=\"\" data-medium-file=\"https:\/\/i2.wp.com\/jakunaho.sekuvain.fi\/wp-content\/uploads\/2020\/03\/IMG_7873.jpg?fit=240%2C300&amp;ssl=1\" data-large-file=\"https:\/\/i2.wp.com\/jakunaho.sekuvain.fi\/wp-content\/uploads\/2020\/03\/IMG_7873.jpg?fit=756%2C944&amp;ssl=1\" decoding=\"async\" loading=\"lazy\" class=\"wp-image-492 size-large\" src=\"https:\/\/i1.wp.com\/jakunaho.fi\/wp-content\/uploads\/2020\/03\/IMG_7873-820x1024.jpg?resize=756%2C944\" alt=\"\" width=\"756\" height=\"944\" srcset=\"https:\/\/i2.wp.com\/jakunaho.sekuvain.fi\/wp-content\/uploads\/2020\/03\/IMG_7873.jpg?resize=820%2C1024&amp;ssl=1 820w, https:\/\/i2.wp.com\/jakunaho.sekuvain.fi\/wp-content\/uploads\/2020\/03\/IMG_7873.jpg?resize=240%2C300&amp;ssl=1 240w, https:\/\/i2.wp.com\/jakunaho.sekuvain.fi\/wp-content\/uploads\/2020\/03\/IMG_7873.jpg?resize=768%2C959&amp;ssl=1 768w, https:\/\/i2.wp.com\/jakunaho.sekuvain.fi\/wp-content\/uploads\/2020\/03\/IMG_7873.jpg?w=1512 1512w, https:\/\/i2.wp.com\/jakunaho.sekuvain.fi\/wp-content\/uploads\/2020\/03\/IMG_7873.jpg?w=2268 2268w\" sizes=\"(max-width: 756px) 100vw, 756px\" data-recalc-dims=\"1\" \/><figcaption id=\"caption-attachment-492\" class=\"wp-caption-text\">Hilda silloin, kun talvisin oli lunta &#8211; ja p\u00e4\u00e4 kunnossa.<\/figcaption><\/figure>\n<p>&nbsp;<\/p>\n<p>&nbsp;<\/p>\n","protected":false},"excerpt":{"rendered":"<p>Hildaparka. Sill\u00e4 on ollut p\u00e4\u00e4laki auki, enemm\u00e4n ja v\u00e4hemm\u00e4n, kohta kaksi vuotta. Alkuun sarvenpaikat hilseiliv\u00e4t ja pikkuhiljaa niilt\u00e4 kohti meni iho rikki. Ihovaurio laajeni siin\u00e4 m\u00e4\u00e4rin, ett\u00e4 oli kutsuttava el\u00e4inl\u00e4\u00e4k\u00e4ri h\u00e4tiin. Jo pian toinen &#8211; ja konsultoitava kolmatta puhelimitse. Kaikki yht\u00e4 ymm\u00e4ll\u00e4\u00e4n. El\u00e4in oli hyvinvoiva &hellip; <a href=\"https:\/\/jakunaho.sekuvain.fi\/?page_id=481\" class=\"more-link\"><span>Continue reading<span class=\"screen-reader-text\">MYSTINEN\u00a0P\u00c4\u00c4ASIA (sis\u00e4lt\u00e4\u00e4 rujoja kuvia)<\/span><\/span><\/a><\/p>\n","protected":false},"author":1,"featured_media":489,"parent":211,"menu_order":0,"comment_status":"closed","ping_status":"closed","template":"","meta":[],"_links":{"self":[{"href":"https:\/\/jakunaho.sekuvain.fi\/index.php?rest_route=\/wp\/v2\/pages\/481"}],"collection":[{"href":"https:\/\/jakunaho.sekuvain.fi\/index.php?rest_route=\/wp\/v2\/pages"}],"about":[{"href":"https:\/\/jakunaho.sekuvain.fi\/index.php?rest_route=\/wp\/v2\/types\/page"}],"author":[{"embeddable":true,"href":"https:\/\/jakunaho.sekuvain.fi\/index.php?rest_route=\/wp\/v2\/users\/1"}],"replies":[{"embeddable":true,"href":"https:\/\/jakunaho.sekuvain.fi\/index.php?rest_route=%2Fwp%2Fv2%2Fcomments&post=481"}],"version-history":[{"count":5,"href":"https:\/\/jakunaho.sekuvain.fi\/index.php?rest_route=\/wp\/v2\/pages\/481\/revisions"}],"predecessor-version":[{"id":493,"href":"https:\/\/jakunaho.sekuvain.fi\/index.php?rest_route=\/wp\/v2\/pages\/481\/revisions\/493"}],"up":[{"embeddable":true,"href":"https:\/\/jakunaho.sekuvain.fi\/index.php?rest_route=\/wp\/v2\/pages\/211"}],"wp:featuredmedia":[{"embeddable":true,"href":"https:\/\/jakunaho.sekuvain.fi\/index.php?rest_route=\/wp\/v2\/media\/489"}],"wp:attachment":[{"href":"https:\/\/jakunaho.sekuvain.fi\/index.php?rest_route=%2Fwp%2Fv2%2Fmedia&parent=481"}],"curies":[{"name":"wp","href":"https:\/\/api.w.org\/{rel}","templated":true}]}}