{"id":468,"date":"2020-03-18T16:32:47","date_gmt":"2020-03-18T16:32:47","guid":{"rendered":"http:\/\/jakunaho.fi\/?page_id=468"},"modified":"2020-03-18T16:32:47","modified_gmt":"2020-03-18T16:32:47","slug":"pain-seinia-seinia-pain","status":"publish","type":"page","link":"https:\/\/jakunaho.sekuvain.fi\/?page_id=468","title":{"rendered":"P\u00c4IN\u00a0SEINI\u00c4,\u00a0SEINI\u00c4\u00a0P\u00c4IN"},"content":{"rendered":"<p>Kun el\u00e4m\u00e4ss\u00e4 tulee sein\u00e4 eteen, t\u00e4ytyy tehd\u00e4 p\u00e4\u00e4t\u00f6ksi\u00e4. Usein olen ne kaatanut, mutta v\u00e4lill\u00e4 on ryhdytt\u00e4v\u00e4 muihin toimiin.<\/p>\n<p>Talon ruokahuoneessa oli sein\u00e4, joka tuntui kaatuvan p\u00e4\u00e4lle. Olin valinnut paikkani ruokap\u00f6yd\u00e4ss\u00e4 niin, ett\u00e4 jouduin tuijottamaan tuota tylsyytt\u00e4 p\u00e4iv\u00e4t p\u00e4\u00e4ksytysten. Sein\u00e4 kuului huoneesta napattuun tilaan, johon oli, edellisen asukkaan liikuntakyvytt\u00f6m\u00e4lle vanhemmalle, rakennettu suihkukoppi. Sein\u00e4 siis oli hyvinkin kevytrakenteinen, eik\u00e4 kantava ollenkaan, joten sen purkaminen olisi ollut yksi k\u00f6yk\u00e4inen iltap\u00e4iv\u00e4puhde (eik\u00f6 remontit aina!). Mutta, koska kopperoon oli rakennettu suihku, oli sinne my\u00f6s tehty lattiakaivo, josta syyst\u00e4 koppi oli jo aiemmin p\u00e4\u00e4tetty s\u00e4ilytt\u00e4\u00e4, ja se keitti\u00f6n tiski ja s\u00e4hk\u00f6liesitilaksi risti\u00e4. Koppero siis oivasti kyll\u00e4 keitti\u00f6n ja ruokahuoneen v\u00e4liss\u00e4, mutta koska tuo lattiakaivollinen tila niin kovin erillinen kaikesta, en sit\u00e4 halunnut ruokatilaankaan yhdist\u00e4\u00e4. Jokainen hetki ruokap\u00f6yd\u00e4n \u00e4\u00e4ress\u00e4 viritti aivot sein\u00e4taistoon; mit\u00e4 tehd\u00e4 tuolle tylylle vaalealle pl\u00e4ntille &#8211; jos ei maalata mustaksi. Tapettivaihtoehto oli moneen kertaan mietitty, sein\u00e4maalaus ei kohtaan istunut.<\/p>\n<p>Sitten er\u00e4\u00e4n\u00e4, varmaankin kauniina, lauantaiaamuna se tapahtui. Tiesin mit\u00e4 sein\u00e4lle tuli tehd\u00e4. Ratkaisu oli lojunut makasiinin ylisill\u00e4 jo kuukausitolkulla. Ikkuna, ikkunoita! Sein\u00e4 alas, tilalle vanhoja ikkunoita. Poissa olisi tyly, katseen pys\u00e4ytt\u00e4v\u00e4 pinta ja tilalle tulisi syvyys, l\u00e4pin\u00e4kyvyys ja kopperosta katsoen: valo!<\/p>\n<p>Ja koska idea valui p\u00f6yt\u00e4\u00e4n minun aivoistani, hommaan oli ryhdytt\u00e4v\u00e4 heti. Siis ihan heti. Silt\u00e4 istumalta. Levyt irti ja vasta sitten tarkemmin suunnittelemaan. Vain n\u00e4in saa varmistettua ett\u00e4 asia tapahtuu. Etuk\u00e4teen mittailu on niin vanhanaikaista. Toimeen vaan.<\/p>\n<p>Uusi sein\u00e4 on ollut paikallaan jo hyv\u00e4n tovin, enk\u00e4 ole sit\u00e4 kyll\u00e4stynyt katsomaan. No, pient\u00e4 fiksailua viel\u00e4 olisi &#8211; mutta niin aina (ainakin t\u00e4\u00e4ll\u00e4 meill\u00e4).<\/p>\n<figure id=\"attachment_471\" aria-describedby=\"caption-attachment-471\" style=\"width: 2048px\" class=\"wp-caption aligncenter\"><img data-attachment-id=\"471\" data-permalink=\"https:\/\/jakunaho.sekuvain.fi\/?attachment_id=471\" data-orig-file=\"https:\/\/i0.wp.com\/jakunaho.sekuvain.fi\/wp-content\/uploads\/2020\/03\/keitti\u00f6ikkunasein\u00e4.jpg?fit=2048%2C2048&amp;ssl=1\" data-orig-size=\"2048,2048\" data-comments-opened=\"1\" data-image-meta=\"{&quot;aperture&quot;:&quot;0&quot;,&quot;credit&quot;:&quot;&quot;,&quot;camera&quot;:&quot;&quot;,&quot;caption&quot;:&quot;&quot;,&quot;created_timestamp&quot;:&quot;0&quot;,&quot;copyright&quot;:&quot;&quot;,&quot;focal_length&quot;:&quot;0&quot;,&quot;iso&quot;:&quot;0&quot;,&quot;shutter_speed&quot;:&quot;0&quot;,&quot;title&quot;:&quot;&quot;,&quot;orientation&quot;:&quot;1&quot;}\" data-image-title=\"keitti\u00f6ikkunasein\u00e4\" data-image-description=\"\" data-medium-file=\"https:\/\/i0.wp.com\/jakunaho.sekuvain.fi\/wp-content\/uploads\/2020\/03\/keitti\u00f6ikkunasein\u00e4.jpg?fit=300%2C300&amp;ssl=1\" data-large-file=\"https:\/\/i0.wp.com\/jakunaho.sekuvain.fi\/wp-content\/uploads\/2020\/03\/keitti\u00f6ikkunasein\u00e4.jpg?fit=756%2C756&amp;ssl=1\" decoding=\"async\" loading=\"lazy\" class=\"wp-image-471 size-full\" src=\"https:\/\/i1.wp.com\/jakunaho.fi\/wp-content\/uploads\/2020\/03\/keitti\u00f6ikkunasein\u00e4.jpg?resize=756%2C756\" alt=\"\" width=\"756\" height=\"756\" srcset=\"https:\/\/i0.wp.com\/jakunaho.sekuvain.fi\/wp-content\/uploads\/2020\/03\/keitti\u00f6ikkunasein\u00e4.jpg?w=2048&amp;ssl=1 2048w, https:\/\/i0.wp.com\/jakunaho.sekuvain.fi\/wp-content\/uploads\/2020\/03\/keitti\u00f6ikkunasein\u00e4.jpg?resize=150%2C150&amp;ssl=1 150w, https:\/\/i0.wp.com\/jakunaho.sekuvain.fi\/wp-content\/uploads\/2020\/03\/keitti\u00f6ikkunasein\u00e4.jpg?resize=300%2C300&amp;ssl=1 300w, https:\/\/i0.wp.com\/jakunaho.sekuvain.fi\/wp-content\/uploads\/2020\/03\/keitti\u00f6ikkunasein\u00e4.jpg?resize=768%2C768&amp;ssl=1 768w, https:\/\/i0.wp.com\/jakunaho.sekuvain.fi\/wp-content\/uploads\/2020\/03\/keitti\u00f6ikkunasein\u00e4.jpg?resize=1024%2C1024&amp;ssl=1 1024w, https:\/\/i0.wp.com\/jakunaho.sekuvain.fi\/wp-content\/uploads\/2020\/03\/keitti\u00f6ikkunasein\u00e4.jpg?resize=533%2C533&amp;ssl=1 533w, https:\/\/i0.wp.com\/jakunaho.sekuvain.fi\/wp-content\/uploads\/2020\/03\/keitti\u00f6ikkunasein\u00e4.jpg?resize=640%2C640&amp;ssl=1 640w, https:\/\/i0.wp.com\/jakunaho.sekuvain.fi\/wp-content\/uploads\/2020\/03\/keitti\u00f6ikkunasein\u00e4.jpg?resize=864%2C864&amp;ssl=1 864w, https:\/\/i0.wp.com\/jakunaho.sekuvain.fi\/wp-content\/uploads\/2020\/03\/keitti\u00f6ikkunasein\u00e4.jpg?resize=50%2C50&amp;ssl=1 50w, https:\/\/i0.wp.com\/jakunaho.sekuvain.fi\/wp-content\/uploads\/2020\/03\/keitti\u00f6ikkunasein\u00e4.jpg?w=1512 1512w\" sizes=\"(max-width: 756px) 100vw, 756px\" data-recalc-dims=\"1\" \/><figcaption id=\"caption-attachment-471\" class=\"wp-caption-text\">Vaiheet.<\/figcaption><\/figure>\n<figure id=\"attachment_474\" aria-describedby=\"caption-attachment-474\" style=\"width: 756px\" class=\"wp-caption aligncenter\"><img data-attachment-id=\"474\" data-permalink=\"https:\/\/jakunaho.sekuvain.fi\/?attachment_id=474\" data-orig-file=\"https:\/\/i1.wp.com\/jakunaho.sekuvain.fi\/wp-content\/uploads\/2020\/03\/keitti\u00f6ikkunasein\u00e4-kopista-2.jpg?fit=3024%2C3024&amp;ssl=1\" data-orig-size=\"3024,3024\" data-comments-opened=\"1\" data-image-meta=\"{&quot;aperture&quot;:&quot;2.2&quot;,&quot;credit&quot;:&quot;&quot;,&quot;camera&quot;:&quot;iPhone SE&quot;,&quot;caption&quot;:&quot;&quot;,&quot;created_timestamp&quot;:&quot;1491335332&quot;,&quot;copyright&quot;:&quot;&quot;,&quot;focal_length&quot;:&quot;4.15&quot;,&quot;iso&quot;:&quot;1000&quot;,&quot;shutter_speed&quot;:&quot;0.058823529411765&quot;,&quot;title&quot;:&quot;&quot;,&quot;orientation&quot;:&quot;1&quot;}\" data-image-title=\"keitti\u00f6ikkunasein\u00e4 kopista 2\" data-image-description=\"\" data-medium-file=\"https:\/\/i1.wp.com\/jakunaho.sekuvain.fi\/wp-content\/uploads\/2020\/03\/keitti\u00f6ikkunasein\u00e4-kopista-2.jpg?fit=300%2C300&amp;ssl=1\" data-large-file=\"https:\/\/i1.wp.com\/jakunaho.sekuvain.fi\/wp-content\/uploads\/2020\/03\/keitti\u00f6ikkunasein\u00e4-kopista-2.jpg?fit=756%2C756&amp;ssl=1\" decoding=\"async\" loading=\"lazy\" class=\"wp-image-474 size-large\" src=\"https:\/\/i0.wp.com\/jakunaho.fi\/wp-content\/uploads\/2020\/03\/keitti\u00f6ikkunasein\u00e4-kopista-2-1024x1024.jpg?resize=756%2C756\" alt=\"\" width=\"756\" height=\"756\" srcset=\"https:\/\/i1.wp.com\/jakunaho.sekuvain.fi\/wp-content\/uploads\/2020\/03\/keitti\u00f6ikkunasein\u00e4-kopista-2.jpg?resize=1024%2C1024&amp;ssl=1 1024w, https:\/\/i1.wp.com\/jakunaho.sekuvain.fi\/wp-content\/uploads\/2020\/03\/keitti\u00f6ikkunasein\u00e4-kopista-2.jpg?resize=150%2C150&amp;ssl=1 150w, https:\/\/i1.wp.com\/jakunaho.sekuvain.fi\/wp-content\/uploads\/2020\/03\/keitti\u00f6ikkunasein\u00e4-kopista-2.jpg?resize=300%2C300&amp;ssl=1 300w, https:\/\/i1.wp.com\/jakunaho.sekuvain.fi\/wp-content\/uploads\/2020\/03\/keitti\u00f6ikkunasein\u00e4-kopista-2.jpg?resize=768%2C768&amp;ssl=1 768w, https:\/\/i1.wp.com\/jakunaho.sekuvain.fi\/wp-content\/uploads\/2020\/03\/keitti\u00f6ikkunasein\u00e4-kopista-2.jpg?resize=533%2C533&amp;ssl=1 533w, https:\/\/i1.wp.com\/jakunaho.sekuvain.fi\/wp-content\/uploads\/2020\/03\/keitti\u00f6ikkunasein\u00e4-kopista-2.jpg?resize=640%2C640&amp;ssl=1 640w, https:\/\/i1.wp.com\/jakunaho.sekuvain.fi\/wp-content\/uploads\/2020\/03\/keitti\u00f6ikkunasein\u00e4-kopista-2.jpg?resize=864%2C864&amp;ssl=1 864w, https:\/\/i1.wp.com\/jakunaho.sekuvain.fi\/wp-content\/uploads\/2020\/03\/keitti\u00f6ikkunasein\u00e4-kopista-2.jpg?resize=50%2C50&amp;ssl=1 50w, https:\/\/i1.wp.com\/jakunaho.sekuvain.fi\/wp-content\/uploads\/2020\/03\/keitti\u00f6ikkunasein\u00e4-kopista-2.jpg?w=1512 1512w, https:\/\/i1.wp.com\/jakunaho.sekuvain.fi\/wp-content\/uploads\/2020\/03\/keitti\u00f6ikkunasein\u00e4-kopista-2.jpg?w=2268 2268w\" sizes=\"(max-width: 756px) 100vw, 756px\" data-recalc-dims=\"1\" \/><figcaption id=\"caption-attachment-474\" class=\"wp-caption-text\">Kopperosta ruokahuoneeseen. T\u00e4ss\u00e4 viel\u00e4 alaosat paneloimatta.<\/figcaption><\/figure>\n<p><img data-attachment-id=\"477\" data-permalink=\"https:\/\/jakunaho.sekuvain.fi\/?attachment_id=477\" data-orig-file=\"https:\/\/i1.wp.com\/jakunaho.sekuvain.fi\/wp-content\/uploads\/2020\/03\/keitti\u00f6ikkunasein\u00e4\u00e4.jpg?fit=3024%2C3779&amp;ssl=1\" data-orig-size=\"3024,3779\" data-comments-opened=\"1\" data-image-meta=\"{&quot;aperture&quot;:&quot;2.2&quot;,&quot;credit&quot;:&quot;&quot;,&quot;camera&quot;:&quot;iPhone SE&quot;,&quot;caption&quot;:&quot;&quot;,&quot;created_timestamp&quot;:&quot;1492881039&quot;,&quot;copyright&quot;:&quot;&quot;,&quot;focal_length&quot;:&quot;4.15&quot;,&quot;iso&quot;:&quot;125&quot;,&quot;shutter_speed&quot;:&quot;0.03030303030303&quot;,&quot;title&quot;:&quot;&quot;,&quot;orientation&quot;:&quot;1&quot;}\" data-image-title=\"keitti\u00f6ikkunasein\u00e4\u00e4\" data-image-description=\"\" data-medium-file=\"https:\/\/i1.wp.com\/jakunaho.sekuvain.fi\/wp-content\/uploads\/2020\/03\/keitti\u00f6ikkunasein\u00e4\u00e4.jpg?fit=240%2C300&amp;ssl=1\" data-large-file=\"https:\/\/i1.wp.com\/jakunaho.sekuvain.fi\/wp-content\/uploads\/2020\/03\/keitti\u00f6ikkunasein\u00e4\u00e4.jpg?fit=756%2C945&amp;ssl=1\" decoding=\"async\" loading=\"lazy\" class=\"aligncenter wp-image-477 size-large\" src=\"https:\/\/i2.wp.com\/jakunaho.fi\/wp-content\/uploads\/2020\/03\/keitti\u00f6ikkunasein\u00e4\u00e4-819x1024.jpg?resize=756%2C945\" alt=\"\" width=\"756\" height=\"945\" srcset=\"https:\/\/i1.wp.com\/jakunaho.sekuvain.fi\/wp-content\/uploads\/2020\/03\/keitti\u00f6ikkunasein\u00e4\u00e4.jpg?resize=819%2C1024&amp;ssl=1 819w, https:\/\/i1.wp.com\/jakunaho.sekuvain.fi\/wp-content\/uploads\/2020\/03\/keitti\u00f6ikkunasein\u00e4\u00e4.jpg?resize=240%2C300&amp;ssl=1 240w, https:\/\/i1.wp.com\/jakunaho.sekuvain.fi\/wp-content\/uploads\/2020\/03\/keitti\u00f6ikkunasein\u00e4\u00e4.jpg?resize=768%2C960&amp;ssl=1 768w, https:\/\/i1.wp.com\/jakunaho.sekuvain.fi\/wp-content\/uploads\/2020\/03\/keitti\u00f6ikkunasein\u00e4\u00e4.jpg?w=1512 1512w, https:\/\/i1.wp.com\/jakunaho.sekuvain.fi\/wp-content\/uploads\/2020\/03\/keitti\u00f6ikkunasein\u00e4\u00e4.jpg?w=2268 2268w\" sizes=\"(max-width: 756px) 100vw, 756px\" data-recalc-dims=\"1\" \/><\/p>\n<figure id=\"attachment_473\" aria-describedby=\"caption-attachment-473\" style=\"width: 756px\" class=\"wp-caption aligncenter\"><img data-attachment-id=\"473\" data-permalink=\"https:\/\/jakunaho.sekuvain.fi\/?attachment_id=473\" data-orig-file=\"https:\/\/i2.wp.com\/jakunaho.sekuvain.fi\/wp-content\/uploads\/2020\/03\/keitti\u00f6ikkunasein\u00e4-ja-ovioviovi.jpg?fit=3024%2C3779&amp;ssl=1\" data-orig-size=\"3024,3779\" data-comments-opened=\"1\" data-image-meta=\"{&quot;aperture&quot;:&quot;2.2&quot;,&quot;credit&quot;:&quot;&quot;,&quot;camera&quot;:&quot;iPhone SE&quot;,&quot;caption&quot;:&quot;&quot;,&quot;created_timestamp&quot;:&quot;1492973606&quot;,&quot;copyright&quot;:&quot;&quot;,&quot;focal_length&quot;:&quot;4.15&quot;,&quot;iso&quot;:&quot;200&quot;,&quot;shutter_speed&quot;:&quot;0.03030303030303&quot;,&quot;title&quot;:&quot;&quot;,&quot;orientation&quot;:&quot;1&quot;}\" data-image-title=\"keitti\u00f6ikkunasein\u00e4 ja ovioviovi\" data-image-description=\"\" data-medium-file=\"https:\/\/i2.wp.com\/jakunaho.sekuvain.fi\/wp-content\/uploads\/2020\/03\/keitti\u00f6ikkunasein\u00e4-ja-ovioviovi.jpg?fit=240%2C300&amp;ssl=1\" data-large-file=\"https:\/\/i2.wp.com\/jakunaho.sekuvain.fi\/wp-content\/uploads\/2020\/03\/keitti\u00f6ikkunasein\u00e4-ja-ovioviovi.jpg?fit=756%2C945&amp;ssl=1\" decoding=\"async\" loading=\"lazy\" class=\"wp-image-473 size-large\" src=\"https:\/\/i2.wp.com\/jakunaho.fi\/wp-content\/uploads\/2020\/03\/keitti\u00f6ikkunasein\u00e4-ja-ovioviovi-819x1024.jpg?resize=756%2C945\" alt=\"\" width=\"756\" height=\"945\" srcset=\"https:\/\/i2.wp.com\/jakunaho.sekuvain.fi\/wp-content\/uploads\/2020\/03\/keitti\u00f6ikkunasein\u00e4-ja-ovioviovi.jpg?resize=819%2C1024&amp;ssl=1 819w, https:\/\/i2.wp.com\/jakunaho.sekuvain.fi\/wp-content\/uploads\/2020\/03\/keitti\u00f6ikkunasein\u00e4-ja-ovioviovi.jpg?resize=240%2C300&amp;ssl=1 240w, https:\/\/i2.wp.com\/jakunaho.sekuvain.fi\/wp-content\/uploads\/2020\/03\/keitti\u00f6ikkunasein\u00e4-ja-ovioviovi.jpg?resize=768%2C960&amp;ssl=1 768w, https:\/\/i2.wp.com\/jakunaho.sekuvain.fi\/wp-content\/uploads\/2020\/03\/keitti\u00f6ikkunasein\u00e4-ja-ovioviovi.jpg?w=1512 1512w, https:\/\/i2.wp.com\/jakunaho.sekuvain.fi\/wp-content\/uploads\/2020\/03\/keitti\u00f6ikkunasein\u00e4-ja-ovioviovi.jpg?w=2268 2268w\" sizes=\"(max-width: 756px) 100vw, 756px\" data-recalc-dims=\"1\" \/><figcaption id=\"caption-attachment-473\" class=\"wp-caption-text\">Ovia ovia ovia.<\/figcaption><\/figure>\n<p>&nbsp;<\/p>\n","protected":false},"excerpt":{"rendered":"<p>Kun el\u00e4m\u00e4ss\u00e4 tulee sein\u00e4 eteen, t\u00e4ytyy tehd\u00e4 p\u00e4\u00e4t\u00f6ksi\u00e4. Usein olen ne kaatanut, mutta v\u00e4lill\u00e4 on ryhdytt\u00e4v\u00e4 muihin toimiin. Talon ruokahuoneessa oli sein\u00e4, joka tuntui kaatuvan p\u00e4\u00e4lle. Olin valinnut paikkani ruokap\u00f6yd\u00e4ss\u00e4 niin, ett\u00e4 jouduin tuijottamaan tuota tylsyytt\u00e4 p\u00e4iv\u00e4t p\u00e4\u00e4ksytysten. Sein\u00e4 kuului huoneesta napattuun tilaan, johon oli, &hellip; <a href=\"https:\/\/jakunaho.sekuvain.fi\/?page_id=468\" class=\"more-link\"><span>Continue reading<span class=\"screen-reader-text\">P\u00c4IN\u00a0SEINI\u00c4,\u00a0SEINI\u00c4\u00a0P\u00c4IN<\/span><\/span><\/a><\/p>\n","protected":false},"author":1,"featured_media":480,"parent":154,"menu_order":0,"comment_status":"closed","ping_status":"closed","template":"","meta":[],"_links":{"self":[{"href":"https:\/\/jakunaho.sekuvain.fi\/index.php?rest_route=\/wp\/v2\/pages\/468"}],"collection":[{"href":"https:\/\/jakunaho.sekuvain.fi\/index.php?rest_route=\/wp\/v2\/pages"}],"about":[{"href":"https:\/\/jakunaho.sekuvain.fi\/index.php?rest_route=\/wp\/v2\/types\/page"}],"author":[{"embeddable":true,"href":"https:\/\/jakunaho.sekuvain.fi\/index.php?rest_route=\/wp\/v2\/users\/1"}],"replies":[{"embeddable":true,"href":"https:\/\/jakunaho.sekuvain.fi\/index.php?rest_route=%2Fwp%2Fv2%2Fcomments&post=468"}],"version-history":[{"count":3,"href":"https:\/\/jakunaho.sekuvain.fi\/index.php?rest_route=\/wp\/v2\/pages\/468\/revisions"}],"predecessor-version":[{"id":478,"href":"https:\/\/jakunaho.sekuvain.fi\/index.php?rest_route=\/wp\/v2\/pages\/468\/revisions\/478"}],"up":[{"embeddable":true,"href":"https:\/\/jakunaho.sekuvain.fi\/index.php?rest_route=\/wp\/v2\/pages\/154"}],"wp:featuredmedia":[{"embeddable":true,"href":"https:\/\/jakunaho.sekuvain.fi\/index.php?rest_route=\/wp\/v2\/media\/480"}],"wp:attachment":[{"href":"https:\/\/jakunaho.sekuvain.fi\/index.php?rest_route=%2Fwp%2Fv2%2Fmedia&parent=468"}],"curies":[{"name":"wp","href":"https:\/\/api.w.org\/{rel}","templated":true}]}}