{"id":453,"date":"2020-01-19T15:25:43","date_gmt":"2020-01-19T15:25:43","guid":{"rendered":"http:\/\/jakunaho.fi\/?page_id=453"},"modified":"2020-11-18T08:06:48","modified_gmt":"2020-11-18T08:06:48","slug":"esihistoriallisissa-tunnelmissa","status":"publish","type":"page","link":"https:\/\/jakunaho.sekuvain.fi\/?page_id=453","title":{"rendered":"Esihistoriallisissa tunnelmissa"},"content":{"rendered":"<p>Kirahvi on kuin photoshopattu maisemaan, kuin kuva esihistorialliselta ajalta. Kummalliset mittasuhteet, hemmetin iso. Siin\u00e4 se t\u00f6r\u00f6tt\u00e4\u00e4 tien laidassa, kuin keinokuituinen patsas, kunnes liikahtaa.<\/p>\n<p>Elossa se on, samoin kuin naapurinsa norsu, pahkasika ja leijona. Happea n\u00e4ytt\u00e4v\u00e4t ottavan hippo, sarvikuono ja afrikkalainen villikoirakin.<\/p>\n<p>Matka Etel\u00e4-Afrikkaan oli ensisijaisesti el\u00e4inpainotteinen. Vierailu savannille, valtavaan Krugerin luonnonpuistoon, her\u00e4tti kahtalaisia tunteita. Toisaalta on aivan mahtavaa p\u00e4\u00e4st\u00e4 niin l\u00e4helle villiel\u00e4int\u00e4, toisaalta se tuntuu er\u00e4\u00e4nlaiselta mets\u00e4st\u00e4miselt\u00e4. N\u00e4in\u00e4 someaikoina linjat huutavat kuumina, miss\u00e4 mik\u00e4kin \u00f6t\u00f6kk\u00e4 luuraa ja me rienn\u00e4mme paikalle tuijottamaan. Meist\u00e4 kukaan ei ammu kameraa kovemmilla panoksilla, mutta salamets\u00e4st\u00e4j\u00e4tkin osaavat k\u00e4ytt\u00e4\u00e4 laitteita. Siell\u00e4 sit\u00e4 internetiss\u00e4 punaista palloa laitetaan; olen t\u00e4ss\u00e4, tuossa edess\u00e4ni on sarvikuono poikineen. Ja siit\u00e4 ei aina hyv\u00e4 seuraa.<\/p>\n<p>(en ladannut oheisia kuvia nettiin paikanp\u00e4\u00e4lt\u00e4)<\/p>\n<p>Krugerissa salamets\u00e4stet\u00e4\u00e4n sarvikuonoja keskim\u00e4\u00e4rin yksi p\u00e4iv\u00e4ss\u00e4. 365 vuodessa &#8211; ja t\u00e4m\u00e4 tilanne on paras pitkiin aikoihin. El\u00e4imelt\u00e4 riistetty sarvi myyd\u00e4\u00e4n potenssil\u00e4\u00e4kkeen\u00e4 ja hyv\u00e4nonnenkoruina. Oikeesti ihminen: olet paska, j\u00e4lleen kerran.<\/p>\n<p>Nyt Krugerissa suunnitellaan netin alasajoa &#8211; hyv\u00e4 niin.<\/p>\n<p>Anteeksi el\u00e4imet. Kiitos el\u00e4imet.<\/p>\n<p><img data-attachment-id=\"458\" data-permalink=\"https:\/\/jakunaho.sekuvain.fi\/?attachment_id=458\" data-orig-file=\"https:\/\/i0.wp.com\/jakunaho.sekuvain.fi\/wp-content\/uploads\/2020\/01\/BD9E86D1-C423-4E08-A84D-740E55E77D10.jpg?fit=3214%2C1886&amp;ssl=1\" data-orig-size=\"3214,1886\" data-comments-opened=\"1\" data-image-meta=\"{&quot;aperture&quot;:&quot;2.4&quot;,&quot;credit&quot;:&quot;&quot;,&quot;camera&quot;:&quot;iPhone X&quot;,&quot;caption&quot;:&quot;&quot;,&quot;created_timestamp&quot;:&quot;1577861370&quot;,&quot;copyright&quot;:&quot;&quot;,&quot;focal_length&quot;:&quot;6&quot;,&quot;iso&quot;:&quot;16&quot;,&quot;shutter_speed&quot;:&quot;0.0065359477124183&quot;,&quot;title&quot;:&quot;&quot;,&quot;orientation&quot;:&quot;1&quot;}\" data-image-title=\"BD9E86D1-C423-4E08-A84D-740E55E77D10\" data-image-description=\"\" data-medium-file=\"https:\/\/i0.wp.com\/jakunaho.sekuvain.fi\/wp-content\/uploads\/2020\/01\/BD9E86D1-C423-4E08-A84D-740E55E77D10.jpg?fit=300%2C176&amp;ssl=1\" data-large-file=\"https:\/\/i0.wp.com\/jakunaho.sekuvain.fi\/wp-content\/uploads\/2020\/01\/BD9E86D1-C423-4E08-A84D-740E55E77D10.jpg?fit=756%2C444&amp;ssl=1\" decoding=\"async\" loading=\"lazy\" class=\"aligncenter wp-image-458 size-large\" src=\"https:\/\/i2.wp.com\/jakunaho.fi\/wp-content\/uploads\/2020\/01\/BD9E86D1-C423-4E08-A84D-740E55E77D10-1024x601.jpg?resize=756%2C444\" alt=\"\" width=\"756\" height=\"444\" srcset=\"https:\/\/i0.wp.com\/jakunaho.sekuvain.fi\/wp-content\/uploads\/2020\/01\/BD9E86D1-C423-4E08-A84D-740E55E77D10.jpg?resize=1024%2C601&amp;ssl=1 1024w, https:\/\/i0.wp.com\/jakunaho.sekuvain.fi\/wp-content\/uploads\/2020\/01\/BD9E86D1-C423-4E08-A84D-740E55E77D10.jpg?resize=300%2C176&amp;ssl=1 300w, https:\/\/i0.wp.com\/jakunaho.sekuvain.fi\/wp-content\/uploads\/2020\/01\/BD9E86D1-C423-4E08-A84D-740E55E77D10.jpg?resize=768%2C451&amp;ssl=1 768w, https:\/\/i0.wp.com\/jakunaho.sekuvain.fi\/wp-content\/uploads\/2020\/01\/BD9E86D1-C423-4E08-A84D-740E55E77D10.jpg?w=1512 1512w, https:\/\/i0.wp.com\/jakunaho.sekuvain.fi\/wp-content\/uploads\/2020\/01\/BD9E86D1-C423-4E08-A84D-740E55E77D10.jpg?w=2268 2268w\" sizes=\"(max-width: 756px) 100vw, 756px\" data-recalc-dims=\"1\" \/><\/p>\n<p><img data-attachment-id=\"455\" data-permalink=\"https:\/\/jakunaho.sekuvain.fi\/?attachment_id=455\" data-orig-file=\"https:\/\/i2.wp.com\/jakunaho.sekuvain.fi\/wp-content\/uploads\/2020\/01\/2079DE6A-BFE9-445E-AD54-0EEB4E0B94B3.jpg?fit=2427%2C1818&amp;ssl=1\" data-orig-size=\"2427,1818\" data-comments-opened=\"1\" data-image-meta=\"{&quot;aperture&quot;:&quot;2.4&quot;,&quot;credit&quot;:&quot;&quot;,&quot;camera&quot;:&quot;iPhone X&quot;,&quot;caption&quot;:&quot;&quot;,&quot;created_timestamp&quot;:&quot;1577862005&quot;,&quot;copyright&quot;:&quot;&quot;,&quot;focal_length&quot;:&quot;6&quot;,&quot;iso&quot;:&quot;16&quot;,&quot;shutter_speed&quot;:&quot;0.0023529411764706&quot;,&quot;title&quot;:&quot;&quot;,&quot;orientation&quot;:&quot;1&quot;}\" data-image-title=\"2079DE6A-BFE9-445E-AD54-0EEB4E0B94B3\" data-image-description=\"\" data-medium-file=\"https:\/\/i2.wp.com\/jakunaho.sekuvain.fi\/wp-content\/uploads\/2020\/01\/2079DE6A-BFE9-445E-AD54-0EEB4E0B94B3.jpg?fit=300%2C225&amp;ssl=1\" data-large-file=\"https:\/\/i2.wp.com\/jakunaho.sekuvain.fi\/wp-content\/uploads\/2020\/01\/2079DE6A-BFE9-445E-AD54-0EEB4E0B94B3.jpg?fit=756%2C566&amp;ssl=1\" decoding=\"async\" loading=\"lazy\" class=\"aligncenter wp-image-455 size-large\" src=\"https:\/\/i2.wp.com\/jakunaho.fi\/wp-content\/uploads\/2020\/01\/2079DE6A-BFE9-445E-AD54-0EEB4E0B94B3-1024x767.jpg?resize=756%2C566\" alt=\"\" width=\"756\" height=\"566\" srcset=\"https:\/\/i2.wp.com\/jakunaho.sekuvain.fi\/wp-content\/uploads\/2020\/01\/2079DE6A-BFE9-445E-AD54-0EEB4E0B94B3.jpg?resize=1024%2C767&amp;ssl=1 1024w, https:\/\/i2.wp.com\/jakunaho.sekuvain.fi\/wp-content\/uploads\/2020\/01\/2079DE6A-BFE9-445E-AD54-0EEB4E0B94B3.jpg?resize=300%2C225&amp;ssl=1 300w, https:\/\/i2.wp.com\/jakunaho.sekuvain.fi\/wp-content\/uploads\/2020\/01\/2079DE6A-BFE9-445E-AD54-0EEB4E0B94B3.jpg?resize=768%2C575&amp;ssl=1 768w, https:\/\/i2.wp.com\/jakunaho.sekuvain.fi\/wp-content\/uploads\/2020\/01\/2079DE6A-BFE9-445E-AD54-0EEB4E0B94B3.jpg?w=1512 1512w, https:\/\/i2.wp.com\/jakunaho.sekuvain.fi\/wp-content\/uploads\/2020\/01\/2079DE6A-BFE9-445E-AD54-0EEB4E0B94B3.jpg?w=2268 2268w\" sizes=\"(max-width: 756px) 100vw, 756px\" data-recalc-dims=\"1\" \/><\/p>\n<p><img data-attachment-id=\"457\" data-permalink=\"https:\/\/jakunaho.sekuvain.fi\/?attachment_id=457\" data-orig-file=\"https:\/\/i0.wp.com\/jakunaho.sekuvain.fi\/wp-content\/uploads\/2020\/01\/654E2680-29D8-4148-9DB8-D0F96F837B90.jpg?fit=2048%2C2048&amp;ssl=1\" data-orig-size=\"2048,2048\" data-comments-opened=\"1\" data-image-meta=\"{&quot;aperture&quot;:&quot;0&quot;,&quot;credit&quot;:&quot;&quot;,&quot;camera&quot;:&quot;&quot;,&quot;caption&quot;:&quot;&quot;,&quot;created_timestamp&quot;:&quot;0&quot;,&quot;copyright&quot;:&quot;&quot;,&quot;focal_length&quot;:&quot;0&quot;,&quot;iso&quot;:&quot;0&quot;,&quot;shutter_speed&quot;:&quot;0&quot;,&quot;title&quot;:&quot;&quot;,&quot;orientation&quot;:&quot;1&quot;}\" data-image-title=\"654E2680-29D8-4148-9DB8-D0F96F837B90\" data-image-description=\"\" data-medium-file=\"https:\/\/i0.wp.com\/jakunaho.sekuvain.fi\/wp-content\/uploads\/2020\/01\/654E2680-29D8-4148-9DB8-D0F96F837B90.jpg?fit=300%2C300&amp;ssl=1\" data-large-file=\"https:\/\/i0.wp.com\/jakunaho.sekuvain.fi\/wp-content\/uploads\/2020\/01\/654E2680-29D8-4148-9DB8-D0F96F837B90.jpg?fit=756%2C756&amp;ssl=1\" decoding=\"async\" loading=\"lazy\" class=\"aligncenter wp-image-457 size-large\" src=\"https:\/\/i0.wp.com\/jakunaho.fi\/wp-content\/uploads\/2020\/01\/654E2680-29D8-4148-9DB8-D0F96F837B90-1024x1024.jpg?resize=756%2C756\" alt=\"\" width=\"756\" height=\"756\" srcset=\"https:\/\/i0.wp.com\/jakunaho.sekuvain.fi\/wp-content\/uploads\/2020\/01\/654E2680-29D8-4148-9DB8-D0F96F837B90.jpg?resize=1024%2C1024&amp;ssl=1 1024w, https:\/\/i0.wp.com\/jakunaho.sekuvain.fi\/wp-content\/uploads\/2020\/01\/654E2680-29D8-4148-9DB8-D0F96F837B90.jpg?resize=150%2C150&amp;ssl=1 150w, https:\/\/i0.wp.com\/jakunaho.sekuvain.fi\/wp-content\/uploads\/2020\/01\/654E2680-29D8-4148-9DB8-D0F96F837B90.jpg?resize=300%2C300&amp;ssl=1 300w, https:\/\/i0.wp.com\/jakunaho.sekuvain.fi\/wp-content\/uploads\/2020\/01\/654E2680-29D8-4148-9DB8-D0F96F837B90.jpg?resize=768%2C768&amp;ssl=1 768w, https:\/\/i0.wp.com\/jakunaho.sekuvain.fi\/wp-content\/uploads\/2020\/01\/654E2680-29D8-4148-9DB8-D0F96F837B90.jpg?resize=533%2C533&amp;ssl=1 533w, https:\/\/i0.wp.com\/jakunaho.sekuvain.fi\/wp-content\/uploads\/2020\/01\/654E2680-29D8-4148-9DB8-D0F96F837B90.jpg?resize=640%2C640&amp;ssl=1 640w, https:\/\/i0.wp.com\/jakunaho.sekuvain.fi\/wp-content\/uploads\/2020\/01\/654E2680-29D8-4148-9DB8-D0F96F837B90.jpg?resize=864%2C864&amp;ssl=1 864w, https:\/\/i0.wp.com\/jakunaho.sekuvain.fi\/wp-content\/uploads\/2020\/01\/654E2680-29D8-4148-9DB8-D0F96F837B90.jpg?resize=50%2C50&amp;ssl=1 50w, https:\/\/i0.wp.com\/jakunaho.sekuvain.fi\/wp-content\/uploads\/2020\/01\/654E2680-29D8-4148-9DB8-D0F96F837B90.jpg?w=2048&amp;ssl=1 2048w, https:\/\/i0.wp.com\/jakunaho.sekuvain.fi\/wp-content\/uploads\/2020\/01\/654E2680-29D8-4148-9DB8-D0F96F837B90.jpg?w=1512 1512w\" sizes=\"(max-width: 756px) 100vw, 756px\" data-recalc-dims=\"1\" \/><\/p>\n","protected":false},"excerpt":{"rendered":"<p>Kirahvi on kuin photoshopattu maisemaan, kuin kuva esihistorialliselta ajalta. Kummalliset mittasuhteet, hemmetin iso. Siin\u00e4 se t\u00f6r\u00f6tt\u00e4\u00e4 tien laidassa, kuin keinokuituinen patsas, kunnes liikahtaa. Elossa se on, samoin kuin naapurinsa norsu, pahkasika ja leijona. Happea n\u00e4ytt\u00e4v\u00e4t ottavan hippo, sarvikuono ja afrikkalainen villikoirakin. Matka Etel\u00e4-Afrikkaan oli ensisijaisesti &hellip; <a href=\"https:\/\/jakunaho.sekuvain.fi\/?page_id=453\" class=\"more-link\"><span>Continue reading<span class=\"screen-reader-text\">Esihistoriallisissa tunnelmissa<\/span><\/span><\/a><\/p>\n","protected":false},"author":1,"featured_media":460,"parent":130,"menu_order":0,"comment_status":"closed","ping_status":"closed","template":"","meta":[],"_links":{"self":[{"href":"https:\/\/jakunaho.sekuvain.fi\/index.php?rest_route=\/wp\/v2\/pages\/453"}],"collection":[{"href":"https:\/\/jakunaho.sekuvain.fi\/index.php?rest_route=\/wp\/v2\/pages"}],"about":[{"href":"https:\/\/jakunaho.sekuvain.fi\/index.php?rest_route=\/wp\/v2\/types\/page"}],"author":[{"embeddable":true,"href":"https:\/\/jakunaho.sekuvain.fi\/index.php?rest_route=\/wp\/v2\/users\/1"}],"replies":[{"embeddable":true,"href":"https:\/\/jakunaho.sekuvain.fi\/index.php?rest_route=%2Fwp%2Fv2%2Fcomments&post=453"}],"version-history":[{"count":6,"href":"https:\/\/jakunaho.sekuvain.fi\/index.php?rest_route=\/wp\/v2\/pages\/453\/revisions"}],"predecessor-version":[{"id":513,"href":"https:\/\/jakunaho.sekuvain.fi\/index.php?rest_route=\/wp\/v2\/pages\/453\/revisions\/513"}],"up":[{"embeddable":true,"href":"https:\/\/jakunaho.sekuvain.fi\/index.php?rest_route=\/wp\/v2\/pages\/130"}],"wp:featuredmedia":[{"embeddable":true,"href":"https:\/\/jakunaho.sekuvain.fi\/index.php?rest_route=\/wp\/v2\/media\/460"}],"wp:attachment":[{"href":"https:\/\/jakunaho.sekuvain.fi\/index.php?rest_route=%2Fwp%2Fv2%2Fmedia&parent=453"}],"curies":[{"name":"wp","href":"https:\/\/api.w.org\/{rel}","templated":true}]}}