{"id":451,"date":"2020-01-19T15:08:12","date_gmt":"2020-01-19T15:08:12","guid":{"rendered":"http:\/\/jakunaho.fi\/?page_id=451"},"modified":"2020-01-19T15:08:12","modified_gmt":"2020-01-19T15:08:12","slug":"jokaisen-on-kokeiltava-yhdistyselamaa","status":"publish","type":"page","link":"https:\/\/jakunaho.sekuvain.fi\/?page_id=451","title":{"rendered":"Jokaisen on kokeiltava yhdistysel\u00e4m\u00e4\u00e4"},"content":{"rendered":"<p>sanovat, ja n\u00e4in on. Nyt on kokeiltu, ja todettu ett\u00e4 ei pysty. Ei pysty yksin vet\u00e4m\u00e4\u00e4n. Tyls\u00e4\u00e4 se semmoinen on, varsinkin jos on muitakin j\u00e4seni\u00e4. Sit\u00e4 kun yksin miettii kaiken, alkaa v\u00e4ist\u00e4m\u00e4tt\u00e4 ajatella, ett\u00e4 muita \u00e4rsytt\u00e4\u00e4, kun yksi suunnittelee ja zoomailee.<\/p>\n<p>Mutta, jos ket\u00e4\u00e4n muuta ei kiinnosta, niin peli on selke\u00e4.<\/p>\n<p>Yhdistyksen pillit on, viime silausta vailla, pussiin laitetut ja t\u00e4m\u00e4n yhdistyksen tarina loppuun saateltu. Ei kaikki aina toimi.<\/p>\n<p>Opetti se, monenmoista.<\/p>\n","protected":false},"excerpt":{"rendered":"<p>sanovat, ja n\u00e4in on. Nyt on kokeiltu, ja todettu ett\u00e4 ei pysty. Ei pysty yksin vet\u00e4m\u00e4\u00e4n. Tyls\u00e4\u00e4 se semmoinen on, varsinkin jos on muitakin j\u00e4seni\u00e4. Sit\u00e4 kun yksin miettii kaiken, alkaa v\u00e4ist\u00e4m\u00e4tt\u00e4 ajatella, ett\u00e4 muita \u00e4rsytt\u00e4\u00e4, kun yksi suunnittelee ja zoomailee. Mutta, jos ket\u00e4\u00e4n muuta &hellip; <a href=\"https:\/\/jakunaho.sekuvain.fi\/?page_id=451\" class=\"more-link\"><span>Continue reading<span class=\"screen-reader-text\">Jokaisen on kokeiltava yhdistysel\u00e4m\u00e4\u00e4<\/span><\/span><\/a><\/p>\n","protected":false},"author":1,"featured_media":0,"parent":269,"menu_order":0,"comment_status":"closed","ping_status":"closed","template":"","meta":[],"_links":{"self":[{"href":"https:\/\/jakunaho.sekuvain.fi\/index.php?rest_route=\/wp\/v2\/pages\/451"}],"collection":[{"href":"https:\/\/jakunaho.sekuvain.fi\/index.php?rest_route=\/wp\/v2\/pages"}],"about":[{"href":"https:\/\/jakunaho.sekuvain.fi\/index.php?rest_route=\/wp\/v2\/types\/page"}],"author":[{"embeddable":true,"href":"https:\/\/jakunaho.sekuvain.fi\/index.php?rest_route=\/wp\/v2\/users\/1"}],"replies":[{"embeddable":true,"href":"https:\/\/jakunaho.sekuvain.fi\/index.php?rest_route=%2Fwp%2Fv2%2Fcomments&post=451"}],"version-history":[{"count":1,"href":"https:\/\/jakunaho.sekuvain.fi\/index.php?rest_route=\/wp\/v2\/pages\/451\/revisions"}],"predecessor-version":[{"id":452,"href":"https:\/\/jakunaho.sekuvain.fi\/index.php?rest_route=\/wp\/v2\/pages\/451\/revisions\/452"}],"up":[{"embeddable":true,"href":"https:\/\/jakunaho.sekuvain.fi\/index.php?rest_route=\/wp\/v2\/pages\/269"}],"wp:attachment":[{"href":"https:\/\/jakunaho.sekuvain.fi\/index.php?rest_route=%2Fwp%2Fv2%2Fmedia&parent=451"}],"curies":[{"name":"wp","href":"https:\/\/api.w.org\/{rel}","templated":true}]}}