{"id":432,"date":"2019-08-05T18:30:01","date_gmt":"2019-08-05T18:30:01","guid":{"rendered":"http:\/\/jakunaho.fi\/?page_id=432"},"modified":"2019-08-05T18:30:01","modified_gmt":"2019-08-05T18:30:01","slug":"remontti-on-ikuista","status":"publish","type":"page","link":"https:\/\/jakunaho.sekuvain.fi\/?page_id=432","title":{"rendered":"Remontti ON\u00a0ikuista"},"content":{"rendered":"<p>Otsikko ei ole itkuvirsi, vaan alleviivaa syyt\u00e4, miksi vanha talo on alunalkaen hankittu. Puuhamaaksi.<\/p>\n<p>Otsikko ei ole itkuvirsi, vaikka nyt ollaankin tavallaan v\u00e4h\u00e4n pakollisen edess\u00e4. Taistelukent\u00e4n ainoa vanha vesiputki, joka v\u00e4h\u00e4n niinkuin j\u00e4i vaihtamatta 2014, antoi periksi. Putki j\u00e4i v\u00e4h\u00e4n niinkuin vaihtamatta, koska putkimies sanoi niin, nimitt\u00e4in: tuo on viel\u00e4 aivan hyv\u00e4 putki. Aivan hyv\u00e4 se olikin, kunnes ei. Pikkuhiljaa se siell\u00e4 valutti. Niin ujosti pissasi, ettei kukaan saattanut huomatakaan koko operaatiota, ei ennen kuin hieno karttalattia alkoi nostaa yl\u00f6s Daugavajokea. Siin\u00e4kin tovin tuumasin, ett\u00e4 noinko vanhat paperikartat muuttuvat 3D moodiin aivan itsekseen, ett\u00e4 kyll\u00e4 on nykyaikaa. L\u00e4hempi tarkkailu selvitti kuitenkin ulotteisuuden kosteuden aiheuttamaksi. Ei auttanut muu kuin nostaa karttalattia yl\u00f6s ja apropoo, m\u00e4rk\u00e4h\u00e4n se pohjastaan oli, v\u00e4h\u00e4n jo hometta ottanut.<\/p>\n<p>Varsinainen puulattia ei juurikaan m\u00e4rkyydest\u00e4 kielinyt, mit\u00e4 nyt v\u00e4h\u00e4n nahkea osin oli pinnaltaan. Eristeisiin ty\u00f6nnetty sormi saattoi jo tuntua hieman kostealta. Oli kuitenkin ollut seksihelteet ja kaikki, ett\u00e4 ei voinut olla ihan varma, mik\u00e4 oli liepeill\u00e4 aavistettavan kosteuden aiheuttaja. Parasta oli siis suorittaa soitto a) putkimiehelle ja b) vakuutusyhti\u00f6\u00f6n.<\/p>\n<p>Seuraavana p\u00e4iv\u00e4n\u00e4 tuli putkimies ja sit\u00e4 seuraavana kosteuskartoittaja. Putki on nyt uusi ja lattianalus kosteaksi todettu. Alkaa pakotettu alapohjan kuivaus, eristeiden vaihto ja lattiaremontti.<\/p>\n<p>Nyt ihan pikkasen houkuttaa samantien remontoida koko laitos\u2026<\/p>\n<figure id=\"attachment_429\" aria-describedby=\"caption-attachment-429\" style=\"width: 756px\" class=\"wp-caption alignnone\"><img data-attachment-id=\"429\" data-permalink=\"https:\/\/jakunaho.sekuvain.fi\/?attachment_id=429\" data-orig-file=\"https:\/\/i2.wp.com\/jakunaho.sekuvain.fi\/wp-content\/uploads\/2019\/08\/F3A3CCFA-AF69-4598-AB9F-9E6C687D7BB0.jpg?fit=1740%2C1740&amp;ssl=1\" data-orig-size=\"1740,1740\" data-comments-opened=\"1\" data-image-meta=\"{&quot;aperture&quot;:&quot;1.8&quot;,&quot;credit&quot;:&quot;&quot;,&quot;camera&quot;:&quot;iPhone X&quot;,&quot;caption&quot;:&quot;&quot;,&quot;created_timestamp&quot;:&quot;1564486849&quot;,&quot;copyright&quot;:&quot;&quot;,&quot;focal_length&quot;:&quot;4&quot;,&quot;iso&quot;:&quot;100&quot;,&quot;shutter_speed&quot;:&quot;0.25&quot;,&quot;title&quot;:&quot;&quot;,&quot;orientation&quot;:&quot;1&quot;}\" data-image-title=\"F3A3CCFA-AF69-4598-AB9F-9E6C687D7BB0\" data-image-description=\"\" data-medium-file=\"https:\/\/i2.wp.com\/jakunaho.sekuvain.fi\/wp-content\/uploads\/2019\/08\/F3A3CCFA-AF69-4598-AB9F-9E6C687D7BB0.jpg?fit=300%2C300&amp;ssl=1\" data-large-file=\"https:\/\/i2.wp.com\/jakunaho.sekuvain.fi\/wp-content\/uploads\/2019\/08\/F3A3CCFA-AF69-4598-AB9F-9E6C687D7BB0.jpg?fit=756%2C756&amp;ssl=1\" decoding=\"async\" loading=\"lazy\" class=\"wp-image-429 size-large\" src=\"https:\/\/i1.wp.com\/jakunaho.fi\/wp-content\/uploads\/2019\/08\/F3A3CCFA-AF69-4598-AB9F-9E6C687D7BB0-1024x1024.jpg?resize=756%2C756\" alt=\"\" width=\"756\" height=\"756\" srcset=\"https:\/\/i2.wp.com\/jakunaho.sekuvain.fi\/wp-content\/uploads\/2019\/08\/F3A3CCFA-AF69-4598-AB9F-9E6C687D7BB0.jpg?resize=1024%2C1024&amp;ssl=1 1024w, https:\/\/i2.wp.com\/jakunaho.sekuvain.fi\/wp-content\/uploads\/2019\/08\/F3A3CCFA-AF69-4598-AB9F-9E6C687D7BB0.jpg?resize=150%2C150&amp;ssl=1 150w, https:\/\/i2.wp.com\/jakunaho.sekuvain.fi\/wp-content\/uploads\/2019\/08\/F3A3CCFA-AF69-4598-AB9F-9E6C687D7BB0.jpg?resize=300%2C300&amp;ssl=1 300w, https:\/\/i2.wp.com\/jakunaho.sekuvain.fi\/wp-content\/uploads\/2019\/08\/F3A3CCFA-AF69-4598-AB9F-9E6C687D7BB0.jpg?resize=768%2C768&amp;ssl=1 768w, https:\/\/i2.wp.com\/jakunaho.sekuvain.fi\/wp-content\/uploads\/2019\/08\/F3A3CCFA-AF69-4598-AB9F-9E6C687D7BB0.jpg?resize=533%2C533&amp;ssl=1 533w, https:\/\/i2.wp.com\/jakunaho.sekuvain.fi\/wp-content\/uploads\/2019\/08\/F3A3CCFA-AF69-4598-AB9F-9E6C687D7BB0.jpg?resize=640%2C640&amp;ssl=1 640w, https:\/\/i2.wp.com\/jakunaho.sekuvain.fi\/wp-content\/uploads\/2019\/08\/F3A3CCFA-AF69-4598-AB9F-9E6C687D7BB0.jpg?resize=864%2C864&amp;ssl=1 864w, https:\/\/i2.wp.com\/jakunaho.sekuvain.fi\/wp-content\/uploads\/2019\/08\/F3A3CCFA-AF69-4598-AB9F-9E6C687D7BB0.jpg?resize=50%2C50&amp;ssl=1 50w, https:\/\/i2.wp.com\/jakunaho.sekuvain.fi\/wp-content\/uploads\/2019\/08\/F3A3CCFA-AF69-4598-AB9F-9E6C687D7BB0.jpg?w=1740&amp;ssl=1 1740w, https:\/\/i2.wp.com\/jakunaho.sekuvain.fi\/wp-content\/uploads\/2019\/08\/F3A3CCFA-AF69-4598-AB9F-9E6C687D7BB0.jpg?w=1512 1512w\" sizes=\"(max-width: 756px) 100vw, 756px\" data-recalc-dims=\"1\" \/><figcaption id=\"caption-attachment-429\" class=\"wp-caption-text\">Vessan lattia on (oli) p\u00e4\u00e4llystetty kartoista leikatuilla &#8221;laatoilla&#8221;. Pinnassa oli monta kerrosta venelakkaa. Kartat oli liimattu rakennuslevylle, joka on vessanlattiana toiminut luultavimmin vuodesta 1973 (jolloin vessa oletetaan rakennetun).<\/figcaption><\/figure>\n<p>&nbsp;<\/p>\n","protected":false},"excerpt":{"rendered":"<p>Otsikko ei ole itkuvirsi, vaan alleviivaa syyt\u00e4, miksi vanha talo on alunalkaen hankittu. Puuhamaaksi. Otsikko ei ole itkuvirsi, vaikka nyt ollaankin tavallaan v\u00e4h\u00e4n pakollisen edess\u00e4. Taistelukent\u00e4n ainoa vanha vesiputki, joka v\u00e4h\u00e4n niinkuin j\u00e4i vaihtamatta 2014, antoi periksi. Putki j\u00e4i v\u00e4h\u00e4n niinkuin vaihtamatta, koska putkimies sanoi &hellip; <a href=\"https:\/\/jakunaho.sekuvain.fi\/?page_id=432\" class=\"more-link\"><span>Continue reading<span class=\"screen-reader-text\">Remontti ON\u00a0ikuista<\/span><\/span><\/a><\/p>\n","protected":false},"author":1,"featured_media":0,"parent":154,"menu_order":0,"comment_status":"closed","ping_status":"closed","template":"","meta":[],"_links":{"self":[{"href":"https:\/\/jakunaho.sekuvain.fi\/index.php?rest_route=\/wp\/v2\/pages\/432"}],"collection":[{"href":"https:\/\/jakunaho.sekuvain.fi\/index.php?rest_route=\/wp\/v2\/pages"}],"about":[{"href":"https:\/\/jakunaho.sekuvain.fi\/index.php?rest_route=\/wp\/v2\/types\/page"}],"author":[{"embeddable":true,"href":"https:\/\/jakunaho.sekuvain.fi\/index.php?rest_route=\/wp\/v2\/users\/1"}],"replies":[{"embeddable":true,"href":"https:\/\/jakunaho.sekuvain.fi\/index.php?rest_route=%2Fwp%2Fv2%2Fcomments&post=432"}],"version-history":[{"count":2,"href":"https:\/\/jakunaho.sekuvain.fi\/index.php?rest_route=\/wp\/v2\/pages\/432\/revisions"}],"predecessor-version":[{"id":434,"href":"https:\/\/jakunaho.sekuvain.fi\/index.php?rest_route=\/wp\/v2\/pages\/432\/revisions\/434"}],"up":[{"embeddable":true,"href":"https:\/\/jakunaho.sekuvain.fi\/index.php?rest_route=\/wp\/v2\/pages\/154"}],"wp:attachment":[{"href":"https:\/\/jakunaho.sekuvain.fi\/index.php?rest_route=%2Fwp%2Fv2%2Fmedia&parent=432"}],"curies":[{"name":"wp","href":"https:\/\/api.w.org\/{rel}","templated":true}]}}