{"id":386,"date":"2018-10-18T08:32:58","date_gmt":"2018-10-18T08:32:58","guid":{"rendered":"http:\/\/jakunaho.fi\/?page_id=386"},"modified":"2018-10-18T08:33:12","modified_gmt":"2018-10-18T08:33:12","slug":"uusi-kissa-taloon","status":"publish","type":"page","link":"https:\/\/jakunaho.sekuvain.fi\/?page_id=386","title":{"rendered":"UUSI\u00a0KISSA\u00a0TALOON"},"content":{"rendered":"<p>Eih\u00e4n se aina mene suunnitelmien mukaan, uuden el\u00e4imen tuominen taloon. Ei voi ennustaa, miten el\u00e4in &#8211; vanha tai uusi &#8211; asiaan suhtautuu. El\u00e4in on el\u00e4in, ei selvi\u00e4 t\u00e4m\u00e4 asia keskustelemalla.<\/p>\n<p>Meid\u00e4n talossa oli ensin Vigd\u00eds. Kovin leikkis\u00e4 katti. Haastava on ihmiselle t\u00e4m\u00e4 leikkimisasia, ihminen kun on ihminen, eik\u00e4 aina taivu kissan toiveisiin. Voi siin\u00e4 juosta narunp\u00e4tk\u00e4n kanssa, jahdattavana olla, mutta ihminen on ihminen ja ajattelee, ett\u00e4 varmasti tyls\u00e4\u00e4 t\u00e4m\u00e4. Sit\u00e4 helposti miettii, ett\u00e4 lajitoveri se oiva olisi, leikkikaveri siis. Siis kissalle. Omiin tarpeisiinhan ei kissoja oteta. Vigd\u00edskin otettiin hiiri\u00e4 jahtaamaan, jos siis sis\u00e4lle uskaltavat. No, onneksi kerran uskalsi. Jahtasi.<\/p>\n<p>Leikkikaveri siis.<\/p>\n<p>Kissa on hyvin reviiritietoinen, joten piti ujuttaa alueelle uusi tulokas j\u00e4rjen kanssa ja varoen. Pieni kaveri tuotiin h\u00e4kiss\u00e4, ja siin\u00e4 se t\u00f6n\u00f6tti, vanhemman puolelleen tuijotti, l\u00e4hes hievahtamatta iskuja v\u00e4ltteli. T\u00e4t\u00e4 jatkettiin pari p\u00e4iv\u00e4\u00e4, jo toisena h\u00e4kin ovea aukoen, ja kattien puolia vaihtaen. Kolmantena, kun h\u00e4kki\u00e4 purettiin, meni vanhempi jo v\u00e4h\u00e4n paniikkiin, n\u00e4ytti pelk\u00e4\u00e4v\u00e4n, ett\u00e4 kaveri vied\u00e4\u00e4n pois.<\/p>\n<p>Hyvin meill\u00e4 meni, siis t\u00e4m\u00e4 uuden taloon tuominen. Leikkiasia ei mennyt suunnitelmien mukaan. Vanhempi ryhtyi mammaksi, ja leikkasi leikkiasiat minimiin.<\/p>\n<p>Niin siis t\u00e4\u00e4ll\u00e4 taas ihminen narun edell\u00e4 juoksee. Yritt\u00e4\u00e4 osata leikitt\u00e4\u00e4.<\/p>\n<div style=\"width: 638px;\" class=\"wp-video\"><!--[if lt IE 9]><script>document.createElement('video');<\/script><![endif]-->\n<video class=\"wp-video-shortcode\" id=\"video-386-1\" width=\"638\" height=\"360\" preload=\"metadata\" controls=\"controls\"><source type=\"video\/mp4\" src=\"http:\/\/jakunaho.fi\/wp-content\/uploads\/2018\/10\/uusi-kissa-taloon.mp4?_=1\" \/><a href=\"http:\/\/jakunaho.fi\/wp-content\/uploads\/2018\/10\/uusi-kissa-taloon.mp4\">http:\/\/jakunaho.fi\/wp-content\/uploads\/2018\/10\/uusi-kissa-taloon.mp4<\/a><\/video><\/div>\n<p><img data-attachment-id=\"388\" data-permalink=\"https:\/\/jakunaho.sekuvain.fi\/?attachment_id=388\" data-orig-file=\"https:\/\/i2.wp.com\/jakunaho.sekuvain.fi\/wp-content\/uploads\/2018\/10\/IMG_3039.jpg?fit=3024%2C3780&amp;ssl=1\" data-orig-size=\"3024,3780\" data-comments-opened=\"1\" data-image-meta=\"{&quot;aperture&quot;:&quot;2.2&quot;,&quot;credit&quot;:&quot;&quot;,&quot;camera&quot;:&quot;iPhone SE&quot;,&quot;caption&quot;:&quot;&quot;,&quot;created_timestamp&quot;:&quot;1538387477&quot;,&quot;copyright&quot;:&quot;&quot;,&quot;focal_length&quot;:&quot;4.15&quot;,&quot;iso&quot;:&quot;1600&quot;,&quot;shutter_speed&quot;:&quot;0.058823529411765&quot;,&quot;title&quot;:&quot;&quot;,&quot;orientation&quot;:&quot;1&quot;}\" data-image-title=\"IMG_3039\" data-image-description=\"\" data-medium-file=\"https:\/\/i2.wp.com\/jakunaho.sekuvain.fi\/wp-content\/uploads\/2018\/10\/IMG_3039.jpg?fit=240%2C300&amp;ssl=1\" data-large-file=\"https:\/\/i2.wp.com\/jakunaho.sekuvain.fi\/wp-content\/uploads\/2018\/10\/IMG_3039.jpg?fit=756%2C945&amp;ssl=1\" decoding=\"async\" loading=\"lazy\" class=\"alignnone size-medium wp-image-388\" src=\"https:\/\/i2.wp.com\/jakunaho.fi\/wp-content\/uploads\/2018\/10\/IMG_3039-240x300.jpg?resize=240%2C300\" alt=\"\" width=\"240\" height=\"300\" srcset=\"https:\/\/i2.wp.com\/jakunaho.sekuvain.fi\/wp-content\/uploads\/2018\/10\/IMG_3039.jpg?resize=240%2C300&amp;ssl=1 240w, https:\/\/i2.wp.com\/jakunaho.sekuvain.fi\/wp-content\/uploads\/2018\/10\/IMG_3039.jpg?resize=768%2C960&amp;ssl=1 768w, https:\/\/i2.wp.com\/jakunaho.sekuvain.fi\/wp-content\/uploads\/2018\/10\/IMG_3039.jpg?resize=819%2C1024&amp;ssl=1 819w, https:\/\/i2.wp.com\/jakunaho.sekuvain.fi\/wp-content\/uploads\/2018\/10\/IMG_3039.jpg?w=1512 1512w, https:\/\/i2.wp.com\/jakunaho.sekuvain.fi\/wp-content\/uploads\/2018\/10\/IMG_3039.jpg?w=2268 2268w\" sizes=\"(max-width: 240px) 100vw, 240px\" data-recalc-dims=\"1\" \/><\/p>\n<p><img data-attachment-id=\"389\" data-permalink=\"https:\/\/jakunaho.sekuvain.fi\/?attachment_id=389\" data-orig-file=\"https:\/\/i2.wp.com\/jakunaho.sekuvain.fi\/wp-content\/uploads\/2018\/10\/IMG_3122.jpg?fit=2557%2C2557&amp;ssl=1\" data-orig-size=\"2557,2557\" data-comments-opened=\"1\" data-image-meta=\"{&quot;aperture&quot;:&quot;2.2&quot;,&quot;credit&quot;:&quot;&quot;,&quot;camera&quot;:&quot;iPhone SE&quot;,&quot;caption&quot;:&quot;&quot;,&quot;created_timestamp&quot;:&quot;1538948311&quot;,&quot;copyright&quot;:&quot;&quot;,&quot;focal_length&quot;:&quot;4.15&quot;,&quot;iso&quot;:&quot;500&quot;,&quot;shutter_speed&quot;:&quot;0.058823529411765&quot;,&quot;title&quot;:&quot;&quot;,&quot;orientation&quot;:&quot;1&quot;}\" data-image-title=\"IMG_3122\" data-image-description=\"\" data-medium-file=\"https:\/\/i2.wp.com\/jakunaho.sekuvain.fi\/wp-content\/uploads\/2018\/10\/IMG_3122.jpg?fit=300%2C300&amp;ssl=1\" data-large-file=\"https:\/\/i2.wp.com\/jakunaho.sekuvain.fi\/wp-content\/uploads\/2018\/10\/IMG_3122.jpg?fit=756%2C756&amp;ssl=1\" decoding=\"async\" loading=\"lazy\" class=\"alignnone size-medium wp-image-389\" src=\"https:\/\/i2.wp.com\/jakunaho.fi\/wp-content\/uploads\/2018\/10\/IMG_3122-300x300.jpg?resize=300%2C300\" alt=\"\" width=\"300\" height=\"300\" srcset=\"https:\/\/i2.wp.com\/jakunaho.sekuvain.fi\/wp-content\/uploads\/2018\/10\/IMG_3122.jpg?resize=300%2C300&amp;ssl=1 300w, https:\/\/i2.wp.com\/jakunaho.sekuvain.fi\/wp-content\/uploads\/2018\/10\/IMG_3122.jpg?resize=150%2C150&amp;ssl=1 150w, https:\/\/i2.wp.com\/jakunaho.sekuvain.fi\/wp-content\/uploads\/2018\/10\/IMG_3122.jpg?resize=768%2C768&amp;ssl=1 768w, https:\/\/i2.wp.com\/jakunaho.sekuvain.fi\/wp-content\/uploads\/2018\/10\/IMG_3122.jpg?resize=1024%2C1024&amp;ssl=1 1024w, https:\/\/i2.wp.com\/jakunaho.sekuvain.fi\/wp-content\/uploads\/2018\/10\/IMG_3122.jpg?resize=533%2C533&amp;ssl=1 533w, https:\/\/i2.wp.com\/jakunaho.sekuvain.fi\/wp-content\/uploads\/2018\/10\/IMG_3122.jpg?resize=640%2C640&amp;ssl=1 640w, https:\/\/i2.wp.com\/jakunaho.sekuvain.fi\/wp-content\/uploads\/2018\/10\/IMG_3122.jpg?resize=864%2C864&amp;ssl=1 864w, https:\/\/i2.wp.com\/jakunaho.sekuvain.fi\/wp-content\/uploads\/2018\/10\/IMG_3122.jpg?resize=50%2C50&amp;ssl=1 50w, https:\/\/i2.wp.com\/jakunaho.sekuvain.fi\/wp-content\/uploads\/2018\/10\/IMG_3122.jpg?w=1512 1512w, https:\/\/i2.wp.com\/jakunaho.sekuvain.fi\/wp-content\/uploads\/2018\/10\/IMG_3122.jpg?w=2268 2268w\" sizes=\"(max-width: 300px) 100vw, 300px\" data-recalc-dims=\"1\" \/><\/p>\n<p><img data-attachment-id=\"390\" data-permalink=\"https:\/\/jakunaho.sekuvain.fi\/?attachment_id=390\" data-orig-file=\"https:\/\/i0.wp.com\/jakunaho.sekuvain.fi\/wp-content\/uploads\/2018\/10\/IMG_3176.jpg?fit=2835%2C2835&amp;ssl=1\" data-orig-size=\"2835,2835\" data-comments-opened=\"1\" data-image-meta=\"{&quot;aperture&quot;:&quot;2.2&quot;,&quot;credit&quot;:&quot;&quot;,&quot;camera&quot;:&quot;iPhone SE&quot;,&quot;caption&quot;:&quot;&quot;,&quot;created_timestamp&quot;:&quot;1539515714&quot;,&quot;copyright&quot;:&quot;&quot;,&quot;focal_length&quot;:&quot;4.15&quot;,&quot;iso&quot;:&quot;200&quot;,&quot;shutter_speed&quot;:&quot;0.058823529411765&quot;,&quot;title&quot;:&quot;&quot;,&quot;orientation&quot;:&quot;1&quot;}\" data-image-title=\"IMG_3176\" data-image-description=\"\" data-medium-file=\"https:\/\/i0.wp.com\/jakunaho.sekuvain.fi\/wp-content\/uploads\/2018\/10\/IMG_3176.jpg?fit=300%2C300&amp;ssl=1\" data-large-file=\"https:\/\/i0.wp.com\/jakunaho.sekuvain.fi\/wp-content\/uploads\/2018\/10\/IMG_3176.jpg?fit=756%2C756&amp;ssl=1\" decoding=\"async\" loading=\"lazy\" class=\"alignnone size-medium wp-image-390\" src=\"https:\/\/i2.wp.com\/jakunaho.fi\/wp-content\/uploads\/2018\/10\/IMG_3176-300x300.jpg?resize=300%2C300\" alt=\"\" width=\"300\" height=\"300\" srcset=\"https:\/\/i0.wp.com\/jakunaho.sekuvain.fi\/wp-content\/uploads\/2018\/10\/IMG_3176.jpg?resize=300%2C300&amp;ssl=1 300w, https:\/\/i0.wp.com\/jakunaho.sekuvain.fi\/wp-content\/uploads\/2018\/10\/IMG_3176.jpg?resize=150%2C150&amp;ssl=1 150w, https:\/\/i0.wp.com\/jakunaho.sekuvain.fi\/wp-content\/uploads\/2018\/10\/IMG_3176.jpg?resize=768%2C768&amp;ssl=1 768w, https:\/\/i0.wp.com\/jakunaho.sekuvain.fi\/wp-content\/uploads\/2018\/10\/IMG_3176.jpg?resize=1024%2C1024&amp;ssl=1 1024w, https:\/\/i0.wp.com\/jakunaho.sekuvain.fi\/wp-content\/uploads\/2018\/10\/IMG_3176.jpg?resize=533%2C533&amp;ssl=1 533w, https:\/\/i0.wp.com\/jakunaho.sekuvain.fi\/wp-content\/uploads\/2018\/10\/IMG_3176.jpg?resize=640%2C640&amp;ssl=1 640w, https:\/\/i0.wp.com\/jakunaho.sekuvain.fi\/wp-content\/uploads\/2018\/10\/IMG_3176.jpg?resize=864%2C864&amp;ssl=1 864w, https:\/\/i0.wp.com\/jakunaho.sekuvain.fi\/wp-content\/uploads\/2018\/10\/IMG_3176.jpg?resize=50%2C50&amp;ssl=1 50w, https:\/\/i0.wp.com\/jakunaho.sekuvain.fi\/wp-content\/uploads\/2018\/10\/IMG_3176.jpg?w=1512 1512w, https:\/\/i0.wp.com\/jakunaho.sekuvain.fi\/wp-content\/uploads\/2018\/10\/IMG_3176.jpg?w=2268 2268w\" sizes=\"(max-width: 300px) 100vw, 300px\" data-recalc-dims=\"1\" \/><\/p>\n","protected":false},"excerpt":{"rendered":"<p>Eih\u00e4n se aina mene suunnitelmien mukaan, uuden el\u00e4imen tuominen taloon. Ei voi ennustaa, miten el\u00e4in &#8211; vanha tai uusi &#8211; asiaan suhtautuu. El\u00e4in on el\u00e4in, ei selvi\u00e4 t\u00e4m\u00e4 asia keskustelemalla. Meid\u00e4n talossa oli ensin Vigd\u00eds. Kovin leikkis\u00e4 katti. Haastava on ihmiselle t\u00e4m\u00e4 leikkimisasia, ihminen kun &hellip; <a href=\"https:\/\/jakunaho.sekuvain.fi\/?page_id=386\" class=\"more-link\"><span>Continue reading<span class=\"screen-reader-text\">UUSI\u00a0KISSA\u00a0TALOON<\/span><\/span><\/a><\/p>\n","protected":false},"author":1,"featured_media":390,"parent":174,"menu_order":0,"comment_status":"closed","ping_status":"closed","template":"","meta":[],"_links":{"self":[{"href":"https:\/\/jakunaho.sekuvain.fi\/index.php?rest_route=\/wp\/v2\/pages\/386"}],"collection":[{"href":"https:\/\/jakunaho.sekuvain.fi\/index.php?rest_route=\/wp\/v2\/pages"}],"about":[{"href":"https:\/\/jakunaho.sekuvain.fi\/index.php?rest_route=\/wp\/v2\/types\/page"}],"author":[{"embeddable":true,"href":"https:\/\/jakunaho.sekuvain.fi\/index.php?rest_route=\/wp\/v2\/users\/1"}],"replies":[{"embeddable":true,"href":"https:\/\/jakunaho.sekuvain.fi\/index.php?rest_route=%2Fwp%2Fv2%2Fcomments&post=386"}],"version-history":[{"count":1,"href":"https:\/\/jakunaho.sekuvain.fi\/index.php?rest_route=\/wp\/v2\/pages\/386\/revisions"}],"predecessor-version":[{"id":391,"href":"https:\/\/jakunaho.sekuvain.fi\/index.php?rest_route=\/wp\/v2\/pages\/386\/revisions\/391"}],"up":[{"embeddable":true,"href":"https:\/\/jakunaho.sekuvain.fi\/index.php?rest_route=\/wp\/v2\/pages\/174"}],"wp:featuredmedia":[{"embeddable":true,"href":"https:\/\/jakunaho.sekuvain.fi\/index.php?rest_route=\/wp\/v2\/media\/390"}],"wp:attachment":[{"href":"https:\/\/jakunaho.sekuvain.fi\/index.php?rest_route=%2Fwp%2Fv2%2Fmedia&parent=386"}],"curies":[{"name":"wp","href":"https:\/\/api.w.org\/{rel}","templated":true}]}}