{"id":317,"date":"2018-07-02T22:46:47","date_gmt":"2018-07-02T22:46:47","guid":{"rendered":"http:\/\/jakunaho.fi\/?page_id=317"},"modified":"2018-07-02T22:49:30","modified_gmt":"2018-07-02T22:49:30","slug":"santiagon-katukoirat","status":"publish","type":"page","link":"https:\/\/jakunaho.sekuvain.fi\/?page_id=317","title":{"rendered":"SANTIAGON\u00a0KATUKOIRAT"},"content":{"rendered":"<p>Min\u00e4 kyll\u00e4 jotenkin k\u00e4vin t\u00e4\u00e4ll\u00e4 Chilen Santiagossa ensimm\u00e4isin\u00e4 viikkoina k\u00e4sitt\u00e4m\u00e4\u00e4n, miksi ihmiset haluavat rahdata ulkomailta koiria suomalaisten pelastettavaksi. N\u00e4m\u00e4 paikalliset ovat aivan mahtavia kavereita. Rauhallisia. Siihen tulevat viereen istumaan ja katselemaan, muina koirina. Ja auta armias jos saavat hellyytt\u00e4, niin tuhannen kiitollisia ovat. Selj\u00e4lleen kellahtavat ja koko k\u00e4velyv\u00e4lineist\u00f6ns\u00e4 \u00e4ks\u00e4ksi levitt\u00e4v\u00e4t. Min\u00e4 halusin vied\u00e4 ne kaikki kotiin. Mainioita tapauksia.<\/p>\n<p>Jonkun verran olen matkaillut, mutta miss\u00e4\u00e4n en ole n\u00e4hnyt n\u00e4in hyvin katukoirista huolta pidett\u00e4v\u00e4n. Talveksi kutsuvat t\u00e4t\u00e4 aikaa, jolloin l\u00e4mp\u00f6tila laskee Suomen normikes\u00e4n lukemiin. Talvi saa ihmiset hankkimaan katukoirille takkeja. Usein takkiin on kirjoitettu &#8221;t\u00e4m\u00e4 on kaikki mit\u00e4 minulla on. Ole yst\u00e4v\u00e4llinen, \u00e4l\u00e4 vie t\u00e4t\u00e4 minulta&#8221;. Niinp\u00e4 keskustan kadulla jolkottelee n\u00e4in\u00e4 p\u00e4ivin\u00e4 p\u00e4\u00e4osin vaatetettuja koirael\u00e4imi\u00e4. Korttelissani n\u00e4en nuorten miesten tuovan kadun kulmaan vesikupin ja sy\u00f6t\u00e4v\u00e4\u00e4. Jotkut kadun asukeista asettuvat lep\u00e4\u00e4m\u00e4\u00e4n n\u00e4ille vartavasten tuotuihin em. tekstill\u00e4 varustettuihin koppeihin. Eiv\u00e4t n\u00e4m\u00e4 kenenk\u00e4\u00e4n kotiin asettuisi. Olen kuullut kerrottavan kadulta &#8221;pelastetuista&#8221; koirista. Hauvat ovat illan, hyvin sy\u00f6v\u00e4t ja nukkuvat. Kun ovi avataan, niin l\u00e4htev\u00e4t, eiv\u00e4tk\u00e4 takaisin tule.<\/p>\n<p>N\u00e4m\u00e4 karvapallot kuuluvat kadulle. N\u00e4m\u00e4 kuuluvat Santiagoon kuin Pyh\u00e4t lehm\u00e4t Intian kaduille.<\/p>\n<p><img data-attachment-id=\"305\" data-permalink=\"https:\/\/jakunaho.sekuvain.fi\/?attachment_id=305\" data-orig-file=\"https:\/\/i0.wp.com\/jakunaho.sekuvain.fi\/wp-content\/uploads\/2018\/06\/IMG_9371.jpg?fit=773%2C773&amp;ssl=1\" data-orig-size=\"773,773\" data-comments-opened=\"1\" data-image-meta=\"{&quot;aperture&quot;:&quot;2.2&quot;,&quot;credit&quot;:&quot;&quot;,&quot;camera&quot;:&quot;iPhone SE&quot;,&quot;caption&quot;:&quot;&quot;,&quot;created_timestamp&quot;:&quot;1528470294&quot;,&quot;copyright&quot;:&quot;&quot;,&quot;focal_length&quot;:&quot;4.15&quot;,&quot;iso&quot;:&quot;25&quot;,&quot;shutter_speed&quot;:&quot;0.0024813895781638&quot;,&quot;title&quot;:&quot;&quot;,&quot;orientation&quot;:&quot;1&quot;}\" data-image-title=\"IMG_9371\" data-image-description=\"\" data-medium-file=\"https:\/\/i0.wp.com\/jakunaho.sekuvain.fi\/wp-content\/uploads\/2018\/06\/IMG_9371.jpg?fit=300%2C300&amp;ssl=1\" data-large-file=\"https:\/\/i0.wp.com\/jakunaho.sekuvain.fi\/wp-content\/uploads\/2018\/06\/IMG_9371.jpg?fit=756%2C756&amp;ssl=1\" decoding=\"async\" loading=\"lazy\" class=\"alignnone size-medium wp-image-305\" src=\"https:\/\/i1.wp.com\/jakunaho.fi\/wp-content\/uploads\/2018\/06\/IMG_9371-300x300.jpg?resize=300%2C300\" alt=\"\" width=\"300\" height=\"300\" srcset=\"https:\/\/i0.wp.com\/jakunaho.sekuvain.fi\/wp-content\/uploads\/2018\/06\/IMG_9371.jpg?resize=300%2C300&amp;ssl=1 300w, https:\/\/i0.wp.com\/jakunaho.sekuvain.fi\/wp-content\/uploads\/2018\/06\/IMG_9371.jpg?resize=150%2C150&amp;ssl=1 150w, https:\/\/i0.wp.com\/jakunaho.sekuvain.fi\/wp-content\/uploads\/2018\/06\/IMG_9371.jpg?resize=768%2C768&amp;ssl=1 768w, https:\/\/i0.wp.com\/jakunaho.sekuvain.fi\/wp-content\/uploads\/2018\/06\/IMG_9371.jpg?resize=533%2C533&amp;ssl=1 533w, https:\/\/i0.wp.com\/jakunaho.sekuvain.fi\/wp-content\/uploads\/2018\/06\/IMG_9371.jpg?resize=640%2C640&amp;ssl=1 640w, https:\/\/i0.wp.com\/jakunaho.sekuvain.fi\/wp-content\/uploads\/2018\/06\/IMG_9371.jpg?resize=50%2C50&amp;ssl=1 50w, https:\/\/i0.wp.com\/jakunaho.sekuvain.fi\/wp-content\/uploads\/2018\/06\/IMG_9371.jpg?w=773&amp;ssl=1 773w\" sizes=\"(max-width: 300px) 100vw, 300px\" data-recalc-dims=\"1\" \/> <img data-attachment-id=\"303\" data-permalink=\"https:\/\/jakunaho.sekuvain.fi\/?attachment_id=303\" data-orig-file=\"https:\/\/i1.wp.com\/jakunaho.sekuvain.fi\/wp-content\/uploads\/2018\/06\/IMG_9441-e1528766152832.jpg?fit=500%2C500&amp;ssl=1\" data-orig-size=\"500,500\" data-comments-opened=\"1\" data-image-meta=\"{&quot;aperture&quot;:&quot;2.2&quot;,&quot;credit&quot;:&quot;&quot;,&quot;camera&quot;:&quot;iPhone SE&quot;,&quot;caption&quot;:&quot;&quot;,&quot;created_timestamp&quot;:&quot;1528721245&quot;,&quot;copyright&quot;:&quot;&quot;,&quot;focal_length&quot;:&quot;4.15&quot;,&quot;iso&quot;:&quot;25&quot;,&quot;shutter_speed&quot;:&quot;0.0030864197530864&quot;,&quot;title&quot;:&quot;&quot;,&quot;orientation&quot;:&quot;1&quot;}\" data-image-title=\"IMG_9441\" data-image-description=\"\" data-medium-file=\"https:\/\/i1.wp.com\/jakunaho.sekuvain.fi\/wp-content\/uploads\/2018\/06\/IMG_9441-e1528766152832.jpg?fit=300%2C300&amp;ssl=1\" data-large-file=\"https:\/\/i1.wp.com\/jakunaho.sekuvain.fi\/wp-content\/uploads\/2018\/06\/IMG_9441-e1528766152832.jpg?fit=500%2C500&amp;ssl=1\" decoding=\"async\" loading=\"lazy\" class=\"alignnone size-medium wp-image-303\" src=\"https:\/\/i1.wp.com\/jakunaho.fi\/wp-content\/uploads\/2018\/06\/IMG_9441-300x300.jpg?resize=300%2C300\" alt=\"\" width=\"300\" height=\"300\" data-recalc-dims=\"1\" \/> <img data-attachment-id=\"302\" data-permalink=\"https:\/\/jakunaho.sekuvain.fi\/?attachment_id=302\" data-orig-file=\"https:\/\/i2.wp.com\/jakunaho.sekuvain.fi\/wp-content\/uploads\/2018\/06\/IMG_9422.jpg?fit=3024%2C3780&amp;ssl=1\" data-orig-size=\"3024,3780\" data-comments-opened=\"1\" data-image-meta=\"{&quot;aperture&quot;:&quot;2.2&quot;,&quot;credit&quot;:&quot;&quot;,&quot;camera&quot;:&quot;iPhone SE&quot;,&quot;caption&quot;:&quot;&quot;,&quot;created_timestamp&quot;:&quot;1528709162&quot;,&quot;copyright&quot;:&quot;&quot;,&quot;focal_length&quot;:&quot;4.15&quot;,&quot;iso&quot;:&quot;125&quot;,&quot;shutter_speed&quot;:&quot;0.03030303030303&quot;,&quot;title&quot;:&quot;&quot;,&quot;orientation&quot;:&quot;1&quot;}\" data-image-title=\"IMG_9422\" data-image-description=\"\" data-medium-file=\"https:\/\/i2.wp.com\/jakunaho.sekuvain.fi\/wp-content\/uploads\/2018\/06\/IMG_9422.jpg?fit=240%2C300&amp;ssl=1\" data-large-file=\"https:\/\/i2.wp.com\/jakunaho.sekuvain.fi\/wp-content\/uploads\/2018\/06\/IMG_9422.jpg?fit=756%2C945&amp;ssl=1\" decoding=\"async\" loading=\"lazy\" class=\"alignnone size-medium wp-image-302\" src=\"https:\/\/i1.wp.com\/jakunaho.fi\/wp-content\/uploads\/2018\/06\/IMG_9422-240x300.jpg?resize=240%2C300\" alt=\"\" width=\"240\" height=\"300\" srcset=\"https:\/\/i2.wp.com\/jakunaho.sekuvain.fi\/wp-content\/uploads\/2018\/06\/IMG_9422.jpg?resize=240%2C300&amp;ssl=1 240w, https:\/\/i2.wp.com\/jakunaho.sekuvain.fi\/wp-content\/uploads\/2018\/06\/IMG_9422.jpg?resize=768%2C960&amp;ssl=1 768w, https:\/\/i2.wp.com\/jakunaho.sekuvain.fi\/wp-content\/uploads\/2018\/06\/IMG_9422.jpg?resize=819%2C1024&amp;ssl=1 819w, https:\/\/i2.wp.com\/jakunaho.sekuvain.fi\/wp-content\/uploads\/2018\/06\/IMG_9422.jpg?w=1512 1512w, https:\/\/i2.wp.com\/jakunaho.sekuvain.fi\/wp-content\/uploads\/2018\/06\/IMG_9422.jpg?w=2268 2268w\" sizes=\"(max-width: 240px) 100vw, 240px\" data-recalc-dims=\"1\" \/> <img data-attachment-id=\"319\" data-permalink=\"https:\/\/jakunaho.sekuvain.fi\/?attachment_id=319\" data-orig-file=\"https:\/\/i0.wp.com\/jakunaho.sekuvain.fi\/wp-content\/uploads\/2018\/07\/IMG_9463.jpg?fit=3024%2C3024&amp;ssl=1\" data-orig-size=\"3024,3024\" data-comments-opened=\"1\" data-image-meta=\"{&quot;aperture&quot;:&quot;2.2&quot;,&quot;credit&quot;:&quot;&quot;,&quot;camera&quot;:&quot;iPhone SE&quot;,&quot;caption&quot;:&quot;&quot;,&quot;created_timestamp&quot;:&quot;1528800711&quot;,&quot;copyright&quot;:&quot;&quot;,&quot;focal_length&quot;:&quot;4.15&quot;,&quot;iso&quot;:&quot;25&quot;,&quot;shutter_speed&quot;:&quot;0.0067567567567568&quot;,&quot;title&quot;:&quot;&quot;,&quot;orientation&quot;:&quot;1&quot;}\" data-image-title=\"IMG_9463\" data-image-description=\"\" data-medium-file=\"https:\/\/i0.wp.com\/jakunaho.sekuvain.fi\/wp-content\/uploads\/2018\/07\/IMG_9463.jpg?fit=300%2C300&amp;ssl=1\" data-large-file=\"https:\/\/i0.wp.com\/jakunaho.sekuvain.fi\/wp-content\/uploads\/2018\/07\/IMG_9463.jpg?fit=756%2C756&amp;ssl=1\" decoding=\"async\" loading=\"lazy\" class=\"alignnone size-medium wp-image-319\" src=\"https:\/\/i2.wp.com\/jakunaho.fi\/wp-content\/uploads\/2018\/07\/IMG_9463-300x300.jpg?resize=300%2C300\" alt=\"\" width=\"300\" height=\"300\" srcset=\"https:\/\/i0.wp.com\/jakunaho.sekuvain.fi\/wp-content\/uploads\/2018\/07\/IMG_9463.jpg?resize=300%2C300&amp;ssl=1 300w, https:\/\/i0.wp.com\/jakunaho.sekuvain.fi\/wp-content\/uploads\/2018\/07\/IMG_9463.jpg?resize=150%2C150&amp;ssl=1 150w, https:\/\/i0.wp.com\/jakunaho.sekuvain.fi\/wp-content\/uploads\/2018\/07\/IMG_9463.jpg?resize=768%2C768&amp;ssl=1 768w, https:\/\/i0.wp.com\/jakunaho.sekuvain.fi\/wp-content\/uploads\/2018\/07\/IMG_9463.jpg?resize=1024%2C1024&amp;ssl=1 1024w, https:\/\/i0.wp.com\/jakunaho.sekuvain.fi\/wp-content\/uploads\/2018\/07\/IMG_9463.jpg?resize=533%2C533&amp;ssl=1 533w, https:\/\/i0.wp.com\/jakunaho.sekuvain.fi\/wp-content\/uploads\/2018\/07\/IMG_9463.jpg?resize=640%2C640&amp;ssl=1 640w, https:\/\/i0.wp.com\/jakunaho.sekuvain.fi\/wp-content\/uploads\/2018\/07\/IMG_9463.jpg?resize=864%2C864&amp;ssl=1 864w, https:\/\/i0.wp.com\/jakunaho.sekuvain.fi\/wp-content\/uploads\/2018\/07\/IMG_9463.jpg?resize=50%2C50&amp;ssl=1 50w, https:\/\/i0.wp.com\/jakunaho.sekuvain.fi\/wp-content\/uploads\/2018\/07\/IMG_9463.jpg?w=1512 1512w, https:\/\/i0.wp.com\/jakunaho.sekuvain.fi\/wp-content\/uploads\/2018\/07\/IMG_9463.jpg?w=2268 2268w\" sizes=\"(max-width: 300px) 100vw, 300px\" data-recalc-dims=\"1\" \/> <img data-attachment-id=\"320\" data-permalink=\"https:\/\/jakunaho.sekuvain.fi\/?attachment_id=320\" data-orig-file=\"https:\/\/i2.wp.com\/jakunaho.sekuvain.fi\/wp-content\/uploads\/2018\/07\/fullsizeoutput_5e0.jpeg?fit=3742%2C2635&amp;ssl=1\" data-orig-size=\"3742,2635\" data-comments-opened=\"1\" data-image-meta=\"{&quot;aperture&quot;:&quot;2.2&quot;,&quot;credit&quot;:&quot;&quot;,&quot;camera&quot;:&quot;iPhone SE&quot;,&quot;caption&quot;:&quot;&quot;,&quot;created_timestamp&quot;:&quot;1529067952&quot;,&quot;copyright&quot;:&quot;&quot;,&quot;focal_length&quot;:&quot;4.15&quot;,&quot;iso&quot;:&quot;25&quot;,&quot;shutter_speed&quot;:&quot;0.0071942446043165&quot;,&quot;title&quot;:&quot;&quot;,&quot;orientation&quot;:&quot;1&quot;}\" data-image-title=\"fullsizeoutput_5e0\" data-image-description=\"\" data-medium-file=\"https:\/\/i2.wp.com\/jakunaho.sekuvain.fi\/wp-content\/uploads\/2018\/07\/fullsizeoutput_5e0.jpeg?fit=300%2C211&amp;ssl=1\" data-large-file=\"https:\/\/i2.wp.com\/jakunaho.sekuvain.fi\/wp-content\/uploads\/2018\/07\/fullsizeoutput_5e0.jpeg?fit=756%2C532&amp;ssl=1\" decoding=\"async\" loading=\"lazy\" class=\"alignnone size-medium wp-image-320\" src=\"https:\/\/i2.wp.com\/jakunaho.fi\/wp-content\/uploads\/2018\/07\/fullsizeoutput_5e0-300x211.jpeg?resize=300%2C211\" alt=\"\" width=\"300\" height=\"211\" srcset=\"https:\/\/i2.wp.com\/jakunaho.sekuvain.fi\/wp-content\/uploads\/2018\/07\/fullsizeoutput_5e0.jpeg?resize=300%2C211&amp;ssl=1 300w, https:\/\/i2.wp.com\/jakunaho.sekuvain.fi\/wp-content\/uploads\/2018\/07\/fullsizeoutput_5e0.jpeg?resize=768%2C541&amp;ssl=1 768w, https:\/\/i2.wp.com\/jakunaho.sekuvain.fi\/wp-content\/uploads\/2018\/07\/fullsizeoutput_5e0.jpeg?resize=1024%2C721&amp;ssl=1 1024w, https:\/\/i2.wp.com\/jakunaho.sekuvain.fi\/wp-content\/uploads\/2018\/07\/fullsizeoutput_5e0.jpeg?w=1512 1512w, https:\/\/i2.wp.com\/jakunaho.sekuvain.fi\/wp-content\/uploads\/2018\/07\/fullsizeoutput_5e0.jpeg?w=2268 2268w\" sizes=\"(max-width: 300px) 100vw, 300px\" data-recalc-dims=\"1\" \/> <img data-attachment-id=\"321\" data-permalink=\"https:\/\/jakunaho.sekuvain.fi\/?attachment_id=321\" data-orig-file=\"https:\/\/i2.wp.com\/jakunaho.sekuvain.fi\/wp-content\/uploads\/2018\/07\/IMG_9680.jpg?fit=663%2C663&amp;ssl=1\" data-orig-size=\"663,663\" data-comments-opened=\"1\" data-image-meta=\"{&quot;aperture&quot;:&quot;2.2&quot;,&quot;credit&quot;:&quot;&quot;,&quot;camera&quot;:&quot;iPhone SE&quot;,&quot;caption&quot;:&quot;&quot;,&quot;created_timestamp&quot;:&quot;1529167805&quot;,&quot;copyright&quot;:&quot;&quot;,&quot;focal_length&quot;:&quot;4.15&quot;,&quot;iso&quot;:&quot;25&quot;,&quot;shutter_speed&quot;:&quot;0.0012091898428053&quot;,&quot;title&quot;:&quot;&quot;,&quot;orientation&quot;:&quot;1&quot;}\" data-image-title=\"IMG_9680\" data-image-description=\"\" data-medium-file=\"https:\/\/i2.wp.com\/jakunaho.sekuvain.fi\/wp-content\/uploads\/2018\/07\/IMG_9680.jpg?fit=300%2C300&amp;ssl=1\" data-large-file=\"https:\/\/i2.wp.com\/jakunaho.sekuvain.fi\/wp-content\/uploads\/2018\/07\/IMG_9680.jpg?fit=663%2C663&amp;ssl=1\" decoding=\"async\" loading=\"lazy\" class=\"alignnone size-medium wp-image-321\" src=\"https:\/\/i2.wp.com\/jakunaho.fi\/wp-content\/uploads\/2018\/07\/IMG_9680-300x300.jpg?resize=300%2C300\" alt=\"\" width=\"300\" height=\"300\" srcset=\"https:\/\/i2.wp.com\/jakunaho.sekuvain.fi\/wp-content\/uploads\/2018\/07\/IMG_9680.jpg?resize=300%2C300&amp;ssl=1 300w, https:\/\/i2.wp.com\/jakunaho.sekuvain.fi\/wp-content\/uploads\/2018\/07\/IMG_9680.jpg?resize=150%2C150&amp;ssl=1 150w, https:\/\/i2.wp.com\/jakunaho.sekuvain.fi\/wp-content\/uploads\/2018\/07\/IMG_9680.jpg?resize=533%2C533&amp;ssl=1 533w, https:\/\/i2.wp.com\/jakunaho.sekuvain.fi\/wp-content\/uploads\/2018\/07\/IMG_9680.jpg?resize=640%2C640&amp;ssl=1 640w, https:\/\/i2.wp.com\/jakunaho.sekuvain.fi\/wp-content\/uploads\/2018\/07\/IMG_9680.jpg?resize=50%2C50&amp;ssl=1 50w, https:\/\/i2.wp.com\/jakunaho.sekuvain.fi\/wp-content\/uploads\/2018\/07\/IMG_9680.jpg?w=663&amp;ssl=1 663w\" sizes=\"(max-width: 300px) 100vw, 300px\" data-recalc-dims=\"1\" \/><\/p>\n","protected":false},"excerpt":{"rendered":"<p>Min\u00e4 kyll\u00e4 jotenkin k\u00e4vin t\u00e4\u00e4ll\u00e4 Chilen Santiagossa ensimm\u00e4isin\u00e4 viikkoina k\u00e4sitt\u00e4m\u00e4\u00e4n, miksi ihmiset haluavat rahdata ulkomailta koiria suomalaisten pelastettavaksi. N\u00e4m\u00e4 paikalliset ovat aivan mahtavia kavereita. Rauhallisia. Siihen tulevat viereen istumaan ja katselemaan, muina koirina. Ja auta armias jos saavat hellyytt\u00e4, niin tuhannen kiitollisia ovat. Selj\u00e4lleen kellahtavat &hellip; <a href=\"https:\/\/jakunaho.sekuvain.fi\/?page_id=317\" class=\"more-link\"><span>Continue reading<span class=\"screen-reader-text\">SANTIAGON\u00a0KATUKOIRAT<\/span><\/span><\/a><\/p>\n","protected":false},"author":1,"featured_media":318,"parent":130,"menu_order":0,"comment_status":"closed","ping_status":"closed","template":"","meta":[],"_links":{"self":[{"href":"https:\/\/jakunaho.sekuvain.fi\/index.php?rest_route=\/wp\/v2\/pages\/317"}],"collection":[{"href":"https:\/\/jakunaho.sekuvain.fi\/index.php?rest_route=\/wp\/v2\/pages"}],"about":[{"href":"https:\/\/jakunaho.sekuvain.fi\/index.php?rest_route=\/wp\/v2\/types\/page"}],"author":[{"embeddable":true,"href":"https:\/\/jakunaho.sekuvain.fi\/index.php?rest_route=\/wp\/v2\/users\/1"}],"replies":[{"embeddable":true,"href":"https:\/\/jakunaho.sekuvain.fi\/index.php?rest_route=%2Fwp%2Fv2%2Fcomments&post=317"}],"version-history":[{"count":2,"href":"https:\/\/jakunaho.sekuvain.fi\/index.php?rest_route=\/wp\/v2\/pages\/317\/revisions"}],"predecessor-version":[{"id":323,"href":"https:\/\/jakunaho.sekuvain.fi\/index.php?rest_route=\/wp\/v2\/pages\/317\/revisions\/323"}],"up":[{"embeddable":true,"href":"https:\/\/jakunaho.sekuvain.fi\/index.php?rest_route=\/wp\/v2\/pages\/130"}],"wp:featuredmedia":[{"embeddable":true,"href":"https:\/\/jakunaho.sekuvain.fi\/index.php?rest_route=\/wp\/v2\/media\/318"}],"wp:attachment":[{"href":"https:\/\/jakunaho.sekuvain.fi\/index.php?rest_route=%2Fwp%2Fv2%2Fmedia&parent=317"}],"curies":[{"name":"wp","href":"https:\/\/api.w.org\/{rel}","templated":true}]}}