{"id":278,"date":"2018-01-26T12:52:00","date_gmt":"2018-01-26T12:52:00","guid":{"rendered":"http:\/\/jakunaho.fi\/?page_id=278"},"modified":"2019-03-29T18:27:52","modified_gmt":"2019-03-29T18:27:52","slug":"rinki-ry","status":"publish","type":"page","link":"https:\/\/jakunaho.sekuvain.fi\/?page_id=278","title":{"rendered":"Rinki ry"},"content":{"rendered":"<p>Rinki ry sai lainvoiman ja komean leiman Patentti- ja rekisterihallitukselta 4.1.2018. 26.1.18 julkaistiin <span style=\"color: #ff0000;\"><a style=\"color: #ff0000;\" href=\"http:\/\/www.rinkiry.fi\">kotisivut<\/a><\/span> ja<span style=\"color: #ff0000;\"><a style=\"color: #ff0000;\" href=\"https:\/\/www.facebook.com\/elaimenasialla\/\"> FB-sivu<\/a><\/span> &#8211; n\u00e4inollen j\u00e4senhankinta on alkanut. Yhdistys toivoo runsasta kannattajaj\u00e4senjoukkoa ja yhteisty\u00f6kumppaneita, jotta p\u00e4\u00e4semme hankkimaan tarvittavaa v\u00e4lineist\u00f6\u00e4 ja tekem\u00e4\u00e4n k\u00e4yt\u00e4nn\u00f6n ty\u00f6t\u00e4.<\/p>\n<p>&nbsp;<\/p>\n","protected":false},"excerpt":{"rendered":"<p>Rinki ry sai lainvoiman ja komean leiman Patentti- ja rekisterihallitukselta 4.1.2018. 26.1.18 julkaistiin kotisivut ja FB-sivu &#8211; n\u00e4inollen j\u00e4senhankinta on alkanut. Yhdistys toivoo runsasta kannattajaj\u00e4senjoukkoa ja yhteisty\u00f6kumppaneita, jotta p\u00e4\u00e4semme hankkimaan tarvittavaa v\u00e4lineist\u00f6\u00e4 ja tekem\u00e4\u00e4n k\u00e4yt\u00e4nn\u00f6n ty\u00f6t\u00e4. &nbsp;<\/p>\n","protected":false},"author":1,"featured_media":0,"parent":269,"menu_order":0,"comment_status":"closed","ping_status":"closed","template":"","meta":[],"_links":{"self":[{"href":"https:\/\/jakunaho.sekuvain.fi\/index.php?rest_route=\/wp\/v2\/pages\/278"}],"collection":[{"href":"https:\/\/jakunaho.sekuvain.fi\/index.php?rest_route=\/wp\/v2\/pages"}],"about":[{"href":"https:\/\/jakunaho.sekuvain.fi\/index.php?rest_route=\/wp\/v2\/types\/page"}],"author":[{"embeddable":true,"href":"https:\/\/jakunaho.sekuvain.fi\/index.php?rest_route=\/wp\/v2\/users\/1"}],"replies":[{"embeddable":true,"href":"https:\/\/jakunaho.sekuvain.fi\/index.php?rest_route=%2Fwp%2Fv2%2Fcomments&post=278"}],"version-history":[{"count":3,"href":"https:\/\/jakunaho.sekuvain.fi\/index.php?rest_route=\/wp\/v2\/pages\/278\/revisions"}],"predecessor-version":[{"id":414,"href":"https:\/\/jakunaho.sekuvain.fi\/index.php?rest_route=\/wp\/v2\/pages\/278\/revisions\/414"}],"up":[{"embeddable":true,"href":"https:\/\/jakunaho.sekuvain.fi\/index.php?rest_route=\/wp\/v2\/pages\/269"}],"wp:attachment":[{"href":"https:\/\/jakunaho.sekuvain.fi\/index.php?rest_route=%2Fwp%2Fv2%2Fmedia&parent=278"}],"curies":[{"name":"wp","href":"https:\/\/api.w.org\/{rel}","templated":true}]}}