{"id":269,"date":"2018-01-10T10:57:55","date_gmt":"2018-01-10T10:57:55","guid":{"rendered":"http:\/\/jakunaho.fi\/?page_id=269"},"modified":"2019-03-30T14:35:08","modified_gmt":"2019-03-30T14:35:08","slug":"yhdistys","status":"publish","type":"page","link":"https:\/\/jakunaho.sekuvain.fi\/?page_id=269","title":{"rendered":"YHDISTYS"},"content":{"rendered":"<p>Niin min\u00e4 vannoin, kautta kiven ja kantoin, etten mihink\u00e4\u00e4n ikin\u00e4 ryhdy, yhdistyksiin ja semmoisiin. Vaan ihmisen muistipa ei ole norsun moisen luokkaa ja niin jo yhdess\u00e4 yhdistyksess\u00e4 vierailin. Idean huonoksi totesin &#8211; ja vet\u00e4ydyin.<\/p>\n<p>Tajusin, ett\u00e4 jos haluaa olla yhdistyksess\u00e4, sellainen pit\u00e4\u00e4 perustaa itse. Niinp\u00e4 nyt\u00a0tulin perustaneeksi yhdistyksen, kera kahden opiskelukaverin.<\/p>\n<p>Vuosikaudet olen haaveillut ja kuvitellut vuorenrinteill\u00e4 h\u00e4d\u00e4ss\u00e4 olevia gorillanpoikasia pelastavani, kilpikonnia mereen ohjaavani, ihmisen muoviin pakottamia delfiinej\u00e4 vapauttavani &#8211; ja muuta hyvin hyvin arkip\u00e4iv\u00e4isrealistista, konkreettista auttamisty\u00f6t\u00e4, tekev\u00e4ni. Heinolan lintutarhassa sitten, opiskeluihini liittyen hoidin loukkaantuneita, luonnonvaraisia, lintuja vapautuskuntoon. Lokkeja, kanahaukkoja, punarintoja ja p\u00f6ll\u00f6j\u00e4. Close enough.<\/p>\n<p>Se tuntui hyv\u00e4lt\u00e4. Auttaminen. Jos olisin sairaanhoitaja, olisin luultavasti maailman kriisialueilla. Auttamisen halu n\u00e4k\u00f6j\u00e4\u00e4n vain lis\u00e4\u00e4ntyy i\u00e4n my\u00f6t\u00e4.<\/p>\n<p>Niinp\u00e4, siis, auttamisen nimiss\u00e4 ryhdyin yhdistyksen perustamiseen. Pelottaa, olenhan elokuva-alalta, ja tottunut siihen, ett\u00e4 ty\u00f6t\u00e4 tehd\u00e4\u00e4n kovaa, paljon ja pitki\u00e4 p\u00e4ivi\u00e4. Ilman muuta oletan, ett\u00e4 kaikki ihmiset on viritetty samalle taajuudelle. Vaikka tajuan kyll\u00e4, ettei n\u00e4in ole.<\/p>\n<p>P\u00e4\u00e4tin, ett\u00e4 t\u00e4m\u00e4 yhdistystoiminta on opetukseksi my\u00f6s minulle. Pit\u00e4\u00e4 oppia etenem\u00e4\u00e4n rauhallisesti. Elokuvamaailman organisointioppini aion toimintaan kuitenkin upottaa. Katsotaan kuinka naisen k\u00e4y.<\/p>\n<p>Yhdistyksen teht\u00e4v\u00e4n\u00e4 on el\u00e4inten auttaminen. Yhdistyksest\u00e4 ja sen toiminnasta kerron lis\u00e4\u00e4 t\u00e4m\u00e4n otsikon alla.<\/p>\n<p>Yhdistys l\u00f6ytyy osoitteesta <strong><span style=\"text-decoration: underline;\"><a href=\"http:\/\/www.rinkiry.fi\">www.rinkiry.fi<\/a><\/span><\/strong><\/p>\n","protected":false},"excerpt":{"rendered":"<p>Niin min\u00e4 vannoin, kautta kiven ja kantoin, etten mihink\u00e4\u00e4n ikin\u00e4 ryhdy, yhdistyksiin ja semmoisiin. Vaan ihmisen muistipa ei ole norsun moisen luokkaa ja niin jo yhdess\u00e4 yhdistyksess\u00e4 vierailin. Idean huonoksi totesin &#8211; ja vet\u00e4ydyin. Tajusin, ett\u00e4 jos haluaa olla yhdistyksess\u00e4, sellainen pit\u00e4\u00e4 perustaa itse. Niinp\u00e4 &hellip; <a href=\"https:\/\/jakunaho.sekuvain.fi\/?page_id=269\" class=\"more-link\"><span>Continue reading<span class=\"screen-reader-text\">YHDISTYS<\/span><\/span><\/a><\/p>\n","protected":false},"author":1,"featured_media":0,"parent":0,"menu_order":0,"comment_status":"closed","ping_status":"closed","template":"","meta":[],"_links":{"self":[{"href":"https:\/\/jakunaho.sekuvain.fi\/index.php?rest_route=\/wp\/v2\/pages\/269"}],"collection":[{"href":"https:\/\/jakunaho.sekuvain.fi\/index.php?rest_route=\/wp\/v2\/pages"}],"about":[{"href":"https:\/\/jakunaho.sekuvain.fi\/index.php?rest_route=\/wp\/v2\/types\/page"}],"author":[{"embeddable":true,"href":"https:\/\/jakunaho.sekuvain.fi\/index.php?rest_route=\/wp\/v2\/users\/1"}],"replies":[{"embeddable":true,"href":"https:\/\/jakunaho.sekuvain.fi\/index.php?rest_route=%2Fwp%2Fv2%2Fcomments&post=269"}],"version-history":[{"count":3,"href":"https:\/\/jakunaho.sekuvain.fi\/index.php?rest_route=\/wp\/v2\/pages\/269\/revisions"}],"predecessor-version":[{"id":417,"href":"https:\/\/jakunaho.sekuvain.fi\/index.php?rest_route=\/wp\/v2\/pages\/269\/revisions\/417"}],"wp:attachment":[{"href":"https:\/\/jakunaho.sekuvain.fi\/index.php?rest_route=%2Fwp%2Fv2%2Fmedia&parent=269"}],"curies":[{"name":"wp","href":"https:\/\/api.w.org\/{rel}","templated":true}]}}