{"id":259,"date":"2017-12-21T18:10:35","date_gmt":"2017-12-21T18:10:35","guid":{"rendered":"http:\/\/jakunaho.fi\/?page_id=259"},"modified":"2017-12-21T18:10:35","modified_gmt":"2017-12-21T18:10:35","slug":"kissat-ja-koira","status":"publish","type":"page","link":"https:\/\/jakunaho.sekuvain.fi\/?page_id=259","title":{"rendered":"KISSAT\u00a0JA\u00a0KOIRA"},"content":{"rendered":"<p>Oikein harmitellen seuraan kissain ja hoitokoiran viestint\u00e4yrityksi\u00e4. Menee niin kirkkaasti ohi, h\u00f6s\u00f6n koiran, leikkiinkutsu. Rintansa alas painava koira on uhka, ja oitis kissa kettuuntuu (p\u00f6rr\u00f6tt\u00e4\u00e4 h\u00e4nt\u00e4ns\u00e4 paksuksi) ja k\u00e4y hy\u00f6kk\u00e4ykseen. Vihdoin mielens\u00e4 rohkaissut koira ei voi k\u00e4sitt\u00e4\u00e4, mik\u00e4 on, kun karvapallo tulee kynsi edell\u00e4. Per\u00e4ss\u00e4 kulkeva toinenkin alkaa siis ep\u00e4ilytt\u00e4\u00e4.<\/p>\n<p>Useamman p\u00e4iv\u00e4n rauhanneuvottelut valuvat hukkaan..<\/p>\n<p>J\u00e4nnepaketti pinseri ei takuulla ole kissan paras yst\u00e4v\u00e4, halutessaankaan. Koira singahtelee edestakaisin, eik\u00e4 salakavalasti hiipiv\u00e4 kissa voi k\u00e4sitt\u00e4\u00e4 t\u00e4t\u00e4 itsens\u00e4 paljastavaa tapaa. Panssarikynsien tahdittama ravi kantaa kerrosten p\u00e4\u00e4h\u00e4n.<\/p>\n<p>On se mielenkiintoistakin, seurata t\u00e4t\u00e4 viestien l\u00e4hett\u00e4misen &#8211; ja niiden vastaanottamisen yritysten ja erehdysten sarjaa. T\u00e4st\u00e4 saa oppia ihmisten(kin)v\u00e4liseen.<\/p>\n<p>&nbsp;<\/p>\n","protected":false},"excerpt":{"rendered":"<p>Oikein harmitellen seuraan kissain ja hoitokoiran viestint\u00e4yrityksi\u00e4. Menee niin kirkkaasti ohi, h\u00f6s\u00f6n koiran, leikkiinkutsu. Rintansa alas painava koira on uhka, ja oitis kissa kettuuntuu (p\u00f6rr\u00f6tt\u00e4\u00e4 h\u00e4nt\u00e4ns\u00e4 paksuksi) ja k\u00e4y hy\u00f6kk\u00e4ykseen. Vihdoin mielens\u00e4 rohkaissut koira ei voi k\u00e4sitt\u00e4\u00e4, mik\u00e4 on, kun karvapallo tulee kynsi edell\u00e4. Per\u00e4ss\u00e4 &hellip; <a href=\"https:\/\/jakunaho.sekuvain.fi\/?page_id=259\" class=\"more-link\"><span>Continue reading<span class=\"screen-reader-text\">KISSAT\u00a0JA\u00a0KOIRA<\/span><\/span><\/a><\/p>\n","protected":false},"author":1,"featured_media":0,"parent":174,"menu_order":0,"comment_status":"closed","ping_status":"closed","template":"","meta":[],"_links":{"self":[{"href":"https:\/\/jakunaho.sekuvain.fi\/index.php?rest_route=\/wp\/v2\/pages\/259"}],"collection":[{"href":"https:\/\/jakunaho.sekuvain.fi\/index.php?rest_route=\/wp\/v2\/pages"}],"about":[{"href":"https:\/\/jakunaho.sekuvain.fi\/index.php?rest_route=\/wp\/v2\/types\/page"}],"author":[{"embeddable":true,"href":"https:\/\/jakunaho.sekuvain.fi\/index.php?rest_route=\/wp\/v2\/users\/1"}],"replies":[{"embeddable":true,"href":"https:\/\/jakunaho.sekuvain.fi\/index.php?rest_route=%2Fwp%2Fv2%2Fcomments&post=259"}],"version-history":[{"count":1,"href":"https:\/\/jakunaho.sekuvain.fi\/index.php?rest_route=\/wp\/v2\/pages\/259\/revisions"}],"predecessor-version":[{"id":260,"href":"https:\/\/jakunaho.sekuvain.fi\/index.php?rest_route=\/wp\/v2\/pages\/259\/revisions\/260"}],"up":[{"embeddable":true,"href":"https:\/\/jakunaho.sekuvain.fi\/index.php?rest_route=\/wp\/v2\/pages\/174"}],"wp:attachment":[{"href":"https:\/\/jakunaho.sekuvain.fi\/index.php?rest_route=%2Fwp%2Fv2%2Fmedia&parent=259"}],"curies":[{"name":"wp","href":"https:\/\/api.w.org\/{rel}","templated":true}]}}