{"id":235,"date":"2017-12-10T13:29:43","date_gmt":"2017-12-10T13:29:43","guid":{"rendered":"http:\/\/jakunaho.fi\/?page_id=235"},"modified":"2017-12-10T13:30:05","modified_gmt":"2017-12-10T13:30:05","slug":"alpakat","status":"publish","type":"page","link":"https:\/\/jakunaho.sekuvain.fi\/?page_id=235","title":{"rendered":"ALPAKAT"},"content":{"rendered":"<p><span style=\"color: #000000;\">T\u00f6\u00f6l\u00f6ntori 6.12.2017 viimeist\u00e4\u00e4n teki n\u00e4m\u00e4 Andien lahjat maailmalle my\u00f6s tutuiksi suomalaisille. Laamael\u00e4in joutui v\u00e4ist\u00e4m\u00e4\u00e4n natsia, maahanmuuttajan osa. Mutta viisas v\u00e4ist\u00e4\u00e4. T\u00f6rm\u00e4ilk\u00f6\u00f6n natsit toisiinsa.<\/span><\/p>\n<p><span style=\"color: #000000;\">Min\u00e4 tutustuin alpakkaan alunperin sukkana. Sittemmin tulin tutuksi t\u00e4m\u00e4n pehme\u00e4n villantuottajan kanssa opiskelujeni aikana. Osallistuin koululta suoritettuihin laitosvierailuihin kera pitk\u00e4kaulojen.\u00a0<\/span><\/p>\n<p><span style=\"color: #000000;\">K\u00e4tev\u00e4 vierailuel\u00e4in, siin\u00e4 mieless\u00e4, ett\u00e4 on sis\u00e4siisti. Lis\u00e4ksi alpakalla on pehme\u00e4t anturat, joten pystyy liikkumaan lattiapinnoilla hyvin. Muutoin koin kyll\u00e4 vierailut v\u00e4h\u00e4n stressaaviksi, n\u00e4in alpakantaluttajan toimessa. Alpakka ei tykk\u00e4\u00e4, ett\u00e4 sit\u00e4 kosketaan p\u00e4\u00e4h\u00e4n &#8211; tai perseeseen. Alpakan potku on napakka ja se satuttaa. Tietysti vasasta asti k\u00e4sittelyyn koulitut siet\u00e4v\u00e4t l\u00e4helle tuppaavia ihmishahmoja paremmin kuin villit lajitoverinsa, mutta aina on se mahdollisuus, ett\u00e4 el\u00e4in s\u00e4ik\u00e4ht\u00e4\u00e4 &#8211; ja silloin tietysti reagoi. <\/span><\/p>\n<p><span style=\"color: #000000;\">Kaikkia el\u00e4imi\u00e4 tulee l\u00e4hesty\u00e4 varoen ja rauhallisesti. Aina t\u00e4ytyy el\u00e4imen seurassa olevalta ihmislt\u00e4 varmistaa, mik\u00e4 on sopivaa, el\u00e4imeen kohdistuvaa, k\u00e4ytt\u00e4ytymist\u00e4.\u00a0<\/span><\/p>\n<p><span style=\"color: #000000;\">Mutta silloin kun kyseess\u00e4 on ihminen, joka ei pysty kontrolloimaan liikkeit\u00e4\u00e4n, nostaa alpakan kanssa l\u00e4sn\u00e4oleminen hike\u00e4 pintaan.\u00a0<\/span><\/p>\n<p><span style=\"color: #000000;\">Mik\u00e4 niiss\u00e4 alpakoissa vieh\u00e4tt\u00e4\u00e4? Onhan ne eksoottisia. V\u00e4h\u00e4n niinkuin upgreidattu lammas. Pehme\u00e4 se on, jos sit\u00e4 ohjeistuksen j\u00e4lkeen koskea uskaltaa.\u00a0<\/span><\/p>\n<p><span style=\"color: #000000;\">Olen kuullut, ett\u00e4 puhumattomaksi heitt\u00e4ytynyt mummu alkoi puhua alpakalle. 70-luvun poikayst\u00e4v\u00e4ksi luuli, oletan. N\u00e4ytt\u00e4\u00e4h\u00e4n se purkkaa jauhavalta hipilt\u00e4. Suoraan silmiin toljottaa. N\u00e4ytt\u00e4\u00e4 silt\u00e4, ett\u00e4 kuuntelee (ja jopa ett\u00e4 ymm\u00e4rt\u00e4isi kuulemansa).<\/span><\/p>\n<figure id=\"attachment_231\" aria-describedby=\"caption-attachment-231\" style=\"width: 300px\" class=\"wp-caption alignnone\"><img data-attachment-id=\"231\" data-permalink=\"https:\/\/jakunaho.sekuvain.fi\/?attachment_id=231\" data-orig-file=\"https:\/\/i0.wp.com\/jakunaho.sekuvain.fi\/wp-content\/uploads\/2017\/12\/IMG_0472.jpg?fit=1988%2C1988&amp;ssl=1\" data-orig-size=\"1988,1988\" data-comments-opened=\"1\" data-image-meta=\"{&quot;aperture&quot;:&quot;0&quot;,&quot;credit&quot;:&quot;&quot;,&quot;camera&quot;:&quot;&quot;,&quot;caption&quot;:&quot;&quot;,&quot;created_timestamp&quot;:&quot;0&quot;,&quot;copyright&quot;:&quot;&quot;,&quot;focal_length&quot;:&quot;0&quot;,&quot;iso&quot;:&quot;0&quot;,&quot;shutter_speed&quot;:&quot;0&quot;,&quot;title&quot;:&quot;&quot;,&quot;orientation&quot;:&quot;1&quot;}\" data-image-title=\"IMG_0472\" data-image-description=\"\" data-medium-file=\"https:\/\/i0.wp.com\/jakunaho.sekuvain.fi\/wp-content\/uploads\/2017\/12\/IMG_0472.jpg?fit=300%2C300&amp;ssl=1\" data-large-file=\"https:\/\/i0.wp.com\/jakunaho.sekuvain.fi\/wp-content\/uploads\/2017\/12\/IMG_0472.jpg?fit=756%2C756&amp;ssl=1\" decoding=\"async\" loading=\"lazy\" class=\"size-medium wp-image-231\" src=\"https:\/\/i2.wp.com\/jakunaho.fi\/wp-content\/uploads\/2017\/12\/IMG_0472-300x300.jpg?resize=300%2C300\" alt=\"\" width=\"300\" height=\"300\" srcset=\"https:\/\/i0.wp.com\/jakunaho.sekuvain.fi\/wp-content\/uploads\/2017\/12\/IMG_0472.jpg?resize=300%2C300&amp;ssl=1 300w, https:\/\/i0.wp.com\/jakunaho.sekuvain.fi\/wp-content\/uploads\/2017\/12\/IMG_0472.jpg?resize=150%2C150&amp;ssl=1 150w, https:\/\/i0.wp.com\/jakunaho.sekuvain.fi\/wp-content\/uploads\/2017\/12\/IMG_0472.jpg?resize=768%2C768&amp;ssl=1 768w, https:\/\/i0.wp.com\/jakunaho.sekuvain.fi\/wp-content\/uploads\/2017\/12\/IMG_0472.jpg?resize=1024%2C1024&amp;ssl=1 1024w, https:\/\/i0.wp.com\/jakunaho.sekuvain.fi\/wp-content\/uploads\/2017\/12\/IMG_0472.jpg?resize=533%2C533&amp;ssl=1 533w, https:\/\/i0.wp.com\/jakunaho.sekuvain.fi\/wp-content\/uploads\/2017\/12\/IMG_0472.jpg?resize=640%2C640&amp;ssl=1 640w, https:\/\/i0.wp.com\/jakunaho.sekuvain.fi\/wp-content\/uploads\/2017\/12\/IMG_0472.jpg?resize=864%2C864&amp;ssl=1 864w, https:\/\/i0.wp.com\/jakunaho.sekuvain.fi\/wp-content\/uploads\/2017\/12\/IMG_0472.jpg?resize=50%2C50&amp;ssl=1 50w, https:\/\/i0.wp.com\/jakunaho.sekuvain.fi\/wp-content\/uploads\/2017\/12\/IMG_0472.jpg?w=1988&amp;ssl=1 1988w, https:\/\/i0.wp.com\/jakunaho.sekuvain.fi\/wp-content\/uploads\/2017\/12\/IMG_0472.jpg?w=1512 1512w\" sizes=\"(max-width: 300px) 100vw, 300px\" data-recalc-dims=\"1\" \/><figcaption id=\"caption-attachment-231\" class=\"wp-caption-text\">Autossa, matkalla vierailulle.<\/figcaption><\/figure>\n","protected":false},"excerpt":{"rendered":"<p>T\u00f6\u00f6l\u00f6ntori 6.12.2017 viimeist\u00e4\u00e4n teki n\u00e4m\u00e4 Andien lahjat maailmalle my\u00f6s tutuiksi suomalaisille. Laamael\u00e4in joutui v\u00e4ist\u00e4m\u00e4\u00e4n natsia, maahanmuuttajan osa. Mutta viisas v\u00e4ist\u00e4\u00e4. T\u00f6rm\u00e4ilk\u00f6\u00f6n natsit toisiinsa. Min\u00e4 tutustuin alpakkaan alunperin sukkana. Sittemmin tulin tutuksi t\u00e4m\u00e4n pehme\u00e4n villantuottajan kanssa opiskelujeni aikana. Osallistuin koululta suoritettuihin laitosvierailuihin kera pitk\u00e4kaulojen.\u00a0 K\u00e4tev\u00e4 vierailuel\u00e4in, &hellip; <a href=\"https:\/\/jakunaho.sekuvain.fi\/?page_id=235\" class=\"more-link\"><span>Continue reading<span class=\"screen-reader-text\">ALPAKAT<\/span><\/span><\/a><\/p>\n","protected":false},"author":1,"featured_media":0,"parent":130,"menu_order":0,"comment_status":"closed","ping_status":"closed","template":"","meta":[],"_links":{"self":[{"href":"https:\/\/jakunaho.sekuvain.fi\/index.php?rest_route=\/wp\/v2\/pages\/235"}],"collection":[{"href":"https:\/\/jakunaho.sekuvain.fi\/index.php?rest_route=\/wp\/v2\/pages"}],"about":[{"href":"https:\/\/jakunaho.sekuvain.fi\/index.php?rest_route=\/wp\/v2\/types\/page"}],"author":[{"embeddable":true,"href":"https:\/\/jakunaho.sekuvain.fi\/index.php?rest_route=\/wp\/v2\/users\/1"}],"replies":[{"embeddable":true,"href":"https:\/\/jakunaho.sekuvain.fi\/index.php?rest_route=%2Fwp%2Fv2%2Fcomments&post=235"}],"version-history":[{"count":1,"href":"https:\/\/jakunaho.sekuvain.fi\/index.php?rest_route=\/wp\/v2\/pages\/235\/revisions"}],"predecessor-version":[{"id":236,"href":"https:\/\/jakunaho.sekuvain.fi\/index.php?rest_route=\/wp\/v2\/pages\/235\/revisions\/236"}],"up":[{"embeddable":true,"href":"https:\/\/jakunaho.sekuvain.fi\/index.php?rest_route=\/wp\/v2\/pages\/130"}],"wp:attachment":[{"href":"https:\/\/jakunaho.sekuvain.fi\/index.php?rest_route=%2Fwp%2Fv2%2Fmedia&parent=235"}],"curies":[{"name":"wp","href":"https:\/\/api.w.org\/{rel}","templated":true}]}}