{"id":187,"date":"2017-12-09T19:18:42","date_gmt":"2017-12-09T19:18:42","guid":{"rendered":"http:\/\/jakunaho.fi\/?page_id=187"},"modified":"2017-12-10T12:47:21","modified_gmt":"2017-12-10T12:47:21","slug":"kekkoset","status":"publish","type":"page","link":"https:\/\/jakunaho.sekuvain.fi\/?page_id=187","title":{"rendered":"KEKKOSET"},"content":{"rendered":"<p><span style=\"color: #000000;\">Aivan kuten kerrottu (<span style=\"color: #808000;\"><a style=\"color: #808000;\" href=\"http:\/\/jakunaho.fi\/?page_id=174\">VIGD\u00cdS JA VAIRA<\/a><\/span>), kotiel\u00e4imemme ovat presidenttien mukaan nimetyt. Kekkosesta tuskin tarvitsee linkki\u00e4 laittaa ja sit\u00e4 sen enemp\u00e4\u00e4 selvitt\u00e4\u00e4. Kekkonen.<\/span><\/p>\n<p><span style=\"color: #000000;\">Meid\u00e4n Kekkosemme ovat kanoja, joista yhdest\u00e4 tuli kukko. T\u00e4llaistakin tapahtuu, ett\u00e4 kana rupeaa kukoksi, t\u00e4m\u00e4 meid\u00e4n oli kuitenkin aivan syntym\u00e4kukko, jota kanana pidettiin siihen asti, kun ensimm\u00e4inen kiekaisuntapainen kurkustaan p\u00e4\u00e4si. Se oli aika hellytt\u00e4v\u00e4\u00e4. Ensi huuto kuultiin samalla hetkell\u00e4, kun taloon kannettiin (konkreettisesti) ensimm\u00e4iset karitsat, <span style=\"color: #808000;\"><a style=\"color: #808000;\" href=\"http:\/\/jakunaho.fi\/?page_id=211\">Kersti ja Hilda<\/a><\/span>, joista lis\u00e4\u00e4 toisaalla.<\/span><\/p>\n<p><span style=\"color: #000000;\">Kekkonen, kana joka olikin kukko, sai etunimekseen Urho. Kas.<\/span><\/p>\n<p><span style=\"color: #000000;\">N\u00e4ist\u00e4 ei tied\u00e4, kumpia ovat, ennenkuin ryhtyv\u00e4t munimis- tai kiekumishommiin. Tai tiet\u00e4\u00e4, jos on saanut Taiwanissa siipikarjan sukupuolen m\u00e4\u00e4ritt\u00e4miseen valmistavan parivuotisen koulutuksen. Tipua puristavat, niin ett\u00e4 per\u00e4suoli v\u00e4h\u00e4n ulos pullistuu. Siin\u00e4 olevien nystyr\u00f6iden perusteella pystyt\u00e4\u00e4n kertomaan kumpi on kyseess\u00e4, kana vai kukko. Kyll\u00e4h\u00e4n t\u00e4\u00e4ll\u00e4kin sukupuolta m\u00e4\u00e4ritet\u00e4\u00e4n, k\u00e4sitt\u00e4\u00e4kseni siipisulkia tutkimalla. Se on munintalinjaisille kukkotipuille kohtalon hetki, koska silppuri kutsuu &#8221;hy\u00f6dyt\u00f6nt\u00e4&#8221; tsirputtajaa. Raaka peli. Onneksi on kehitelty tapa tunnistaa, l\u00e4pivalaisemalla, munasta, kumpaa sukupuolta sielt\u00e4 on tuloillaan, eik\u00e4 kukkopoikien tarvitse tehd\u00e4 valtavaa kuoriutumisen ty\u00f6t\u00e4 vain p\u00e4\u00e4ty\u00e4kseen silppuriin.<\/span><\/p>\n<p><span style=\"color: #000000;\">Reviirionneksemme uusista tipuista vain toinen oli poika, ja n\u00e4in ket\u00e4\u00e4n ei tarvinnut siirt\u00e4\u00e4 alueelta. Tosin, t\u00e4h\u00e4n reviiriasiaan on palattava. Tilanne on tarkkailun alla.<\/span><\/p>\n<p><span style=\"color: #000000;\">Kekkosia on kaikkiaan ollut t\u00e4h\u00e4n menness\u00e4 9 kpl, etunimilt\u00e4\u00e4n Ykk\u00f6nen, Kakkonen jne. Kasi on sitten toiselta nimelt\u00e4\u00e4n Urho. Toki muillakin on aina luonteen tahi ulkon\u00e4\u00f6n mukaan ollut lempinimi\u00e4, Riekosta Obamaan.<\/span><\/p>\n<figure id=\"attachment_194\" aria-describedby=\"caption-attachment-194\" style=\"width: 300px\" class=\"wp-caption alignnone\"><img data-attachment-id=\"194\" data-permalink=\"https:\/\/jakunaho.sekuvain.fi\/?attachment_id=194\" data-orig-file=\"https:\/\/i0.wp.com\/jakunaho.sekuvain.fi\/wp-content\/uploads\/2017\/12\/199A198D-905F-4C0E-A437-8ABC01FB9EE1.jpeg?fit=960%2C940&amp;ssl=1\" data-orig-size=\"960,940\" data-comments-opened=\"1\" data-image-meta=\"{&quot;aperture&quot;:&quot;0&quot;,&quot;credit&quot;:&quot;&quot;,&quot;camera&quot;:&quot;&quot;,&quot;caption&quot;:&quot;&quot;,&quot;created_timestamp&quot;:&quot;0&quot;,&quot;copyright&quot;:&quot;&quot;,&quot;focal_length&quot;:&quot;0&quot;,&quot;iso&quot;:&quot;0&quot;,&quot;shutter_speed&quot;:&quot;0&quot;,&quot;title&quot;:&quot;&quot;,&quot;orientation&quot;:&quot;1&quot;}\" data-image-title=\"199A198D-905F-4C0E-A437-8ABC01FB9EE1\" data-image-description=\"\" data-medium-file=\"https:\/\/i0.wp.com\/jakunaho.sekuvain.fi\/wp-content\/uploads\/2017\/12\/199A198D-905F-4C0E-A437-8ABC01FB9EE1.jpeg?fit=300%2C294&amp;ssl=1\" data-large-file=\"https:\/\/i0.wp.com\/jakunaho.sekuvain.fi\/wp-content\/uploads\/2017\/12\/199A198D-905F-4C0E-A437-8ABC01FB9EE1.jpeg?fit=756%2C740&amp;ssl=1\" decoding=\"async\" loading=\"lazy\" class=\"wp-image-194 size-medium\" src=\"https:\/\/i0.wp.com\/jakunaho.fi\/wp-content\/uploads\/2017\/12\/199A198D-905F-4C0E-A437-8ABC01FB9EE1-300x294.jpeg?resize=300%2C294\" alt=\"\" width=\"300\" height=\"294\" srcset=\"https:\/\/i0.wp.com\/jakunaho.sekuvain.fi\/wp-content\/uploads\/2017\/12\/199A198D-905F-4C0E-A437-8ABC01FB9EE1.jpeg?resize=300%2C294&amp;ssl=1 300w, https:\/\/i0.wp.com\/jakunaho.sekuvain.fi\/wp-content\/uploads\/2017\/12\/199A198D-905F-4C0E-A437-8ABC01FB9EE1.jpeg?resize=768%2C752&amp;ssl=1 768w, https:\/\/i0.wp.com\/jakunaho.sekuvain.fi\/wp-content\/uploads\/2017\/12\/199A198D-905F-4C0E-A437-8ABC01FB9EE1.jpeg?resize=50%2C50&amp;ssl=1 50w, https:\/\/i0.wp.com\/jakunaho.sekuvain.fi\/wp-content\/uploads\/2017\/12\/199A198D-905F-4C0E-A437-8ABC01FB9EE1.jpeg?w=960&amp;ssl=1 960w\" sizes=\"(max-width: 300px) 100vw, 300px\" data-recalc-dims=\"1\" \/><figcaption id=\"caption-attachment-194\" class=\"wp-caption-text\"><span style=\"color: #000000;\">Alkuper\u00e4iskekkoset. Rockb\u00e4ndikuvassa.<\/span><\/figcaption><\/figure>\n<p><span style=\"color: #000000;\">Alkuper\u00e4iskekkoset (3 kpl) olivat Hy-Line Brown linjaisia munintakanoja. N\u00e4m\u00e4 ovat siis tehomunijoiksi jalostettuja. Niill\u00e4 on tuotantokanalassa t\u00f6it\u00e4 jotakuinkin tasan vuosi muninnan aloittamisesta. Sen j\u00e4lkeen munien koko kasvaa niin isoksi, ettei se mahdu en\u00e4\u00e4 kennoon. Kana j\u00e4\u00e4 hy\u00f6dytt\u00f6m\u00e4ksi ja jatkaa matkaa koiran- ja kissanruoaksi. Meill\u00e4 oli toiveena l\u00e4hiruoka, siis munat, joten munintakana kuulosti hyv\u00e4lt\u00e4 vaihtoehdolta. Ja, kun sain tiet\u00e4\u00e4, ett\u00e4 otuksen el\u00e4m\u00e4 p\u00e4\u00e4ttyy munan koon kasvuun, halusin pelastaa muutaman koiran suusta. Jo alusta l\u00e4htien oli selv\u00e4\u00e4, ett\u00e4 daamit saavat munia kuinka suuria munia tahansa &#8211; ja vaikka lopettaakin munintansa, se ei meill\u00e4 ole tuomion p\u00e4iv\u00e4. P\u00e4\u00e4tetty oli, ett\u00e4 munintansa lopettanut j\u00e4\u00e4 viett\u00e4m\u00e4\u00e4n el\u00e4kep\u00e4ivi\u00e4. Ik\u00e4v\u00e4 tosiasia vaan on, ett\u00e4 tehomunijaksi jalostettu kana on niin kovilla jatkuvan munantuottamisen vuoksi, ett\u00e4 elimist\u00f6 helposti pett\u00e4\u00e4. Munintakana ei siis pid\u00e4 talvella munintataukoa (joka kanoille luonnollista) vaan tuottaa kalkkikuoripalleron joka p\u00e4iv\u00e4, vuoden ymp\u00e4ri. Se on kova ty\u00f6, tuottaa kovakuorinen paketti kerran p\u00e4iv\u00e4ss\u00e4. Eip\u00e4 alkuper\u00e4iskekkosten ensimm\u00e4iseen vuoteen montaa pidemp\u00e4\u00e4 munintav\u00e4li\u00e4 mahtunut. Niinp\u00e4 meid\u00e4n ensikolmikkokin alkoi, kukin vuorollaan, oirehtia jo alle kolmen vuoden i\u00e4ss\u00e4. Muninta oli harventunut ja kroppa alkoi pett\u00e4\u00e4. Yksi menetettiin munajohtimen tulehdukselle, toinen kuputukokselle ja kolmas laihtui ja riutui ja joutui lopulta muiden syrjim\u00e4ksi ja pahoinpitelem\u00e4ksi.<\/span><\/p>\n<p><span style=\"color: #000000;\">Pahoinpitelij\u00e4t (Nelonen ja Vitonen) saivat l\u00e4ht\u00f6passit samointein. Palautin ne l\u00e4ht\u00f6kanalaansa, jossa olivat kasvaneet kukon alaisuudessa. Oletan, ett\u00e4 se seikka vaikutti p\u00e4\u00e4llek\u00e4yv\u00e4\u00e4n k\u00e4yt\u00f6kseens\u00e4. Eiv\u00e4t tienneet, kuka on johtaja, joten p\u00e4\u00e4ttiv\u00e4t itse ottaa komennon. Arvailen siis.<\/span><\/p>\n<figure id=\"attachment_195\" aria-describedby=\"caption-attachment-195\" style=\"width: 300px\" class=\"wp-caption alignnone\"><img data-attachment-id=\"195\" data-permalink=\"https:\/\/jakunaho.sekuvain.fi\/?attachment_id=195\" data-orig-file=\"https:\/\/i0.wp.com\/jakunaho.sekuvain.fi\/wp-content\/uploads\/2017\/12\/27B9549E-2405-494A-9AB7-AD40B3862625.jpeg?fit=960%2C960&amp;ssl=1\" data-orig-size=\"960,960\" data-comments-opened=\"1\" data-image-meta=\"{&quot;aperture&quot;:&quot;0&quot;,&quot;credit&quot;:&quot;&quot;,&quot;camera&quot;:&quot;&quot;,&quot;caption&quot;:&quot;&quot;,&quot;created_timestamp&quot;:&quot;0&quot;,&quot;copyright&quot;:&quot;&quot;,&quot;focal_length&quot;:&quot;0&quot;,&quot;iso&quot;:&quot;0&quot;,&quot;shutter_speed&quot;:&quot;0&quot;,&quot;title&quot;:&quot;&quot;,&quot;orientation&quot;:&quot;0&quot;}\" data-image-title=\"27B9549E-2405-494A-9AB7-AD40B3862625\" data-image-description=\"\" data-medium-file=\"https:\/\/i0.wp.com\/jakunaho.sekuvain.fi\/wp-content\/uploads\/2017\/12\/27B9549E-2405-494A-9AB7-AD40B3862625.jpeg?fit=300%2C300&amp;ssl=1\" data-large-file=\"https:\/\/i0.wp.com\/jakunaho.sekuvain.fi\/wp-content\/uploads\/2017\/12\/27B9549E-2405-494A-9AB7-AD40B3862625.jpeg?fit=756%2C756&amp;ssl=1\" decoding=\"async\" loading=\"lazy\" class=\"size-medium wp-image-195\" src=\"https:\/\/i0.wp.com\/jakunaho.fi\/wp-content\/uploads\/2017\/12\/27B9549E-2405-494A-9AB7-AD40B3862625-300x300.jpeg?resize=300%2C300\" alt=\"\" width=\"300\" height=\"300\" srcset=\"https:\/\/i0.wp.com\/jakunaho.sekuvain.fi\/wp-content\/uploads\/2017\/12\/27B9549E-2405-494A-9AB7-AD40B3862625.jpeg?resize=300%2C300&amp;ssl=1 300w, https:\/\/i0.wp.com\/jakunaho.sekuvain.fi\/wp-content\/uploads\/2017\/12\/27B9549E-2405-494A-9AB7-AD40B3862625.jpeg?resize=150%2C150&amp;ssl=1 150w, https:\/\/i0.wp.com\/jakunaho.sekuvain.fi\/wp-content\/uploads\/2017\/12\/27B9549E-2405-494A-9AB7-AD40B3862625.jpeg?resize=768%2C768&amp;ssl=1 768w, https:\/\/i0.wp.com\/jakunaho.sekuvain.fi\/wp-content\/uploads\/2017\/12\/27B9549E-2405-494A-9AB7-AD40B3862625.jpeg?resize=533%2C533&amp;ssl=1 533w, https:\/\/i0.wp.com\/jakunaho.sekuvain.fi\/wp-content\/uploads\/2017\/12\/27B9549E-2405-494A-9AB7-AD40B3862625.jpeg?resize=640%2C640&amp;ssl=1 640w, https:\/\/i0.wp.com\/jakunaho.sekuvain.fi\/wp-content\/uploads\/2017\/12\/27B9549E-2405-494A-9AB7-AD40B3862625.jpeg?resize=864%2C864&amp;ssl=1 864w, https:\/\/i0.wp.com\/jakunaho.sekuvain.fi\/wp-content\/uploads\/2017\/12\/27B9549E-2405-494A-9AB7-AD40B3862625.jpeg?resize=50%2C50&amp;ssl=1 50w, https:\/\/i0.wp.com\/jakunaho.sekuvain.fi\/wp-content\/uploads\/2017\/12\/27B9549E-2405-494A-9AB7-AD40B3862625.jpeg?w=960&amp;ssl=1 960w\" sizes=\"(max-width: 300px) 100vw, 300px\" data-recalc-dims=\"1\" \/><figcaption id=\"caption-attachment-195\" class=\"wp-caption-text\"><span style=\"color: #000000;\">Anarkisti (666) ja Agentti (007)Kekkonen.<\/span><\/figcaption><\/figure>\n<p><span style=\"color: #000000;\">Kutonen (Anarkisti) ja Seiska (007) tulivat k\u00e4mmenen kokoisina tipuina ja kasvoivat ensimm\u00e4iset viikkonsa sis\u00e4ll\u00e4, vitriiniss\u00e4. Tiput tuotiin useaan kertaan n\u00e4ytille ja pikkuhiljaa aitaukseen, suojaverkon taakse. Ajattelin, n\u00e4in joukko hyv\u00e4ksyy toisensa ja suojaverkon poisto helppoa. Yll\u00e4tt\u00e4v\u00e4\u00e4 oli, kuinka haastavaa kanalaumaan on tuoda uusia j\u00e4seni\u00e4. Olin el\u00e4nyt siin\u00e4 harhaluulossa, ett\u00e4 aitaukseen voi heitt\u00e4\u00e4 lis\u00e4\u00e4 porukkaan, kunhan tilaa on vaan riitt\u00e4v\u00e4sti. N\u00e4in ei ole, olemme saaneet tuta. Olen istunut tunnin jos toisenkin erotuomaroimassa rajulta n\u00e4ytt\u00e4vi\u00e4 reviiritaisteluita. En my\u00f6sk\u00e4\u00e4n en\u00e4\u00e4 kasvata tipuja erill\u00e4\u00e4n. Sek\u00e4\u00e4n ei pitk\u00e4n p\u00e4\u00e4lle ole osoittautunut hyv\u00e4ksi ratkaisuksi. N\u00e4m\u00e4 erityiskohtelua saaneet n\u00e4ytt\u00e4v\u00e4t olevan aika itseriittoisia &#8211; ja p\u00e4\u00e4llek\u00e4yvi\u00e4, mit\u00e4 muihin kanoihin tulee.<\/span><\/p>\n<p><span style=\"color: #000000;\">Viimeisimm\u00e4t tulokkaat ovat sitten n\u00e4m\u00e4 Kasi (Urho) ja Ysi (Korppi). Kaikki Kekkoset, Kolmosen j\u00e4lkeen, ovat olleet maatiaisia. Sekoituksia maatiaisista.<\/span><\/p>\n<p><span style=\"color: #000000;\">Joko n\u00e4iden, meille tulleiden maatiaissekoitusten, perim\u00e4ss\u00e4 on jotain ongelmaa, tai olen itse toiminut v\u00e4\u00e4rin mutta haastavaa on ollut. Saattaa my\u00f6s johtua pehme\u00e4st\u00e4 alusta, suht sopuisten ja rauhallisten Hy-Line Kekkosten kanssa. Maatiaiset vaikuttavat kiukkuisilta, nopeilta liikkeiss\u00e4\u00e4n ja helposti uuteen tulokkaaseen vihamielisesti suhtautuvilta. Jopa siin\u00e4 m\u00e4\u00e4rin, ett\u00e4 yrittiv\u00e4t viimeisen alkuper\u00e4isist\u00e4ni tappaa. Olen taipumassa takaisin ruskeisiin lyller\u00f6ihin, jotka saattoi huoletta p\u00e4\u00e4st\u00e4\u00e4 pihamaalle tonkimaan ja kylpem\u00e4\u00e4n.<\/span><\/p>\n<p><span style=\"color: #000000;\">Kekkosista tulossa lis\u00e4\u00e4 &#8211; sek\u00e4 teksti\u00e4, ett\u00e4 kuvia.<\/span><\/p>\n<p>&nbsp;<\/p>\n","protected":false},"excerpt":{"rendered":"<p>Aivan kuten kerrottu (VIGD\u00cdS JA VAIRA), kotiel\u00e4imemme ovat presidenttien mukaan nimetyt. Kekkosesta tuskin tarvitsee linkki\u00e4 laittaa ja sit\u00e4 sen enemp\u00e4\u00e4 selvitt\u00e4\u00e4. Kekkonen. Meid\u00e4n Kekkosemme ovat kanoja, joista yhdest\u00e4 tuli kukko. T\u00e4llaistakin tapahtuu, ett\u00e4 kana rupeaa kukoksi, t\u00e4m\u00e4 meid\u00e4n oli kuitenkin aivan syntym\u00e4kukko, jota kanana pidettiin &hellip; <a href=\"https:\/\/jakunaho.sekuvain.fi\/?page_id=187\" class=\"more-link\"><span>Continue reading<span class=\"screen-reader-text\">KEKKOSET<\/span><\/span><\/a><\/p>\n","protected":false},"author":1,"featured_media":0,"parent":130,"menu_order":0,"comment_status":"closed","ping_status":"closed","template":"","meta":[],"_links":{"self":[{"href":"https:\/\/jakunaho.sekuvain.fi\/index.php?rest_route=\/wp\/v2\/pages\/187"}],"collection":[{"href":"https:\/\/jakunaho.sekuvain.fi\/index.php?rest_route=\/wp\/v2\/pages"}],"about":[{"href":"https:\/\/jakunaho.sekuvain.fi\/index.php?rest_route=\/wp\/v2\/types\/page"}],"author":[{"embeddable":true,"href":"https:\/\/jakunaho.sekuvain.fi\/index.php?rest_route=\/wp\/v2\/users\/1"}],"replies":[{"embeddable":true,"href":"https:\/\/jakunaho.sekuvain.fi\/index.php?rest_route=%2Fwp%2Fv2%2Fcomments&post=187"}],"version-history":[{"count":10,"href":"https:\/\/jakunaho.sekuvain.fi\/index.php?rest_route=\/wp\/v2\/pages\/187\/revisions"}],"predecessor-version":[{"id":219,"href":"https:\/\/jakunaho.sekuvain.fi\/index.php?rest_route=\/wp\/v2\/pages\/187\/revisions\/219"}],"up":[{"embeddable":true,"href":"https:\/\/jakunaho.sekuvain.fi\/index.php?rest_route=\/wp\/v2\/pages\/130"}],"wp:attachment":[{"href":"https:\/\/jakunaho.sekuvain.fi\/index.php?rest_route=%2Fwp%2Fv2%2Fmedia&parent=187"}],"curies":[{"name":"wp","href":"https:\/\/api.w.org\/{rel}","templated":true}]}}