{"id":174,"date":"2017-12-08T12:42:05","date_gmt":"2017-12-08T12:42:05","guid":{"rendered":"http:\/\/jakunaho.fi\/?page_id=174"},"modified":"2017-12-10T10:26:05","modified_gmt":"2017-12-10T10:26:05","slug":"vigdis-ja-vaira","status":"publish","type":"page","link":"https:\/\/jakunaho.sekuvain.fi\/?page_id=174","title":{"rendered":"VIGD\u00cdS\u00a0JA\u00a0VAIRA"},"content":{"rendered":"<p><span style=\"color: #000000;\">Meill\u00e4 on kaksi l\u00f6yt\u00f6el\u00e4intalosta noudettua kissaa. <a style=\"color: #000000;\" href=\"https:\/\/www.facebook.com\/kiikoistenloytoelainpalvelu\/?hc_ref=ARSGE9CXvRHeTDuv3qZ2pMfLkA2aBPaoGz-QsI36CNPszucuXOlEXyu5MGN3iBKCOrE\">Kiikoisten l\u00f6yt\u00f6el\u00e4inpalvelun<\/a> kuntoon hoitamat tyt\u00f6t ovat tulleet meille kahden vuoden v\u00e4lein ja alkuk\u00e4hin\u00f6iden j\u00e4lkeen liimautuneet erottamattomaksi pariksi. Tapaukset ovat yin ja yang, toisiinsa kietoutuneena makaavat karvapallot.<\/span><\/p>\n<p><span style=\"color: #000000;\">Jotenkin oli sellainen olo, ett\u00e4 maalaistalossa on kissa oltava. Ja sitten tuli jotenkin sellainen olo, ett\u00e4 kissalla olisi oltava kaveri. N\u00e4in t\u00e4m\u00e4 menee. T\u00e4ll\u00e4 hetkell\u00e4 kyll\u00e4 varmasti tuntuu silt\u00e4, ett\u00e4 kaksi ei kolmatta kaipaa. Silti, vannomatta paras. Mutta nyt n\u00e4in on hyv\u00e4.<\/span><\/p>\n<p><span style=\"color: #000000;\">VIGD\u00cdS<\/span><\/p>\n<p><span style=\"color: #000000;\">Meill\u00e4 on periaatteena, ett\u00e4 el\u00e4imill\u00e4 on presidentilliset nimet.\u00a0Vigd\u00eds on saanut nimens\u00e4 Islannin entisen presidentin mukaan. Eik\u00e4 huonosti nimi valikoitunutkaan. &#8221;<em>Voittaessaan vuoden 1980 vaaleissa h\u00e4n oli ensimm\u00e4inen demokraattisilla vaaleilla valittu naispuolinen valtionp\u00e4\u00e4mies maailmassa<\/em>&#8221;. Lis\u00e4ksi<a style=\"color: #000000;\" href=\"https:\/\/fi.wikipedia.org\/wiki\/Vigd%C3%ADs_Finnbogad\u00f3ttir\"> Finnbogad\u00f3ttir<\/a> oli teatteri-ihmisi\u00e4.<\/span><\/p>\n<p><span style=\"color: #000000;\">Vigd\u00edksemme on hyvin tarkka siit\u00e4, mit\u00e4 sopii ja, varsinkin, mit\u00e4 ei sovi, siihen itseens\u00e4 liittyen, tehd\u00e4. Vigd\u00edst\u00e4 ei ohimennen paijata tuosta vaan. Eik\u00e4 puhettakaan, ett\u00e4 kaverin kynsiin kajottaisiin. Vigd\u00eds ei ole mik\u00e4\u00e4n sylikissa, vaikka pentuaikana silt\u00e4 vaikutti. Tosin &#8211; nyt taas pikkuhiljaa syliin tunkee, ett\u00e4 liek\u00f6 jo lempe\u00e4mpi vanhuusaika koittanut kolmevuotiaalle.<\/span><\/p>\n<p><span style=\"color: #000000;\">Vigd\u00eds on pesueesta, joka l\u00f6ydettiin navetan vintilt\u00e4. Ei kenenk\u00e4\u00e4n omistaman kissan pentu. Se sai viett\u00e4\u00e4 luovutusik\u00e4\u00e4 edelt\u00e4v\u00e4t viikot sisarustensa ja emon seurassa. Meille saapuikin siis hyvin siistiksi opetettu, oman arvonsa tunteva punap\u00e4\u00e4. Hauska kissa se on, buddha. Tuijottaja.<\/span><\/p>\n<p><span style=\"color: #000000;\"><img data-attachment-id=\"175\" data-permalink=\"https:\/\/jakunaho.sekuvain.fi\/?attachment_id=175\" data-orig-file=\"https:\/\/i2.wp.com\/jakunaho.sekuvain.fi\/wp-content\/uploads\/2017\/12\/IMG_7604.jpg?fit=3024%2C3780&amp;ssl=1\" data-orig-size=\"3024,3780\" data-comments-opened=\"1\" data-image-meta=\"{&quot;aperture&quot;:&quot;2.2&quot;,&quot;credit&quot;:&quot;&quot;,&quot;camera&quot;:&quot;iPhone SE&quot;,&quot;caption&quot;:&quot;&quot;,&quot;created_timestamp&quot;:&quot;1509521747&quot;,&quot;copyright&quot;:&quot;&quot;,&quot;focal_length&quot;:&quot;4.15&quot;,&quot;iso&quot;:&quot;2000&quot;,&quot;shutter_speed&quot;:&quot;0.058823529411765&quot;,&quot;title&quot;:&quot;&quot;,&quot;orientation&quot;:&quot;1&quot;}\" data-image-title=\"IMG_7604\" data-image-description=\"\" data-medium-file=\"https:\/\/i2.wp.com\/jakunaho.sekuvain.fi\/wp-content\/uploads\/2017\/12\/IMG_7604.jpg?fit=240%2C300&amp;ssl=1\" data-large-file=\"https:\/\/i2.wp.com\/jakunaho.sekuvain.fi\/wp-content\/uploads\/2017\/12\/IMG_7604.jpg?fit=756%2C945&amp;ssl=1\" decoding=\"async\" loading=\"lazy\" class=\"alignnone size-medium wp-image-175\" src=\"https:\/\/i2.wp.com\/jakunaho.fi\/wp-content\/uploads\/2017\/12\/IMG_7604-240x300.jpg?resize=240%2C300\" alt=\"\" width=\"240\" height=\"300\" srcset=\"https:\/\/i2.wp.com\/jakunaho.sekuvain.fi\/wp-content\/uploads\/2017\/12\/IMG_7604.jpg?resize=240%2C300&amp;ssl=1 240w, https:\/\/i2.wp.com\/jakunaho.sekuvain.fi\/wp-content\/uploads\/2017\/12\/IMG_7604.jpg?resize=768%2C960&amp;ssl=1 768w, https:\/\/i2.wp.com\/jakunaho.sekuvain.fi\/wp-content\/uploads\/2017\/12\/IMG_7604.jpg?resize=819%2C1024&amp;ssl=1 819w, https:\/\/i2.wp.com\/jakunaho.sekuvain.fi\/wp-content\/uploads\/2017\/12\/IMG_7604.jpg?w=1512 1512w, https:\/\/i2.wp.com\/jakunaho.sekuvain.fi\/wp-content\/uploads\/2017\/12\/IMG_7604.jpg?w=2268 2268w\" sizes=\"(max-width: 240px) 100vw, 240px\" data-recalc-dims=\"1\" \/><\/span><\/p>\n<p>&nbsp;<\/p>\n<p><span style=\"color: #000000;\">VAIRA<\/span><\/p>\n<p><span style=\"color: #000000;\">Vaira on nimetty Latvian entisen presidentin, <a style=\"color: #000000;\" href=\"https:\/\/fi.wikipedia.org\/wiki\/Vaira_V\u012b\u0137e-Freiberga\">Vaira V\u012b\u0137e-Freibergan<\/a> mukaan.<\/span><\/p>\n<p><span style=\"color: #000000;\">Vaira on l\u00f6ydetty ojarummusta, jalkansa loukanneena ja korvat t\u00e4ynn\u00e4 punkkeja. Pentu taisi olla noin kuuden viikon ik\u00e4inen, ja ilmeisesti auton moottoritilaan kiivenneen\u00e4 joutunut tien p\u00e4\u00e4lle. Luultavasti pudotessaan jalkansa loukannut. Kiikoisten l\u00f6yt\u00f6el\u00e4inpalvelun toimesta kissa k\u00e4ytettiin l\u00e4\u00e4k\u00e4rill\u00e4 ja hoidettiin kuntoon. Vaira tuijotti, siit\u00e4 julkaistusta kuvasta, suoraan syd\u00e4meeni. Tiesin, ett\u00e4 siin\u00e4 on Vigd\u00edsille kaveri.<\/span><\/p>\n<p><span style=\"color: #000000;\">Taloon tultuaan Vaira tuijotti tiens\u00e4 my\u00f6s Vigd\u00edsin syd\u00e4meen. Vaikka Vigd\u00eds pari-kolme p\u00e4iv\u00e4\u00e4 yritti s\u00e4hist\u00e4 ja murista tulokkaan nurkkaan, Vaira ei hievahtanutkaan. P\u00e4\u00e4t\u00e4 pikkuisen tilttasi, ettei kynsi sivaltanut. Siin\u00e4 istui kuin patsas, ja katsoi Vigd\u00edst\u00e4 suoraan silmiin. Paikka lunastui ja mustanhohtava kilpikonnatytt\u00f6 sai j\u00e4\u00e4d\u00e4 taloon. Ja onneksi niin. Vaira on todellakin Vigd\u00edsin toinen puolikas. Vairaa saa, ja pit\u00e4\u00e4, leipoa mennen tullen. Tyyppi makaa sel\u00e4ll\u00e4\u00e4n, keskell\u00e4 lattiaa, ja olettaa ett\u00e4 saapuja silitt\u00e4\u00e4, eik\u00e4 k\u00e4vele p\u00e4\u00e4lle. Joka aamu Vaira on vastassa. Kissa puhuu koko aika. Ja tietysti pikkutyt\u00f6n k\u00e4he\u00e4ll\u00e4 viskibassolla. Vaira on hauska. M\u00e4\u00e4kij\u00e4, joka ajattelee laatikon ulkopuolella.<\/span><\/p>\n<p><span style=\"color: #000000;\"><img data-attachment-id=\"177\" data-permalink=\"https:\/\/jakunaho.sekuvain.fi\/?attachment_id=177\" data-orig-file=\"https:\/\/i2.wp.com\/jakunaho.sekuvain.fi\/wp-content\/uploads\/2017\/12\/IMG_0419.jpg?fit=2048%2C2048&amp;ssl=1\" data-orig-size=\"2048,2048\" data-comments-opened=\"1\" data-image-meta=\"{&quot;aperture&quot;:&quot;0&quot;,&quot;credit&quot;:&quot;&quot;,&quot;camera&quot;:&quot;&quot;,&quot;caption&quot;:&quot;&quot;,&quot;created_timestamp&quot;:&quot;0&quot;,&quot;copyright&quot;:&quot;&quot;,&quot;focal_length&quot;:&quot;0&quot;,&quot;iso&quot;:&quot;0&quot;,&quot;shutter_speed&quot;:&quot;0&quot;,&quot;title&quot;:&quot;&quot;,&quot;orientation&quot;:&quot;1&quot;}\" data-image-title=\"IMG_0419\" data-image-description=\"\" data-medium-file=\"https:\/\/i2.wp.com\/jakunaho.sekuvain.fi\/wp-content\/uploads\/2017\/12\/IMG_0419.jpg?fit=300%2C300&amp;ssl=1\" data-large-file=\"https:\/\/i2.wp.com\/jakunaho.sekuvain.fi\/wp-content\/uploads\/2017\/12\/IMG_0419.jpg?fit=756%2C756&amp;ssl=1\" decoding=\"async\" loading=\"lazy\" class=\"alignnone size-medium wp-image-177\" src=\"https:\/\/i0.wp.com\/jakunaho.fi\/wp-content\/uploads\/2017\/12\/IMG_0419-300x300.jpg?resize=300%2C300\" alt=\"\" width=\"300\" height=\"300\" srcset=\"https:\/\/i2.wp.com\/jakunaho.sekuvain.fi\/wp-content\/uploads\/2017\/12\/IMG_0419.jpg?resize=300%2C300&amp;ssl=1 300w, https:\/\/i2.wp.com\/jakunaho.sekuvain.fi\/wp-content\/uploads\/2017\/12\/IMG_0419.jpg?resize=150%2C150&amp;ssl=1 150w, https:\/\/i2.wp.com\/jakunaho.sekuvain.fi\/wp-content\/uploads\/2017\/12\/IMG_0419.jpg?resize=768%2C768&amp;ssl=1 768w, https:\/\/i2.wp.com\/jakunaho.sekuvain.fi\/wp-content\/uploads\/2017\/12\/IMG_0419.jpg?resize=1024%2C1024&amp;ssl=1 1024w, https:\/\/i2.wp.com\/jakunaho.sekuvain.fi\/wp-content\/uploads\/2017\/12\/IMG_0419.jpg?resize=533%2C533&amp;ssl=1 533w, https:\/\/i2.wp.com\/jakunaho.sekuvain.fi\/wp-content\/uploads\/2017\/12\/IMG_0419.jpg?resize=640%2C640&amp;ssl=1 640w, https:\/\/i2.wp.com\/jakunaho.sekuvain.fi\/wp-content\/uploads\/2017\/12\/IMG_0419.jpg?resize=864%2C864&amp;ssl=1 864w, https:\/\/i2.wp.com\/jakunaho.sekuvain.fi\/wp-content\/uploads\/2017\/12\/IMG_0419.jpg?resize=50%2C50&amp;ssl=1 50w, https:\/\/i2.wp.com\/jakunaho.sekuvain.fi\/wp-content\/uploads\/2017\/12\/IMG_0419.jpg?w=2048&amp;ssl=1 2048w, https:\/\/i2.wp.com\/jakunaho.sekuvain.fi\/wp-content\/uploads\/2017\/12\/IMG_0419.jpg?w=1512 1512w\" sizes=\"(max-width: 300px) 100vw, 300px\" data-recalc-dims=\"1\" \/><\/span><\/p>\n<p><span style=\"color: #000000;\">Fiksun oloisia katteja molemmat. Jonkun hylk\u00e4\u00e4m\u00e4t.<\/span><\/p>\n<p><span style=\"color: #000000;\">Kissasta haaveileville suosittelen tutustumaan <a style=\"color: #000000;\" href=\"https:\/\/www.kissaliitto.fi\/kasvatus\/rekisterointi\/kissan-omistajan-opas\">kissan mukanaan tuomiin vaatimuksiin,<\/a>\u00a0sek\u00e4 ottamaan kissan l\u00f6yt\u00f6el\u00e4inkodin kautta. Siell\u00e4 on monta kodintarvitsijaa. Kissoja hyl\u00e4t\u00e4\u00e4n joka vuosi noin 20 000 kappaletta. Kissa ei v\u00e4ltt\u00e4m\u00e4tt\u00e4 selvi\u00e4 luonnossa talven yli.<\/span><\/p>\n","protected":false},"excerpt":{"rendered":"<p>Meill\u00e4 on kaksi l\u00f6yt\u00f6el\u00e4intalosta noudettua kissaa. Kiikoisten l\u00f6yt\u00f6el\u00e4inpalvelun kuntoon hoitamat tyt\u00f6t ovat tulleet meille kahden vuoden v\u00e4lein ja alkuk\u00e4hin\u00f6iden j\u00e4lkeen liimautuneet erottamattomaksi pariksi. Tapaukset ovat yin ja yang, toisiinsa kietoutuneena makaavat karvapallot. Jotenkin oli sellainen olo, ett\u00e4 maalaistalossa on kissa oltava. Ja sitten tuli jotenkin &hellip; <a href=\"https:\/\/jakunaho.sekuvain.fi\/?page_id=174\" class=\"more-link\"><span>Continue reading<span class=\"screen-reader-text\">VIGD\u00cdS\u00a0JA\u00a0VAIRA<\/span><\/span><\/a><\/p>\n","protected":false},"author":1,"featured_media":0,"parent":130,"menu_order":0,"comment_status":"closed","ping_status":"closed","template":"","meta":[],"_links":{"self":[{"href":"https:\/\/jakunaho.sekuvain.fi\/index.php?rest_route=\/wp\/v2\/pages\/174"}],"collection":[{"href":"https:\/\/jakunaho.sekuvain.fi\/index.php?rest_route=\/wp\/v2\/pages"}],"about":[{"href":"https:\/\/jakunaho.sekuvain.fi\/index.php?rest_route=\/wp\/v2\/types\/page"}],"author":[{"embeddable":true,"href":"https:\/\/jakunaho.sekuvain.fi\/index.php?rest_route=\/wp\/v2\/users\/1"}],"replies":[{"embeddable":true,"href":"https:\/\/jakunaho.sekuvain.fi\/index.php?rest_route=%2Fwp%2Fv2%2Fcomments&post=174"}],"version-history":[{"count":6,"href":"https:\/\/jakunaho.sekuvain.fi\/index.php?rest_route=\/wp\/v2\/pages\/174\/revisions"}],"predecessor-version":[{"id":200,"href":"https:\/\/jakunaho.sekuvain.fi\/index.php?rest_route=\/wp\/v2\/pages\/174\/revisions\/200"}],"up":[{"embeddable":true,"href":"https:\/\/jakunaho.sekuvain.fi\/index.php?rest_route=\/wp\/v2\/pages\/130"}],"wp:attachment":[{"href":"https:\/\/jakunaho.sekuvain.fi\/index.php?rest_route=%2Fwp%2Fv2%2Fmedia&parent=174"}],"curies":[{"name":"wp","href":"https:\/\/api.w.org\/{rel}","templated":true}]}}