{"id":154,"date":"2017-12-05T19:09:22","date_gmt":"2017-12-05T19:09:22","guid":{"rendered":"http:\/\/jakunaho.fi\/?page_id=154"},"modified":"2019-08-05T18:30:57","modified_gmt":"2019-08-05T18:30:57","slug":"remontti","status":"publish","type":"page","link":"https:\/\/jakunaho.sekuvain.fi\/?page_id=154","title":{"rendered":"REMONTTI"},"content":{"rendered":"<p><span style=\"color: #000000;\">Min\u00e4 tarvitsen remonttia, henkist\u00e4 ja fyysist\u00e4. Ja sitten sit\u00e4 oikeaa. Sein\u00e4n kaatamista ja uuden pystytt\u00e4mist\u00e4. Ostin talon n. 4 vuotta sitten ja sen sein\u00e4t on nyt kaadettu. Loput on kantavia, ja niin vakavassa tilassa en (viel\u00e4) ole.<\/span><\/p>\n<p><span style=\"color: #000000;\">Tuumailen ja kuvailen remonttiani t\u00e4h\u00e4n osioon, jahka remontoinnilta ehdin. Teen siis (l\u00e4hes) kaiken itse. Ei tule sisustuslehtien valkeaa tupaa, eik\u00e4 vatupassissa olevaa listoitusta. Tulee sellaista, milt\u00e4 milloinkin tuntuu. Koti on leikki.<\/span><\/p>\n<p><img data-attachment-id=\"155\" data-permalink=\"https:\/\/jakunaho.sekuvain.fi\/?attachment_id=155\" data-orig-file=\"https:\/\/i1.wp.com\/jakunaho.sekuvain.fi\/wp-content\/uploads\/2017\/12\/IMG_0287.jpg?fit=1080%2C1349&amp;ssl=1\" data-orig-size=\"1080,1349\" data-comments-opened=\"1\" data-image-meta=\"{&quot;aperture&quot;:&quot;0&quot;,&quot;credit&quot;:&quot;&quot;,&quot;camera&quot;:&quot;&quot;,&quot;caption&quot;:&quot;&quot;,&quot;created_timestamp&quot;:&quot;0&quot;,&quot;copyright&quot;:&quot;&quot;,&quot;focal_length&quot;:&quot;0&quot;,&quot;iso&quot;:&quot;0&quot;,&quot;shutter_speed&quot;:&quot;0&quot;,&quot;title&quot;:&quot;&quot;,&quot;orientation&quot;:&quot;1&quot;}\" data-image-title=\"IMG_0287\" data-image-description=\"\" data-medium-file=\"https:\/\/i1.wp.com\/jakunaho.sekuvain.fi\/wp-content\/uploads\/2017\/12\/IMG_0287.jpg?fit=240%2C300&amp;ssl=1\" data-large-file=\"https:\/\/i1.wp.com\/jakunaho.sekuvain.fi\/wp-content\/uploads\/2017\/12\/IMG_0287.jpg?fit=756%2C944&amp;ssl=1\" decoding=\"async\" loading=\"lazy\" class=\"alignnone size-medium wp-image-155\" src=\"https:\/\/i2.wp.com\/jakunaho.fi\/wp-content\/uploads\/2017\/12\/IMG_0287-240x300.jpg?resize=240%2C300\" alt=\"\" width=\"240\" height=\"300\" srcset=\"https:\/\/i1.wp.com\/jakunaho.sekuvain.fi\/wp-content\/uploads\/2017\/12\/IMG_0287.jpg?resize=240%2C300&amp;ssl=1 240w, https:\/\/i1.wp.com\/jakunaho.sekuvain.fi\/wp-content\/uploads\/2017\/12\/IMG_0287.jpg?resize=768%2C959&amp;ssl=1 768w, https:\/\/i1.wp.com\/jakunaho.sekuvain.fi\/wp-content\/uploads\/2017\/12\/IMG_0287.jpg?resize=820%2C1024&amp;ssl=1 820w, https:\/\/i1.wp.com\/jakunaho.sekuvain.fi\/wp-content\/uploads\/2017\/12\/IMG_0287.jpg?w=1080&amp;ssl=1 1080w\" sizes=\"(max-width: 240px) 100vw, 240px\" data-recalc-dims=\"1\" \/><\/p>\n","protected":false},"excerpt":{"rendered":"<p>Min\u00e4 tarvitsen remonttia, henkist\u00e4 ja fyysist\u00e4. Ja sitten sit\u00e4 oikeaa. Sein\u00e4n kaatamista ja uuden pystytt\u00e4mist\u00e4. Ostin talon n. 4 vuotta sitten ja sen sein\u00e4t on nyt kaadettu. Loput on kantavia, ja niin vakavassa tilassa en (viel\u00e4) ole. Tuumailen ja kuvailen remonttiani t\u00e4h\u00e4n osioon, jahka remontoinnilta &hellip; <a href=\"https:\/\/jakunaho.sekuvain.fi\/?page_id=154\" class=\"more-link\"><span>Continue reading<span class=\"screen-reader-text\">REMONTTI<\/span><\/span><\/a><\/p>\n","protected":false},"author":1,"featured_media":0,"parent":0,"menu_order":0,"comment_status":"closed","ping_status":"closed","template":"","meta":[],"_links":{"self":[{"href":"https:\/\/jakunaho.sekuvain.fi\/index.php?rest_route=\/wp\/v2\/pages\/154"}],"collection":[{"href":"https:\/\/jakunaho.sekuvain.fi\/index.php?rest_route=\/wp\/v2\/pages"}],"about":[{"href":"https:\/\/jakunaho.sekuvain.fi\/index.php?rest_route=\/wp\/v2\/types\/page"}],"author":[{"embeddable":true,"href":"https:\/\/jakunaho.sekuvain.fi\/index.php?rest_route=\/wp\/v2\/users\/1"}],"replies":[{"embeddable":true,"href":"https:\/\/jakunaho.sekuvain.fi\/index.php?rest_route=%2Fwp%2Fv2%2Fcomments&post=154"}],"version-history":[{"count":3,"href":"https:\/\/jakunaho.sekuvain.fi\/index.php?rest_route=\/wp\/v2\/pages\/154\/revisions"}],"predecessor-version":[{"id":435,"href":"https:\/\/jakunaho.sekuvain.fi\/index.php?rest_route=\/wp\/v2\/pages\/154\/revisions\/435"}],"wp:attachment":[{"href":"https:\/\/jakunaho.sekuvain.fi\/index.php?rest_route=%2Fwp%2Fv2%2Fmedia&parent=154"}],"curies":[{"name":"wp","href":"https:\/\/api.w.org\/{rel}","templated":true}]}}