{"id":152,"date":"2017-12-04T13:13:04","date_gmt":"2017-12-04T13:13:04","guid":{"rendered":"http:\/\/jakunaho.fi\/?page_id=152"},"modified":"2017-12-10T10:27:08","modified_gmt":"2017-12-10T10:27:08","slug":"kierratys","status":"publish","type":"page","link":"https:\/\/jakunaho.sekuvain.fi\/?page_id=152","title":{"rendered":"KIERR\u00c4TYS"},"content":{"rendered":"<p><span style=\"color: #000000;\">Minulla on pakkomielle. Mit\u00e4\u00e4n ei saa heitt\u00e4\u00e4 roskiin, tutkimatta, voiko sen jatkok\u00e4ytt\u00e4\u00e4. Hetkitt\u00e4in ahdistun kaikesta s\u00e4\u00e4st\u00e4m\u00e4st\u00e4ni, mutta on tullut niit\u00e4kin hetki\u00e4, ett\u00e4 olen pist\u00e4nyt mieheni lausumaan kanssani yhteen \u00e4\u00e4neen: kyll\u00e4 kannatti s\u00e4ilytt\u00e4\u00e4.<\/span><\/p>\n<p><span style=\"color: #000000;\">Ei meill\u00e4 hukuta tavaroihin. Eik\u00e4 s\u00e4\u00e4st\u00e4miseni ole miehelleni ongelma, h\u00e4n vaan on (ollut) sit\u00e4 mielt\u00e4, ettei roskahko tavara kenellek\u00e4\u00e4n en\u00e4\u00e4 kelpaa (kes\u00e4iset kirpparointikierroksemme) tahi sill\u00e4 ole en\u00e4\u00e4 mitenk\u00e4\u00e4n mit\u00e4\u00e4n k\u00e4ytt\u00f6\u00e4. Niin vain on omista nurkista l\u00f6ytynyt milloin mik\u00e4kin lukonkieleke, koska olen sen s\u00e4\u00e4st\u00e4nyt.<\/span><\/p>\n<p><span style=\"color: #000000;\">Tuntuu pahalta heitt\u00e4\u00e4 k\u00e4ytt\u00f6kelpoista tavaraa roskiin. Olen vaatteita pakannut viet\u00e4v\u00e4ksi milloin vastaanottokeskukseen, milloin Virolaiseen laitokseen tai lastensuojelun asiakkaille. Kotona uutta teht\u00e4v\u00e4\u00e4 suorittavat lukuisat roskikselta pelastetut tavarat.<\/span><\/p>\n<p><span style=\"color: #000000;\">Uuden k\u00e4ytt\u00f6tarkoituksen keksiminen on intohimoni.<\/span><\/p>\n<p><span style=\"color: #000000;\">Tulen esittelem\u00e4\u00e4n t\u00e4ss\u00e4 osiossa kierr\u00e4tt\u00e4mi\u00e4ni.<\/span><\/p>\n","protected":false},"excerpt":{"rendered":"<p>Minulla on pakkomielle. Mit\u00e4\u00e4n ei saa heitt\u00e4\u00e4 roskiin, tutkimatta, voiko sen jatkok\u00e4ytt\u00e4\u00e4. Hetkitt\u00e4in ahdistun kaikesta s\u00e4\u00e4st\u00e4m\u00e4st\u00e4ni, mutta on tullut niit\u00e4kin hetki\u00e4, ett\u00e4 olen pist\u00e4nyt mieheni lausumaan kanssani yhteen \u00e4\u00e4neen: kyll\u00e4 kannatti s\u00e4ilytt\u00e4\u00e4. Ei meill\u00e4 hukuta tavaroihin. Eik\u00e4 s\u00e4\u00e4st\u00e4miseni ole miehelleni ongelma, h\u00e4n vaan on (ollut) &hellip; <a href=\"https:\/\/jakunaho.sekuvain.fi\/?page_id=152\" class=\"more-link\"><span>Continue reading<span class=\"screen-reader-text\">KIERR\u00c4TYS<\/span><\/span><\/a><\/p>\n","protected":false},"author":1,"featured_media":0,"parent":0,"menu_order":0,"comment_status":"closed","ping_status":"closed","template":"","meta":[],"_links":{"self":[{"href":"https:\/\/jakunaho.sekuvain.fi\/index.php?rest_route=\/wp\/v2\/pages\/152"}],"collection":[{"href":"https:\/\/jakunaho.sekuvain.fi\/index.php?rest_route=\/wp\/v2\/pages"}],"about":[{"href":"https:\/\/jakunaho.sekuvain.fi\/index.php?rest_route=\/wp\/v2\/types\/page"}],"author":[{"embeddable":true,"href":"https:\/\/jakunaho.sekuvain.fi\/index.php?rest_route=\/wp\/v2\/users\/1"}],"replies":[{"embeddable":true,"href":"https:\/\/jakunaho.sekuvain.fi\/index.php?rest_route=%2Fwp%2Fv2%2Fcomments&post=152"}],"version-history":[{"count":2,"href":"https:\/\/jakunaho.sekuvain.fi\/index.php?rest_route=\/wp\/v2\/pages\/152\/revisions"}],"predecessor-version":[{"id":202,"href":"https:\/\/jakunaho.sekuvain.fi\/index.php?rest_route=\/wp\/v2\/pages\/152\/revisions\/202"}],"wp:attachment":[{"href":"https:\/\/jakunaho.sekuvain.fi\/index.php?rest_route=%2Fwp%2Fv2%2Fmedia&parent=152"}],"curies":[{"name":"wp","href":"https:\/\/api.w.org\/{rel}","templated":true}]}}