{"id":130,"date":"2017-12-03T12:12:41","date_gmt":"2017-12-03T12:12:41","guid":{"rendered":"http:\/\/jakunaho.fi\/?page_id=130"},"modified":"2017-12-10T10:24:18","modified_gmt":"2017-12-10T10:24:18","slug":"elaimet","status":"publish","type":"page","link":"https:\/\/jakunaho.sekuvain.fi\/?page_id=130","title":{"rendered":"EL\u00c4IMET"},"content":{"rendered":"<p><span style=\"color: #333333;\">ovat minulle, paitsi kotoinen el\u00e4m\u00e4nosa, my\u00f6s puolittain ty\u00f6ni. Valmistuin marraskuussa 2017 el\u00e4intenhoitajaksi. Suoritin siis maatalouden perustutkinnon, el\u00e4intenhoitajan osaamisalan. Puoliv\u00e4liss\u00e4 opiskeluja valitsin suuntautumisvaihtoehdoksi tuotantoel\u00e4imet. Ne, jos jotkut, ansaitsevat aivan ensiluokkaista hoitoa. Ja, ajattelin, ett\u00e4 jos vain voin jotenkin olla varmistamassa, ett\u00e4 n\u00e4in tapahtuu, niin sanottakoon sit\u00e4 sitten vaikka kutsumukseksi, mit\u00e4 ihmisten hyv\u00e4ksi t\u00e4\u00e4ll\u00e4 el\u00e4viin olentoihin tulee. Lis\u00e4ksi arvelin, ett\u00e4 pienel\u00e4imille hoitajia valmistuu suhteellisesti enemm\u00e4n.<\/span><\/p>\n<p><span style=\"color: #333333;\">No, en min\u00e4 sitten kuitenkaan n\u00e4e itse\u00e4ni lomittajana kiireest\u00e4 kantap\u00e4\u00e4h\u00e4n. Halusin aiheeseen viel\u00e4 jonkun aspektin. Ik\u00e4k\u00f6 lie, maailmantuska lis\u00e4\u00e4ntyy, enemm\u00e4n ja enemm\u00e4n tulee halu tehd\u00e4 hyv\u00e4\u00e4. Auttaa pulassa olevaa. Tehd\u00e4 jonkun olo tai tilanne paremmaksi. Tieto lis\u00e4\u00e4 tuskaa, joten sit\u00e4 kun tuli i\u00e4n rinnalle, oli keitos valmis. Sitten vain piti k\u00e4yd\u00e4 pohtimaan, mihin kuppiin soppaa kaatamaan.<\/span><\/p>\n<p><span style=\"color: #333333;\">Tieto tuotantotilan hoidosta ja vaatimuksista, siit\u00e4 loputtomasta ty\u00f6m\u00e4\u00e4r\u00e4st\u00e4, jota ei voi hetkeksik\u00e4\u00e4n j\u00e4tt\u00e4\u00e4 lev\u00e4t\u00e4kseen, her\u00e4tti pohtimaan, miten tilalliset jaksavat. Arvelin, ett\u00e4 mahtaa olla paljon lopen uupunutta karjankasvattajaa, el\u00e4m\u00e4ntilanteen sekoittamaa el\u00e4intenpit\u00e4j\u00e4\u00e4 ja \u00e4killisesti sairastunutta siankasvattajaa. Mit\u00e4 tahansa voi tapahtua, mit\u00e4 tahansa, joka vie jalat alta, k\u00e4sist\u00e4 voimat, p\u00e4\u00e4st\u00e4 puhdin &#8211; mutta el\u00e4imet pit\u00e4isi hoitaa. Jos se j\u00e4\u00e4 v\u00e4liin kerran, ongelma on varma. Sonta kasaantuu kovaa vauhtia, hein\u00e4t\u00f6n p\u00f6tsi ei toimi, kantturalta on nopeasti niinik\u00e4\u00e4n jalat alta. Aavistelin, ett\u00e4 on niit\u00e4, jotka tarvitsevat, vaikka vain hetkellisesti apua, mutta sit\u00e4 ei ole saatavilla. Eik\u00e4 taloudelliset resurssit riit\u00e4 apua ostamaan. Apua ei ehk\u00e4 my\u00f6sk\u00e4\u00e4n helposti huudella. Pit\u00e4\u00e4 p\u00e4rj\u00e4t\u00e4. Pit\u00e4\u00e4 n\u00e4ytt\u00e4\u00e4, ett\u00e4 p\u00e4rj\u00e4\u00e4.<\/span><\/p>\n<p><span style=\"color: #333333;\">Ei pid\u00e4.<\/span><\/p>\n<p><span style=\"color: #333333;\">Ajattelin, ett\u00e4 t\u00e4llaiseen huutoon olisi kiva vastata. Vied\u00e4 konkreettista apua vaikeassa tilanteessa olevalle. Auttaa pahimman yli. Se tuntui olevan minun el\u00e4inasiani.<\/span><\/p>\n<p><span style=\"color: #333333;\">Asiaa on nyt selvitetty, toimeen ryhdytty ja asiaan tarttuva yhdistys perustettu. Ja, kunhan Patentti- ja Rekisterihallitus leimansa lappuun ly\u00f6, alkaa varsinainen ty\u00f6. Apua l\u00e4htee el\u00e4intenpit\u00e4jille, lemmikki- ja tuotantosellaisten. Yhdistys rient\u00e4\u00e4 auttamaan el\u00e4int\u00e4 &#8211; ja tulee n\u00e4in auttaneeksi el\u00e4imen omistajaa.<\/span><\/p>\n<p><span style=\"color: #333333;\">Yhdistyksest\u00e4 lis\u00e4\u00e4, jahka vihre\u00e4 valo syttyy.<\/span><\/p>\n<p><span style=\"color: #333333;\">Kotona ty\u00f6llist\u00e4v\u00e4t kaksi kissaa, kaksi kanaa, kukko. kaksi karitsaa ja pikkuinen farmi jauhopukkeja.<\/span><\/p>\n<figure id=\"attachment_48\" aria-describedby=\"caption-attachment-48\" style=\"width: 300px\" class=\"wp-caption alignnone\"><img data-attachment-id=\"48\" data-permalink=\"https:\/\/jakunaho.sekuvain.fi\/?attachment_id=48\" data-orig-file=\"https:\/\/i1.wp.com\/jakunaho.sekuvain.fi\/wp-content\/uploads\/2017\/11\/IMG_6823.jpg?fit=1280%2C960&amp;ssl=1\" data-orig-size=\"1280,960\" data-comments-opened=\"1\" data-image-meta=\"{&quot;aperture&quot;:&quot;2.4&quot;,&quot;credit&quot;:&quot;&quot;,&quot;camera&quot;:&quot;iPhone SE&quot;,&quot;caption&quot;:&quot;&quot;,&quot;created_timestamp&quot;:&quot;1502912726&quot;,&quot;copyright&quot;:&quot;&quot;,&quot;focal_length&quot;:&quot;2.15&quot;,&quot;iso&quot;:&quot;400&quot;,&quot;shutter_speed&quot;:&quot;0.03030303030303&quot;,&quot;title&quot;:&quot;&quot;,&quot;orientation&quot;:&quot;1&quot;}\" data-image-title=\"IMG_6823\" data-image-description=\"\" data-medium-file=\"https:\/\/i1.wp.com\/jakunaho.sekuvain.fi\/wp-content\/uploads\/2017\/11\/IMG_6823.jpg?fit=300%2C225&amp;ssl=1\" data-large-file=\"https:\/\/i1.wp.com\/jakunaho.sekuvain.fi\/wp-content\/uploads\/2017\/11\/IMG_6823.jpg?fit=756%2C567&amp;ssl=1\" decoding=\"async\" loading=\"lazy\" class=\"size-medium wp-image-48\" src=\"https:\/\/i0.wp.com\/jakunaho.fi\/wp-content\/uploads\/2017\/11\/IMG_6823-300x225.jpg?resize=300%2C225\" alt=\"\" width=\"300\" height=\"225\" srcset=\"https:\/\/i1.wp.com\/jakunaho.sekuvain.fi\/wp-content\/uploads\/2017\/11\/IMG_6823.jpg?resize=300%2C225&amp;ssl=1 300w, https:\/\/i1.wp.com\/jakunaho.sekuvain.fi\/wp-content\/uploads\/2017\/11\/IMG_6823.jpg?resize=768%2C576&amp;ssl=1 768w, https:\/\/i1.wp.com\/jakunaho.sekuvain.fi\/wp-content\/uploads\/2017\/11\/IMG_6823.jpg?resize=1024%2C768&amp;ssl=1 1024w, https:\/\/i1.wp.com\/jakunaho.sekuvain.fi\/wp-content\/uploads\/2017\/11\/IMG_6823.jpg?w=1280&amp;ssl=1 1280w\" sizes=\"(max-width: 300px) 100vw, 300px\" data-recalc-dims=\"1\" \/><figcaption id=\"caption-attachment-48\" class=\"wp-caption-text\">HILDA ja KERSTI<\/figcaption><\/figure>\n","protected":false},"excerpt":{"rendered":"<p>ovat minulle, paitsi kotoinen el\u00e4m\u00e4nosa, my\u00f6s puolittain ty\u00f6ni. Valmistuin marraskuussa 2017 el\u00e4intenhoitajaksi. Suoritin siis maatalouden perustutkinnon, el\u00e4intenhoitajan osaamisalan. Puoliv\u00e4liss\u00e4 opiskeluja valitsin suuntautumisvaihtoehdoksi tuotantoel\u00e4imet. Ne, jos jotkut, ansaitsevat aivan ensiluokkaista hoitoa. Ja, ajattelin, ett\u00e4 jos vain voin jotenkin olla varmistamassa, ett\u00e4 n\u00e4in tapahtuu, niin sanottakoon sit\u00e4 &hellip; <a href=\"https:\/\/jakunaho.sekuvain.fi\/?page_id=130\" class=\"more-link\"><span>Continue reading<span class=\"screen-reader-text\">EL\u00c4IMET<\/span><\/span><\/a><\/p>\n","protected":false},"author":1,"featured_media":0,"parent":0,"menu_order":0,"comment_status":"closed","ping_status":"closed","template":"","meta":[],"_links":{"self":[{"href":"https:\/\/jakunaho.sekuvain.fi\/index.php?rest_route=\/wp\/v2\/pages\/130"}],"collection":[{"href":"https:\/\/jakunaho.sekuvain.fi\/index.php?rest_route=\/wp\/v2\/pages"}],"about":[{"href":"https:\/\/jakunaho.sekuvain.fi\/index.php?rest_route=\/wp\/v2\/types\/page"}],"author":[{"embeddable":true,"href":"https:\/\/jakunaho.sekuvain.fi\/index.php?rest_route=\/wp\/v2\/users\/1"}],"replies":[{"embeddable":true,"href":"https:\/\/jakunaho.sekuvain.fi\/index.php?rest_route=%2Fwp%2Fv2%2Fcomments&post=130"}],"version-history":[{"count":2,"href":"https:\/\/jakunaho.sekuvain.fi\/index.php?rest_route=\/wp\/v2\/pages\/130\/revisions"}],"predecessor-version":[{"id":198,"href":"https:\/\/jakunaho.sekuvain.fi\/index.php?rest_route=\/wp\/v2\/pages\/130\/revisions\/198"}],"wp:attachment":[{"href":"https:\/\/jakunaho.sekuvain.fi\/index.php?rest_route=%2Fwp%2Fv2%2Fmedia&parent=130"}],"curies":[{"name":"wp","href":"https:\/\/api.w.org\/{rel}","templated":true}]}}